{"id":6004,"date":"2012-12-12T12:12:12","date_gmt":"2012-12-12T14:12:12","guid":{"rendered":"http:\/\/seowp-dev\/dslc_templates\/6004\/"},"modified":"2025-08-20T16:49:02","modified_gmt":"2025-08-20T19:49:02","slug":"producao-de-conteudo","status":"publish","type":"page","link":"https:\/\/coregroup.com.br\/pt-br\/servicos-conteudo\/producao-de-conteudo\/","title":{"rendered":"Produ\u00e7\u00e3o de Conte\u00fado"},"content":{"rendered":"<div id=\"dslc-theme-content\"><div id=\"dslc-theme-content-inner\"><div id=\"dslc-main\">\n<div  class=\"dslc-modules-section  dslc-full  dslc-hide-on-desktop\" style=\"padding-bottom:0px;padding-top:0px;\" data-section-id=\"f15b1185eac\">\n<div class=\"dslc-modules-section-wrapper dslc-clearfix\">\n<style type=\"text\/css\" id=\"dslca-modules-area-\"><\/style>\n<div  class=\"dslc-modules-area dslc-col dslc-12-col dslc-last-col dslc-valign-\" data-size=\"12\" data-valign=\"\" data-modules-area-id=\"\" >\n<div id=\"dslc-module-16acc6d8414\" class=\"dslc-module-front dslc-module-DSLC_Image dslc-in-viewport-check dslc-in-viewport-anim-none  dslc-col dslc-12-col dslc-last-col dslc-hide-on-desktop  dslc-module-handle-like-regular\" data-module-id=\"16acc6d8414\" data-module=\"DSLC_Image\" data-dslc-module-size=\"12\" data-dslc-anim=\"none\" data-dslc-anim-delay=\"\" data-dslc-anim-duration=\"650\"  data-dslc-anim-easing=\"ease\" data-dslc-preset=\"none\" >\n<div class=\"dslc-image-container\">\n<div class=\"dslc-image\">\n<p>\t\t\t\t\t\t\t\t\t<img decoding=\"async\" src=\"https:\/\/coregroup.com.br\/pt-br\/wp-content\/uploads\/2019\/10\/imagem-home.png\" alt=\"\" title=\"\" srcset=\"https:\/\/coregroup.com.br\/pt-br\/wp-content\/uploads\/2019\/10\/imagem-home.png 2005w,  https:\/\/coregroup.com.br\/pt-br\/wp-content\/uploads\/2019\/10\/imagem-home-300x75.png 300w,  https:\/\/coregroup.com.br\/pt-br\/wp-content\/uploads\/2019\/10\/imagem-home-768x192.png 768w,  https:\/\/coregroup.com.br\/pt-br\/wp-content\/uploads\/2019\/10\/imagem-home-1024x255.png 1024w\" sizes=\"(max-width: 2005px) 100vw, 2005px\" \/><\/p><\/div>\n<p><!-- .dslc-image -->\n\t\t<\/div>\n<\/p><\/div>\n<p><!-- .dslc-module -->\n\t\t<\/div>\n<\/div>\n<\/div>\n<div  class=\"dslc-modules-section  dslc-hide-on-tablet  dslc-hide-on-phone\" style=\"padding-bottom:180px;padding-top:180px;background-image:url(https:\/\/coregroup.com.br\/pt-br\/wp-content\/uploads\/2019\/10\/imagem-home.png);background-position:center center;\" data-section-id=\"56e5a41ebe9\">\n<div class=\"dslc-modules-section-wrapper dslc-clearfix\"><\/div>\n<\/div>\n<div  class=\"dslc-modules-section\" style=\"padding-bottom:0px;padding-top:0px;border-color:rgb(238, 238, 238);border-width:1px;border-top-style: hidden; border-right-style: hidden; border-left-style: hidden; \" data-section-id=\"92e26caed86\">\n<div class=\"dslc-modules-section-wrapper dslc-clearfix\">\n<style type=\"text\/css\" id=\"dslca-modules-area-\"><\/style>\n<div  class=\"dslc-modules-area dslc-col dslc-12-col dslc-last-col dslc-valign-\" data-size=\"12\" data-valign=\"\" data-modules-area-id=\"\" >\n<div id=\"dslc-module-15663\" class=\"dslc-module-front dslc-module-DSLC_Separator dslc-in-viewport-check dslc-in-viewport-anim-none  dslc-col dslc-12-col dslc-last-col  dslc-module-handle-like-regular\" data-module-id=\"15663\" data-module=\"DSLC_Separator\" data-dslc-module-size=\"12\" data-dslc-anim=\"none\" data-dslc-anim-delay=\"0\" data-dslc-anim-duration=\"650\"  data-dslc-anim-easing=\"ease\" data-dslc-preset=\"none\" >\n<div class=\"dslc-separator-wrapper\">\n<div class=\"dslc-separator dslc-separator-style-invisible\">\n\t\t\t\t\t\t\t\t\t<\/div>\n<div><\/div>\n<\/p><\/div>\n<p><!-- .dslc-separator-wrapper --><\/p><\/div>\n<p><!-- .dslc-module -->\n\t\t<\/div>\n<style type=\"text\/css\" id=\"dslca-modules-area-\"><\/style>\n<div  class=\"dslc-modules-area dslc-col dslc-5-col dslc-first-col dslc-valign-\" data-size=\"5\" data-valign=\"\" data-modules-area-id=\"\" >\n<div id=\"dslc-module-728aafa1b27\" class=\"dslc-module-front dslc-module-DSLC_Image dslc-in-viewport-check dslc-in-viewport-anim-none  dslc-col dslc-12-col dslc-last-col  dslc-module-handle-like-regular\" data-module-id=\"728aafa1b27\" data-module=\"DSLC_Image\" data-dslc-module-size=\"12\" data-dslc-anim=\"none\" data-dslc-anim-delay=\"\" data-dslc-anim-duration=\"650\"  data-dslc-anim-easing=\"ease\" data-dslc-preset=\"none\" >\n<div class=\"dslc-image-container\">\n<div class=\"dslc-image\">\n<p>\t\t\t\t\t\t\t\t\t<img decoding=\"async\" src=\"https:\/\/coregroup.com.br\/pt-br\/wp-content\/uploads\/2019\/10\/Producao-de-conteudo.jpg\" alt=\"\" title=\"\" srcset=\"https:\/\/coregroup.com.br\/pt-br\/wp-content\/uploads\/2019\/10\/Producao-de-conteudo.jpg 2048w,  https:\/\/coregroup.com.br\/pt-br\/wp-content\/uploads\/2019\/10\/Producao-de-conteudo-300x200.jpg 300w,  https:\/\/coregroup.com.br\/pt-br\/wp-content\/uploads\/2019\/10\/Producao-de-conteudo-768x512.jpg 768w,  https:\/\/coregroup.com.br\/pt-br\/wp-content\/uploads\/2019\/10\/Producao-de-conteudo-1024x683.jpg 1024w\" sizes=\"(max-width: 2048px) 100vw, 2048px\" \/><\/p><\/div>\n<p><!-- .dslc-image -->\n\t\t<\/div>\n<\/p><\/div>\n<p><!-- .dslc-module -->\n\t\t<\/div>\n<style type=\"text\/css\" id=\"dslca-modules-area-\"><\/style>\n<div  class=\"dslc-modules-area dslc-col dslc-7-col dslc-last-col dslc-valign-\" data-size=\"7\" data-valign=\"\" data-modules-area-id=\"\" >\n<div id=\"dslc-module-7bb59fa1e6d\" class=\"dslc-module-front dslc-module-DSLC_Text_Simple dslc-in-viewport-check dslc-in-viewport-anim-none  dslc-col dslc-12-col dslc-last-col  dslc-module-handle-like-regular\" data-module-id=\"7bb59fa1e6d\" data-module=\"DSLC_Text_Simple\" data-dslc-module-size=\"12\" data-dslc-anim=\"none\" data-dslc-anim-delay=\"\" data-dslc-anim-duration=\"650\"  data-dslc-anim-easing=\"ease\" data-dslc-preset=\"none\" >\n<div class=\"dslc-text-module-content\">\n<h1 style=\"text-align: left;\"><strong>Produ\u00e7\u00e3o de Conte\u00fado Estrat\u00e9gico<\/strong><\/h1>\n<div id=\"gtx-trans\" style=\"position: absolute; left: 134px; top: 64.8375px;\">\n<div class=\"gtx-trans-icon\">\u00a0<\/div>\n<\/div><\/div>\n<\/p><\/div>\n<p><!-- .dslc-module --><\/p>\n<div id=\"dslc-module-155\" class=\"dslc-module-front dslc-module-DSLC_Text_Simple dslc-in-viewport-check dslc-in-viewport-anim-none  dslc-col dslc-12-col dslc-last-col  dslc-module-handle-like-regular\" data-module-id=\"155\" data-module=\"DSLC_Text_Simple\" data-dslc-module-size=\"12\" data-dslc-anim=\"none\" data-dslc-anim-delay=\"\" data-dslc-anim-duration=\"650\"  data-dslc-anim-easing=\"ease\" data-dslc-preset=\"none\" >\n<div class=\"dslc-text-module-content\">\n<p>Na Core Group, entendemos que sem <strong data-start=\"1510\" data-end=\"1535\">marketing de conte\u00fado<\/strong> de alta qualidade, nenhuma estrat\u00e9gia de comunica\u00e7\u00e3o atinge seu potencial. Criamos <strong data-start=\"1619\" data-end=\"1630\">artigos<\/strong>, <strong data-start=\"1632\" data-end=\"1643\">e-books<\/strong> e outros materiais \u00fateis, relevantes e atraentes, alinhados ao seu p\u00fablico-alvo e objetivos empresariais<\/p>\n<p>Sem cria\u00e7\u00e3o de conte\u00fado de alta qualidade, qualquer estrat\u00e9gia de marketing e comunica\u00e7\u00e3o perde o potencial de atingir as metas tra\u00e7adas. \u00c9 necess\u00e1rio investir em artigos, e-books e outros materiais de alt\u00edssima qualidade: precisam ser \u00fateis, relevantes e atraentes, direcionados a diferentes p\u00fablicos-alvo. Temos uma equipe de profissionais \u00e0 disposi\u00e7\u00e3o para ajudar voc\u00ea e a sua empresa.<\/p>\n<\/p><\/div>\n<\/p><\/div>\n<p><!-- .dslc-module --><\/p>\n<div id=\"dslc-module-abde0e7e2a4\" class=\"dslc-module-front dslc-module-DSLC_Accordion dslc-in-viewport-check dslc-in-viewport-anim-none  dslc-col dslc-12-col dslc-last-col  dslc-module-handle-like-accordion\" data-module-id=\"abde0e7e2a4\" data-module=\"DSLC_Accordion\" data-dslc-module-size=\"12\" data-dslc-anim=\"none\" data-dslc-anim-delay=\"0\" data-dslc-anim-duration=\"650\"  data-dslc-anim-easing=\"ease\" data-dslc-preset=\"none\" >\n<div class=\"dslc-accordion\" data-open=\"0\">\n<div class=\"dslc-accordion-item\" id=\"accordion-0\">\n<div class=\"dslc-accordion-header dslc-accordion-hook\">\n\t\t\t\t\t\t\t\t\t<span class=\"dslc-accordion-title\" >Por que investir em conte\u00fado de alta qualidade <\/span><\/p>\n<div class=\"dslca-accordion-action-hooks\">\n\t\t\t\t\t\t\t\t\t\t\t<span class=\"dslca-toggle-accordion-hook\"><span class=\"dslca-icon dslc-icon-minus\"><\/span><\/span>\n\t\t\t\t\t\t\t\t\t\t<\/div>\n<\/p><\/div>\n<div class=\"dslc-accordion-content\">\n<div class=\"dslca-editable-content\">\n<p data-start=\"1814\" data-end=\"1958\">Conte\u00fado bem produzido ajuda a educar seu mercado, fortalecer a marca e gerar valor real.<\/p>\n<\/p><\/div>\n<\/p><\/div>\n<p><!-- .dslc-accordion-content --><\/p><\/div>\n<p><!-- .dslc-accordion-item --><\/p>\n<div class=\"dslc-accordion-item\" id=\"accordion-1\">\n<div class=\"dslc-accordion-header dslc-accordion-hook\">\n\t\t\t\t\t\t\t\t\t<span class=\"dslc-accordion-title\" > Tipos de conte\u00fado que desenvolvemos <\/span><\/p>\n<div class=\"dslca-accordion-action-hooks\">\n\t\t\t\t\t\t\t\t\t\t\t<span class=\"dslca-toggle-accordion-hook\"><span class=\"dslca-icon dslc-icon-minus\"><\/span><\/span>\n\t\t\t\t\t\t\t\t\t\t<\/div>\n<\/p><\/div>\n<div class=\"dslc-accordion-content\">\n<div class=\"dslca-editable-content\">\n<ul>\n<li data-start=\"2006\" data-end=\"2027\">\n<p data-start=\"2008\" data-end=\"2027\">Artigos para blog<\/p>\n<\/li>\n<li data-start=\"2030\" data-end=\"2056\">\n<p data-start=\"2032\" data-end=\"2056\">E-books especializados<\/p>\n<\/li>\n<li data-start=\"2059\" data-end=\"2102\">\n<p data-start=\"2061\" data-end=\"2102\">Conte\u00fado para redes sociais e newsletters<\/p>\n<\/li>\n<\/ul><\/div>\n<\/p><\/div>\n<p><!-- .dslc-accordion-content --><\/p><\/div>\n<p><!-- .dslc-accordion-item --><\/p>\n<div class=\"dslc-accordion-item\" id=\"accordion-2\">\n<div class=\"dslc-accordion-header dslc-accordion-hook\">\n\t\t\t\t\t\t\t\t\t<span class=\"dslc-accordion-title\" > Como funciona a nossa produ\u00e7\u00e3o de conte\u00fado<\/span><\/p>\n<div class=\"dslca-accordion-action-hooks\">\n\t\t\t\t\t\t\t\t\t\t\t<span class=\"dslca-toggle-accordion-hook\"><span class=\"dslca-icon dslc-icon-minus\"><\/span><\/span>\n\t\t\t\t\t\t\t\t\t\t<\/div>\n<\/p><\/div>\n<div class=\"dslc-accordion-content\">\n<div class=\"dslca-editable-content\">\n<p data-start=\"2106\" data-end=\"2277\">Processo personalizado com briefing, pesquisa, reda\u00e7\u00e3o profissional e entrega modular, alinhado \u00e0s metas da sua empresa.<\/p>\n<\/p><\/div>\n<\/p><\/div>\n<p><!-- .dslc-accordion-content --><\/p><\/div>\n<p><!-- .dslc-accordion-item --><\/p><\/div>\n<p><!-- .dslc-accordion --><\/p><\/div>\n<p><!-- .dslc-module -->\n\t\t<\/div>\n<style type=\"text\/css\" id=\"dslca-modules-area-\"><\/style>\n<div  class=\"dslc-modules-area dslc-col dslc-12-col dslc-last-col dslc-valign-\" data-size=\"12\" data-valign=\"\" data-modules-area-id=\"\" >\n<div id=\"dslc-module-15666\" class=\"dslc-module-front dslc-module-DSLC_Separator dslc-in-viewport-check dslc-in-viewport-anim-none  dslc-col dslc-12-col dslc-last-col  dslc-module-handle-like-regular\" data-module-id=\"15666\" data-module=\"DSLC_Separator\" data-dslc-module-size=\"12\" data-dslc-anim=\"none\" data-dslc-anim-delay=\"0\" data-dslc-anim-duration=\"650\"  data-dslc-anim-easing=\"ease\" data-dslc-preset=\"none\" >\n<div class=\"dslc-separator-wrapper\">\n<div class=\"dslc-separator dslc-separator-style-invisible\">\n\t\t\t\t\t\t\t\t\t<\/div>\n<div><\/div>\n<\/p><\/div>\n<p><!-- .dslc-separator-wrapper --><\/p><\/div>\n<p><!-- .dslc-module -->\n\t\t<\/div>\n<\/div>\n<\/div>\n<div id=\"email-subscription\" class=\"dslc-modules-section\" style=\"padding-bottom:158px;padding-top:158px;background-color:#334a73;background-image:url(https:\/\/coregroup.com.br\/pt-br\/wp-content\/uploads\/2020\/01\/newsletter.jpg);background-position:center center;background-attachment:fixed;\" data-section-id=\"a27455dfb33\">\n<div class=\"dslc-modules-section-wrapper dslc-clearfix\">\n<style type=\"text\/css\" id=\"dslca-modules-area-\"><\/style>\n<div  class=\"dslc-modules-area dslc-col dslc-12-col dslc-last-col dslc-valign-\" data-size=\"12\" data-valign=\"\" data-modules-area-id=\"\" >\n<div id=\"dslc-module-1369e55583e\" class=\"dslc-module-front dslc-module-DSLC_Info_Box dslc-in-viewport-check dslc-in-viewport-anim-none  dslc-col dslc-12-col dslc-last-col  dslc-module-handle-like-regular\" data-module-id=\"1369e55583e\" data-module=\"DSLC_Info_Box\" data-dslc-module-size=\"12\" data-dslc-anim=\"none\" data-dslc-anim-delay=\"\" data-dslc-anim-duration=\"650\"  data-dslc-anim-easing=\"ease\" data-dslc-preset=\"none\" >\n<div class=\"dslc-info-box dslc-info-box-icon-pos-above dslc-info-box-image-pos-above\">\n<div class=\"dslc-info-box-wrapper\">\n<div class=\"dslc-info-box-main-wrap dslc-clearfix\">\n<div class=\"dslc-info-box-image\">\n<div class=\"dslc-info-box-image-inner\">\n\t\t\t\t\t\t\t\t\t\t\t\t\t\t\t\t\t\t\t<span class=\"dslc-icon dslc-icon-ext-linegraph\"><\/span>\n\t\t\t\t\t\t\t\t\t\t\t\t\t\t\t\t\t\t\t\t\t\t\t\t\t\t<\/div>\n<p><!-- .dslc-info-box-image-inner -->\n\t\t\t\t\t\t\t<\/div>\n<p><!-- .dslc-info-box-image --><\/p>\n<div class=\"dslc-info-box-main\">\n<div class=\"dslc-info-box-title\">\n<h4 >Quer potencializar o marketing da sua empresa?<\/h4>\n<\/p><\/div>\n<p><!-- .dslc-info-box-title --><\/p><\/div>\n<p><!-- .dslc-info-box-main --><\/p><\/div>\n<p><!-- .dslc-info-box-main-wrap --><\/p><\/div>\n<p><!-- .dslc-info-box-wrapper --><\/p><\/div>\n<p><!-- .dslc-info-box --><\/p><\/div>\n<p><!-- .dslc-module -->\n\t\t<\/div>\n<style type=\"text\/css\" id=\"dslca-modules-area-\"><\/style>\n<div  class=\"dslc-modules-area dslc-col dslc-12-col dslc-last-col dslc-valign-\" data-size=\"12\" data-valign=\"\" data-modules-area-id=\"\" >\n<div id=\"dslc-module-7e94cac14cf\" class=\"dslc-module-front dslc-module-DSLC_Button dslc-in-viewport-check dslc-in-viewport-anim-none  dslc-col dslc-12-col dslc-last-col  dslc-module-handle-like-regular\" data-module-id=\"7e94cac14cf\" data-module=\"DSLC_Button\" data-dslc-module-size=\"12\" data-dslc-anim=\"none\" data-dslc-anim-delay=\"\" data-dslc-anim-duration=\"650\"  data-dslc-anim-easing=\"ease\" data-dslc-preset=\"none\" >\n<div class=\"dslc-button\">\n\t\t\t\t\t\t\t\t\t<a href=\"\/pt-br\/agende-sua-visita-ou-reuniao\/\" target=\"_self\"  onClick=\"\" class=\"\"><br \/>\n\t\t\t\t\t\t\t\t\t\t\t\t\t\t\t\t\t\t\t\t\t<span class=\"dslc-icon dslc-icon-ext-location2\"><\/span><br \/>\n\t\t\t\t\t\t\t\t\t\t\t\t\t\t\t\t\t\t\t\t\t\t\t\t\t\t<span>solicite uma proposta<\/span><br \/>\n\t\t\t\t\t\t\t\t\t\t\t\t\t\t\t\t\t<\/a>\n\t\t\t\t\t\t\t<\/div>\n<p><!-- .dslc-button --><\/p><\/div>\n<p><!-- .dslc-module -->\n\t\t<\/div>\n<\/div>\n<\/div>\n<\/div>\n<\/div><\/div>","protected":false},"excerpt":{"rendered":"<p>Produ\u00e7\u00e3o de Conte\u00fado Estrat\u00e9gico \u00a0 Na Core Group, entendemos que sem marketing de conte\u00fado de alta qualidade, nenhuma estrat\u00e9gia de comunica\u00e7\u00e3o atinge seu potencial. Criamos artigos, e-books e outros materiais \u00fateis, relevantes e atraentes, alinhados ao seu p\u00fablico-alvo e objetivos empresariais Sem cria\u00e7\u00e3o de conte\u00fado de alta qualidade, qualquer estrat\u00e9gia de marketing e comunica\u00e7\u00e3o perde [&hellip;]<\/p>","protected":false},"author":3,"featured_media":0,"parent":20094,"menu_order":0,"comment_status":"closed","ping_status":"closed","template":"","meta":{"footnotes":"","_joinchat":[]},"_links":{"self":[{"href":"https:\/\/coregroup.com.br\/pt-br\/wp-json\/wp\/v2\/pages\/6004"}],"collection":[{"href":"https:\/\/coregroup.com.br\/pt-br\/wp-json\/wp\/v2\/pages"}],"about":[{"href":"https:\/\/coregroup.com.br\/pt-br\/wp-json\/wp\/v2\/types\/page"}],"author":[{"embeddable":true,"href":"https:\/\/coregroup.com.br\/pt-br\/wp-json\/wp\/v2\/users\/3"}],"replies":[{"embeddable":true,"href":"https:\/\/coregroup.com.br\/pt-br\/wp-json\/wp\/v2\/comments?post=6004"}],"version-history":[{"count":0,"href":"https:\/\/coregroup.com.br\/pt-br\/wp-json\/wp\/v2\/pages\/6004\/revisions"}],"up":[{"embeddable":true,"href":"https:\/\/coregroup.com.br\/pt-br\/wp-json\/wp\/v2\/pages\/20094"}],"wp:attachment":[{"href":"https:\/\/coregroup.com.br\/pt-br\/wp-json\/wp\/v2\/media?parent=6004"}],"curies":[{"name":"wp","href":"https:\/\/api.w.org\/{rel}","templated":true}]}}