{"id":5757,"date":"2012-12-12T12:12:12","date_gmt":"2012-12-12T14:12:12","guid":{"rendered":"http:\/\/seowp-dev\/dslc_templates\/5757\/"},"modified":"2025-08-20T12:36:26","modified_gmt":"2025-08-20T15:36:26","slug":"relatorios-de-gestao-e-sustentabilidade","status":"publish","type":"page","link":"https:\/\/coregroup.com.br\/pt-br\/servicos-conteudo\/relatorios-de-gestao-e-sustentabilidade\/","title":{"rendered":"Relat\u00f3rios de Gest\u00e3o e Sustentabilidade"},"content":{"rendered":"<div id=\"dslc-theme-content\"><div id=\"dslc-theme-content-inner\"><div id=\"dslc-main\">\n<div  class=\"dslc-modules-section  dslc-full  dslc-hide-on-desktop\" style=\"padding-bottom:0px;padding-top:0px;\" data-section-id=\"f15b1185eac\">\n<div class=\"dslc-modules-section-wrapper dslc-clearfix\">\n<style type=\"text\/css\" id=\"dslca-modules-area-\"><\/style>\n<div  class=\"dslc-modules-area dslc-col dslc-12-col dslc-last-col dslc-valign-\" data-size=\"12\" data-valign=\"\" data-modules-area-id=\"\" >\n<div id=\"dslc-module-210eb558fec\" class=\"dslc-module-front dslc-module-DSLC_Image dslc-in-viewport-check dslc-in-viewport-anim-none  dslc-col dslc-12-col dslc-last-col dslc-hide-on-desktop  dslc-module-handle-like-regular\" data-module-id=\"210eb558fec\" data-module=\"DSLC_Image\" data-dslc-module-size=\"12\" data-dslc-anim=\"none\" data-dslc-anim-delay=\"\" data-dslc-anim-duration=\"650\"  data-dslc-anim-easing=\"ease\" data-dslc-preset=\"none\" >\n<div class=\"dslc-image-container\">\n<div class=\"dslc-image\">\n<p>\t\t\t\t\t\t\t\t\t<img decoding=\"async\" src=\"https:\/\/coregroup.com.br\/pt-br\/wp-content\/uploads\/2019\/10\/imagem-home.png\" alt=\"\" title=\"\" srcset=\"https:\/\/coregroup.com.br\/pt-br\/wp-content\/uploads\/2019\/10\/imagem-home.png 2005w,  https:\/\/coregroup.com.br\/pt-br\/wp-content\/uploads\/2019\/10\/imagem-home-300x75.png 300w,  https:\/\/coregroup.com.br\/pt-br\/wp-content\/uploads\/2019\/10\/imagem-home-768x192.png 768w,  https:\/\/coregroup.com.br\/pt-br\/wp-content\/uploads\/2019\/10\/imagem-home-1024x255.png 1024w\" sizes=\"(max-width: 2005px) 100vw, 2005px\" \/><\/p><\/div>\n<p><!-- .dslc-image -->\n\t\t<\/div>\n<\/p><\/div>\n<p><!-- .dslc-module -->\n\t\t<\/div>\n<\/div>\n<\/div>\n<div  class=\"dslc-modules-section  dslc-hide-on-tablet  dslc-hide-on-phone\" style=\"padding-bottom:180px;padding-top:180px;background-image:url(https:\/\/coregroup.com.br\/pt-br\/wp-content\/uploads\/2019\/10\/imagem-home.png);background-position:center center;\" data-section-id=\"56e5a41ebe9\">\n<div class=\"dslc-modules-section-wrapper dslc-clearfix\"><\/div>\n<\/div>\n<div  class=\"dslc-modules-section\" style=\"padding-bottom:0px;padding-top:0px;border-color:rgb(238, 238, 238);border-width:1px;border-top-style: hidden; border-right-style: hidden; border-left-style: hidden; \" data-section-id=\"e35a34fa76a\">\n<div class=\"dslc-modules-section-wrapper dslc-clearfix\">\n<style type=\"text\/css\" id=\"dslca-modules-area-\"><\/style>\n<div  class=\"dslc-modules-area dslc-col dslc-12-col dslc-last-col dslc-valign-\" data-size=\"12\" data-valign=\"\" data-modules-area-id=\"\" >\n<div id=\"dslc-module-15251\" class=\"dslc-module-front dslc-module-DSLC_Separator dslc-in-viewport-check dslc-in-viewport-anim-none  dslc-col dslc-12-col dslc-last-col  dslc-module-handle-like-regular\" data-module-id=\"15251\" data-module=\"DSLC_Separator\" data-dslc-module-size=\"12\" data-dslc-anim=\"none\" data-dslc-anim-delay=\"0\" data-dslc-anim-duration=\"650\"  data-dslc-anim-easing=\"ease\" data-dslc-preset=\"none\" >\n<div class=\"dslc-separator-wrapper\">\n<div class=\"dslc-separator dslc-separator-style-invisible\">\n\t\t\t\t\t\t\t\t\t<\/div>\n<div><\/div>\n<\/p><\/div>\n<p><!-- .dslc-separator-wrapper --><\/p><\/div>\n<p><!-- .dslc-module -->\n\t\t<\/div>\n<style type=\"text\/css\" id=\"dslca-modules-area-\"><\/style>\n<div  class=\"dslc-modules-area dslc-col dslc-5-col dslc-first-col dslc-valign-\" data-size=\"5\" data-valign=\"\" data-modules-area-id=\"\" >\n<div id=\"dslc-module-c47b507a5b6\" class=\"dslc-module-front dslc-module-DSLC_Image dslc-in-viewport-check dslc-in-viewport-anim-none  dslc-col dslc-12-col dslc-last-col  dslc-module-handle-like-regular\" data-module-id=\"c47b507a5b6\" data-module=\"DSLC_Image\" data-dslc-module-size=\"12\" data-dslc-anim=\"none\" data-dslc-anim-delay=\"\" data-dslc-anim-duration=\"650\"  data-dslc-anim-easing=\"ease\" data-dslc-preset=\"none\" >\n<div class=\"dslc-image-container\">\n<div class=\"dslc-image\">\n<p>\t\t\t\t\t\t\t\t\t<img decoding=\"async\" src=\"https:\/\/coregroup.com.br\/pt-br\/wp-content\/uploads\/2019\/10\/Relatorio-de-Gestao.jpg\" alt=\"Relat\u00f3rios de gest\u00e3o e sustentabilidade corporativa Core Group\" title=\"\" srcset=\"https:\/\/coregroup.com.br\/pt-br\/wp-content\/uploads\/2019\/10\/Relatorio-de-Gestao.jpg 2048w,  https:\/\/coregroup.com.br\/pt-br\/wp-content\/uploads\/2019\/10\/Relatorio-de-Gestao-300x214.jpg 300w,  https:\/\/coregroup.com.br\/pt-br\/wp-content\/uploads\/2019\/10\/Relatorio-de-Gestao-768x547.jpg 768w,  https:\/\/coregroup.com.br\/pt-br\/wp-content\/uploads\/2019\/10\/Relatorio-de-Gestao-1024x730.jpg 1024w\" sizes=\"(max-width: 2048px) 100vw, 2048px\" \/><\/p><\/div>\n<p><!-- .dslc-image -->\n\t\t<\/div>\n<\/p><\/div>\n<p><!-- .dslc-module -->\n\t\t<\/div>\n<style type=\"text\/css\" id=\"dslca-modules-area-\"><\/style>\n<div  class=\"dslc-modules-area dslc-col dslc-7-col dslc-last-col dslc-valign-\" data-size=\"7\" data-valign=\"\" data-modules-area-id=\"\" >\n<div id=\"dslc-module-c83571ccbae\" class=\"dslc-module-front dslc-module-DSLC_Text_Simple dslc-in-viewport-check dslc-in-viewport-anim-none  dslc-col dslc-12-col dslc-last-col  dslc-module-handle-like-regular\" data-module-id=\"c83571ccbae\" data-module=\"DSLC_Text_Simple\" data-dslc-module-size=\"12\" data-dslc-anim=\"none\" data-dslc-anim-delay=\"\" data-dslc-anim-duration=\"650\"  data-dslc-anim-easing=\"ease\" data-dslc-preset=\"none\" >\n<div class=\"dslc-text-module-content\">\n<h1 style=\"text-align: left;\"><strong>Relat\u00f3rios de Gest\u00e3o e Sustentabilidade<\/strong><\/h1>\n<\/p><\/div>\n<\/p><\/div>\n<p><!-- .dslc-module --><\/p>\n<div id=\"dslc-module-15270\" class=\"dslc-module-front dslc-module-DSLC_Text_Simple dslc-in-viewport-check dslc-in-viewport-anim-none  dslc-col dslc-12-col dslc-last-col  dslc-module-handle-like-regular\" data-module-id=\"15270\" data-module=\"DSLC_Text_Simple\" data-dslc-module-size=\"12\" data-dslc-anim=\"none\" data-dslc-anim-delay=\"\" data-dslc-anim-duration=\"650\"  data-dslc-anim-easing=\"ease\" data-dslc-preset=\"none\" >\n<div class=\"dslc-text-module-content\">\n<p>Na Core Group, produzimos <strong data-start=\"1780\" data-end=\"1823\">relat\u00f3rios de gest\u00e3o e sustentabilidade<\/strong> que refletem seu compromisso com pr\u00e1ticas respons\u00e1veis e transparentes. Nossos relat\u00f3rios cobrem indicadores ESG (ambientais, sociais e de governan\u00e7a) relevantes na avalia\u00e7\u00e3o moderna da sustentabilidade corporativa<\/p>\n<p>Os relat\u00f3rios de gest\u00e3o e os relat\u00f3rios de sustentabilidade s\u00e3o essenciais na amplia\u00e7\u00e3o e no fomento do di\u00e1logo transparente da empresa com seus os acionistas, parceiros e a sociedade. Tamb\u00e9m s\u00e3o fundamentais para acompanhar a performance\u00a0 da empresa e planejar novas estrat\u00e9gias, al\u00e9m de contribuir para sua reputa\u00e7\u00e3o.<\/p>\n<\/p><\/div>\n<\/p><\/div>\n<p><!-- .dslc-module --><\/p>\n<div id=\"dslc-module-19c169a47ec\" class=\"dslc-module-front dslc-module-DSLC_Accordion dslc-in-viewport-check dslc-in-viewport-anim-none  dslc-col dslc-12-col dslc-last-col  dslc-module-handle-like-accordion\" data-module-id=\"19c169a47ec\" data-module=\"DSLC_Accordion\" data-dslc-module-size=\"12\" data-dslc-anim=\"none\" data-dslc-anim-delay=\"0\" data-dslc-anim-duration=\"650\"  data-dslc-anim-easing=\"ease\" data-dslc-preset=\"none\" >\n<div class=\"dslc-accordion\" data-open=\"0\">\n<div class=\"dslc-accordion-item\" id=\"accordion-0\">\n<div class=\"dslc-accordion-header dslc-accordion-hook\">\n\t\t\t\t\t\t\t\t\t<span class=\"dslc-accordion-title\" >Transpar\u00eancia e Sustentabilidade Corporativa <\/span><\/p>\n<div class=\"dslca-accordion-action-hooks\">\n\t\t\t\t\t\t\t\t\t\t\t<span class=\"dslca-toggle-accordion-hook\"><span class=\"dslca-icon dslc-icon-minus\"><\/span><\/span>\n\t\t\t\t\t\t\t\t\t\t<\/div>\n<\/p><\/div>\n<div class=\"dslc-accordion-content\">\n<div class=\"dslca-editable-content\">\n<p>A sustentabilidade empresarial \u00e9 cada vez mais exigida por consumidores, investidores e colaboradores \u2014 trazendo reputa\u00e7\u00e3o, redu\u00e7\u00e3o de custos e alinhamento com objetivos sociais e ambientais<\/p>\n<\/p><\/div>\n<\/p><\/div>\n<p><!-- .dslc-accordion-content --><\/p><\/div>\n<p><!-- .dslc-accordion-item --><\/p>\n<div class=\"dslc-accordion-item\" id=\"accordion-1\">\n<div class=\"dslc-accordion-header dslc-accordion-hook\">\n\t\t\t\t\t\t\t\t\t<span class=\"dslc-accordion-title\" > Trip\u00e9 da Sustentabilidade <\/span><\/p>\n<div class=\"dslca-accordion-action-hooks\">\n\t\t\t\t\t\t\t\t\t\t\t<span class=\"dslca-toggle-accordion-hook\"><span class=\"dslca-icon dslc-icon-minus\"><\/span><\/span>\n\t\t\t\t\t\t\t\t\t\t<\/div>\n<\/p><\/div>\n<div class=\"dslc-accordion-content\">\n<div class=\"dslca-editable-content\">\n<p>Guiados pelos tr\u00eas pilares \u2014 social, ambiental e econ\u00f4mico \u2014 acreditamos que relat\u00f3rios eficazes unem responsabilidade e performance corporativa, como preconiza o conceito do trip\u00e9 da sustentabilidade<\/p>\n<\/p><\/div>\n<\/p><\/div>\n<p><!-- .dslc-accordion-content --><\/p><\/div>\n<p><!-- .dslc-accordion-item --><\/p>\n<div class=\"dslc-accordion-item\" id=\"accordion-2\">\n<div class=\"dslc-accordion-header dslc-accordion-hook\">\n\t\t\t\t\t\t\t\t\t<span class=\"dslc-accordion-title\" > Import\u00e2ncia dos Relat\u00f3rios ESG nas Empresas <\/span><\/p>\n<div class=\"dslca-accordion-action-hooks\">\n\t\t\t\t\t\t\t\t\t\t\t<span class=\"dslca-toggle-accordion-hook\"><span class=\"dslca-icon dslc-icon-minus\"><\/span><\/span>\n\t\t\t\t\t\t\t\t\t\t<\/div>\n<\/p><\/div>\n<div class=\"dslc-accordion-content\">\n<div class=\"dslca-editable-content\">\n<p>Relat\u00f3rios ESG (Environmental, Social, Governance) s\u00e3o fundamentais para mensurar, comunicar e valorizar a\u00e7\u00f5es de sustentabilidade, garantindo credibilidade e percep\u00e7\u00e3o positiva do mercado<\/p>\n<\/p><\/div>\n<\/p><\/div>\n<p><!-- .dslc-accordion-content --><\/p><\/div>\n<p><!-- .dslc-accordion-item --><\/p>\n<div class=\"dslc-accordion-item\" id=\"accordion-3\">\n<div class=\"dslc-accordion-header dslc-accordion-hook\">\n\t\t\t\t\t\t\t\t\t<span class=\"dslc-accordion-title\" > Como Desenvolvemos Seus Relat\u00f3rios<\/span><\/p>\n<div class=\"dslca-accordion-action-hooks\">\n\t\t\t\t\t\t\t\t\t\t\t<span class=\"dslca-toggle-accordion-hook\"><span class=\"dslca-icon dslc-icon-minus\"><\/span><\/span>\n\t\t\t\t\t\t\t\t\t\t<\/div>\n<\/p><\/div>\n<div class=\"dslc-accordion-content\">\n<div class=\"dslca-editable-content\">\n<p data-start=\"2921\" data-end=\"3142\">Nossa metodologia inclui coleta de dados, identifica\u00e7\u00e3o de indicadores relevantes, narra\u00e7\u00e3o estruturada e estrat\u00e9gia de visualiza\u00e7\u00e3o \u2013 tudo customizado ao seu setor e stakeholders.<\/p>\n<\/p><\/div>\n<\/p><\/div>\n<p><!-- .dslc-accordion-content --><\/p><\/div>\n<p><!-- .dslc-accordion-item --><\/p><\/div>\n<p><!-- .dslc-accordion --><\/p><\/div>\n<p><!-- .dslc-module -->\n\t\t<\/div>\n<style type=\"text\/css\" id=\"dslca-modules-area-\"><\/style>\n<div  class=\"dslc-modules-area dslc-col dslc-12-col dslc-last-col dslc-valign-\" data-size=\"12\" data-valign=\"\" data-modules-area-id=\"\" >\n<div id=\"dslc-module-ceb40a82ed0\" class=\"dslc-module-front dslc-module-DSLC_Text_Simple dslc-in-viewport-check dslc-in-viewport-anim-none  dslc-col dslc-12-col dslc-last-col  dslc-module-handle-like-regular\" data-module-id=\"ceb40a82ed0\" data-module=\"DSLC_Text_Simple\" data-dslc-module-size=\"12\" data-dslc-anim=\"none\" data-dslc-anim-delay=\"\" data-dslc-anim-duration=\"650\"  data-dslc-anim-easing=\"ease\" data-dslc-preset=\"none\" >\n<div class=\"dslc-text-module-content\">\n<h1>\u00a0<\/h1>\n<h1 style=\"text-align: center;\">Conhe\u00e7a alguns dos trabalhos j\u00e1 desenvolvidos<\/h1>\n<\/p><\/div>\n<\/p><\/div>\n<p><!-- .dslc-module --><\/p>\n<div id=\"dslc-module-5f955ebd5d5\" class=\"dslc-module-front dslc-module-DSLC_Downloads dslc-in-viewport-check dslc-in-viewport-anim-none  dslc-col dslc-12-col dslc-last-col  dslc-module-handle-like-regular\" data-module-id=\"5f955ebd5d5\" data-module=\"DSLC_Downloads\" data-dslc-module-size=\"12\" data-dslc-anim=\"none\" data-dslc-anim-delay=\"\" data-dslc-anim-duration=\"650\"  data-dslc-anim-easing=\"ease\" data-dslc-preset=\"none\" >\n<div class=\"dslc-posts dslc-downloads dslc-clearfix dslc-posts-orientation-vertical dslc-init-grid\">\r\n\t\t\t\r\n\t\t\t\r\n\t\t<div class=\"dslc-posts-inner\">\r\n\t<div class=\"dslc-post dslc-download dslc-col dslc-3-col  dslc-first-col\" data-cats=\"relatorios-de-gestao \">\r\n\r\n\t\r\n\t\t\t\t\t\t\t\t\r\n\t\t\t\t\t\t\t\t\r\n\t\t\t\t\t\t\t\t\t<div class=\"dslc-download-thumb dslc-post-thumb dslc-on-hover-anim\">\r\n\r\n\t\t\t\t\t\t\t\t\t\t<div class=\"dslc-download-thumb-inner dslca-post-thumb\">\r\n\t\t\t\t\t\t\t\t\t\t\t\r\n\t\t\t\t\t\t\t\t\t\t\t\t\t\t\t\t\t\t\t\t\t\t\t\t\t\t\t\t\t\t\t\t\t\t\t\t<a href=\"https:\/\/coregroup.com.br\/pt-br\/ver-downloads\/relatorio-unimed-participacoes-2018\/\" class=\"\"><img width=\"300\" height=\"400\" src=\"https:\/\/coregroup.com.br\/pt-br\/wp-content\/uploads\/2019\/10\/Relatorio-Anual-2018-unimed.png\" class=\"attachment-full size-full wp-post-image\" alt=\"Relatorio Anual  unimed\" decoding=\"async\" title=\"Relatorio Anual 2018 \u2013 unimed\" srcset=\"https:\/\/coregroup.com.br\/pt-br\/wp-content\/uploads\/2019\/10\/Relatorio-Anual-2018-unimed.png 300w,   https:\/\/coregroup.com.br\/pt-br\/wp-content\/uploads\/2019\/10\/Relatorio-Anual-2018-unimed-225x300.png 225w\" sizes=\"(max-width: 300px) 100vw, 300px\" \/><\/a>\r\n\t\t\t\t\t\t\t\t\t\t\t\t\t\t\t\t\t\t\t\t\t\t\t\t\t\t\t\t\t\t\t\t\t<\/div><!-- .dslc-download-thumb-inner -->\r\n\r\n\t\t\t\t\t\t\t\t\t\t\r\n\t\t\t\t\t\t\t\t\t<\/div><!-- .dslc-download-thumb -->\r\n\r\n\t\t\t\t\t\t\t\t\r\n\t\t\t\t\t\t\t\r\n\t\t\t\t\t\t\t\r\n\t\t\t\t\t\t\t\t<div class=\"dslc-post-main dslc-download-main\">\r\n\r\n\t\t\t\t\t\t\t\t\t\r\n\t\t\t\t\t\t\t\t\t\r\n\t\t\t\t\t\t\t\t\t\t\r\n\t\t\t\t\t\t\t\t\t\r\n\t\t\t\t\t\t\t\t\t\r\n\t\t\t\t\t\t\t\t\t\r\n\t\t\t\t\t\t\t\t\t\t<div class=\"dslc-download-download\">\r\n\t\t\t\t\t\t\t\t\t\t\t<a target=\"_blank\" class=\"dslc-download-count-hook\" data-post-id=\"18245\" href=\"http:\/\/coregroup.com.br\/pt-br\/e-books\/relatorios-gestao\/Relat%C3%B3rio_Unimed%20Participa%C3%A7%C3%B5es1.pdf\" download>\r\n\t\t\t\t\t\t\t\t\t\t\t\t\t\t\t\t\t\t\t\t\t\t\t\t\t<span class=\"dslc-icon dslc-icon-download-alt\"><\/span>\t\r\n\t\t\t\t\t\t\t\t\t\t\t\t\t\t\t\t\t\t\t\t\t\t\t\tDOWNLOAD\t\t\t\t\t\t\t\t\t\t\t<\/a>\r\n\t\t\t\t\t\t\t\t\t\t<\/div><!-- .dslc-download-download -->\r\n\r\n\t\t\t\t\t\t\t\t\t\r\n\t\t\t\t\t\t\t\t\t\r\n\t\t\t\t\t\t\t\t<\/div><!-- .dslc-download-main -->\r\n\r\n\t\t\t\t\t\t\t\r\n\t\t\t\t\t\t<\/div><!-- .dslc-download -->\r\n\r\n\t\t\t\t\t\t\r\n\t<div class=\"dslc-post dslc-download dslc-col dslc-3-col\" data-cats=\"relatorios-de-gestao \">\r\n\r\n\t\r\n\t\t\t\t\t\t\t\t\r\n\t\t\t\t\t\t\t\t\r\n\t\t\t\t\t\t\t\t\t<div class=\"dslc-download-thumb dslc-post-thumb dslc-on-hover-anim\">\r\n\r\n\t\t\t\t\t\t\t\t\t\t<div class=\"dslc-download-thumb-inner dslca-post-thumb\">\r\n\t\t\t\t\t\t\t\t\t\t\t\r\n\t\t\t\t\t\t\t\t\t\t\t\t\t\t\t\t\t\t\t\t\t\t\t\t\t\t\t\t\t\t\t\t\t\t\t\t<a href=\"https:\/\/coregroup.com.br\/pt-br\/ver-downloads\/relatorio-unimed-participacoes-pdf\/\" class=\"\"><img width=\"300\" height=\"400\" src=\"https:\/\/coregroup.com.br\/pt-br\/wp-content\/uploads\/2019\/10\/Relatorio-Anual-2017-unimed.png\" class=\"attachment-full size-full wp-post-image\" alt=\"Relatorio Anual  unimed\" decoding=\"async\" title=\"Relatorio Anual 2017 \u2013 unimed\" srcset=\"https:\/\/coregroup.com.br\/pt-br\/wp-content\/uploads\/2019\/10\/Relatorio-Anual-2017-unimed.png 300w,   https:\/\/coregroup.com.br\/pt-br\/wp-content\/uploads\/2019\/10\/Relatorio-Anual-2017-unimed-225x300.png 225w\" sizes=\"(max-width: 300px) 100vw, 300px\" \/><\/a>\r\n\t\t\t\t\t\t\t\t\t\t\t\t\t\t\t\t\t\t\t\t\t\t\t\t\t\t\t\t\t\t\t\t\t<\/div><!-- .dslc-download-thumb-inner -->\r\n\r\n\t\t\t\t\t\t\t\t\t\t\r\n\t\t\t\t\t\t\t\t\t<\/div><!-- .dslc-download-thumb -->\r\n\r\n\t\t\t\t\t\t\t\t\r\n\t\t\t\t\t\t\t\r\n\t\t\t\t\t\t\t\r\n\t\t\t\t\t\t\t\t<div class=\"dslc-post-main dslc-download-main\">\r\n\r\n\t\t\t\t\t\t\t\t\t\r\n\t\t\t\t\t\t\t\t\t\r\n\t\t\t\t\t\t\t\t\t\t\r\n\t\t\t\t\t\t\t\t\t\r\n\t\t\t\t\t\t\t\t\t\r\n\t\t\t\t\t\t\t\t\t\r\n\t\t\t\t\t\t\t\t\t\t<div class=\"dslc-download-download\">\r\n\t\t\t\t\t\t\t\t\t\t\t<a target=\"_blank\" class=\"dslc-download-count-hook\" data-post-id=\"18243\" href=\"http:\/\/coregroup.com.br\/pt-br\/e-books\/relatorios-gestao\/Relat%C3%B3rio_Unimed%20Participa%C3%A7%C3%B5es.pdf\" download>\r\n\t\t\t\t\t\t\t\t\t\t\t\t\t\t\t\t\t\t\t\t\t\t\t\t\t<span class=\"dslc-icon dslc-icon-download-alt\"><\/span>\t\r\n\t\t\t\t\t\t\t\t\t\t\t\t\t\t\t\t\t\t\t\t\t\t\t\tDOWNLOAD\t\t\t\t\t\t\t\t\t\t\t<\/a>\r\n\t\t\t\t\t\t\t\t\t\t<\/div><!-- .dslc-download-download -->\r\n\r\n\t\t\t\t\t\t\t\t\t\r\n\t\t\t\t\t\t\t\t\t\r\n\t\t\t\t\t\t\t\t<\/div><!-- .dslc-download-main -->\r\n\r\n\t\t\t\t\t\t\t\r\n\t\t\t\t\t\t<\/div><!-- .dslc-download -->\r\n\r\n\t\t\t\t\t\t<\/div><!-- .dslc-posts-inner -->\r\n\t\t\t\r\n\t\t\t\r\n\t<\/div><\/div>\n<p><!-- .dslc-module --><\/p>\n<div id=\"dslc-module-15254\" class=\"dslc-module-front dslc-module-DSLC_Separator dslc-in-viewport-check dslc-in-viewport-anim-none  dslc-col dslc-12-col dslc-last-col  dslc-module-handle-like-regular\" data-module-id=\"15254\" data-module=\"DSLC_Separator\" data-dslc-module-size=\"12\" data-dslc-anim=\"none\" data-dslc-anim-delay=\"0\" data-dslc-anim-duration=\"650\"  data-dslc-anim-easing=\"ease\" data-dslc-preset=\"none\" >\n<div class=\"dslc-separator-wrapper\">\n<div class=\"dslc-separator dslc-separator-style-invisible\">\n\t\t\t\t\t\t\t\t\t<\/div>\n<div><\/div>\n<\/p><\/div>\n<p><!-- .dslc-separator-wrapper --><\/p><\/div>\n<p><!-- .dslc-module -->\n\t\t<\/div>\n<\/div>\n<\/div>\n<div id=\"email-subscription\" class=\"dslc-modules-section\" style=\"padding-bottom:158px;padding-top:158px;background-color:#334a73;background-image:url(https:\/\/coregroup.com.br\/pt-br\/wp-content\/uploads\/2020\/01\/newsletter.jpg);background-position:center center;background-attachment:fixed;\" data-section-id=\"ef925bd04e5\">\n<div class=\"dslc-modules-section-wrapper dslc-clearfix\">\n<style type=\"text\/css\" id=\"dslca-modules-area-\"><\/style>\n<div  class=\"dslc-modules-area dslc-col dslc-12-col dslc-last-col dslc-valign-\" data-size=\"12\" data-valign=\"\" data-modules-area-id=\"\" >\n<div id=\"dslc-module-cb15f69a93f\" class=\"dslc-module-front dslc-module-DSLC_Info_Box dslc-in-viewport-check dslc-in-viewport-anim-none  dslc-col dslc-12-col dslc-last-col  dslc-module-handle-like-regular\" data-module-id=\"cb15f69a93f\" data-module=\"DSLC_Info_Box\" data-dslc-module-size=\"12\" data-dslc-anim=\"none\" data-dslc-anim-delay=\"\" data-dslc-anim-duration=\"650\"  data-dslc-anim-easing=\"ease\" data-dslc-preset=\"none\" >\n<div class=\"dslc-info-box dslc-info-box-icon-pos-above dslc-info-box-image-pos-above\">\n<div class=\"dslc-info-box-wrapper\">\n<div class=\"dslc-info-box-main-wrap dslc-clearfix\">\n<div class=\"dslc-info-box-image\">\n<div class=\"dslc-info-box-image-inner\">\n\t\t\t\t\t\t\t\t\t\t\t\t\t\t\t\t\t\t\t<span class=\"dslc-icon dslc-icon-ext-linegraph\"><\/span>\n\t\t\t\t\t\t\t\t\t\t\t\t\t\t\t\t\t\t\t\t\t\t\t\t\t\t<\/div>\n<p><!-- .dslc-info-box-image-inner -->\n\t\t\t\t\t\t\t<\/div>\n<p><!-- .dslc-info-box-image --><\/p>\n<div class=\"dslc-info-box-main\">\n<div class=\"dslc-info-box-title\">\n<h4 >Quer potencializar o marketing da sua empresa?<\/h4>\n<\/p><\/div>\n<p><!-- .dslc-info-box-title --><\/p><\/div>\n<p><!-- .dslc-info-box-main --><\/p><\/div>\n<p><!-- .dslc-info-box-main-wrap --><\/p><\/div>\n<p><!-- .dslc-info-box-wrapper --><\/p><\/div>\n<p><!-- .dslc-info-box --><\/p><\/div>\n<p><!-- .dslc-module -->\n\t\t<\/div>\n<style type=\"text\/css\" id=\"dslca-modules-area-\"><\/style>\n<div  class=\"dslc-modules-area dslc-col dslc-12-col dslc-last-col dslc-valign-\" data-size=\"12\" data-valign=\"\" data-modules-area-id=\"\" >\n<div id=\"dslc-module-f01a98eb18a\" class=\"dslc-module-front dslc-module-DSLC_Button dslc-in-viewport-check dslc-in-viewport-anim-none  dslc-col dslc-12-col dslc-last-col  dslc-module-handle-like-regular\" data-module-id=\"f01a98eb18a\" data-module=\"DSLC_Button\" data-dslc-module-size=\"12\" data-dslc-anim=\"none\" data-dslc-anim-delay=\"\" data-dslc-anim-duration=\"650\"  data-dslc-anim-easing=\"ease\" data-dslc-preset=\"none\" >\n<div class=\"dslc-button\">\n\t\t\t\t\t\t\t\t\t<a href=\"\/pt-br\/agende-sua-visita-ou-reuniao\/\" target=\"_self\"  onClick=\"\" class=\"\"><br \/>\n\t\t\t\t\t\t\t\t\t\t\t\t\t\t\t\t\t\t\t\t\t<span class=\"dslc-icon dslc-icon-ext-location2\"><\/span><br \/>\n\t\t\t\t\t\t\t\t\t\t\t\t\t\t\t\t\t\t\t\t\t\t\t\t\t\t<span>solicite uma proposta<\/span><br \/>\n\t\t\t\t\t\t\t\t\t\t\t\t\t\t\t\t\t<\/a>\n\t\t\t\t\t\t\t<\/div>\n<p><!-- .dslc-button --><\/p><\/div>\n<p><!-- .dslc-module -->\n\t\t<\/div>\n<\/div>\n<\/div>\n<\/div>\n<\/div><\/div>","protected":false},"excerpt":{"rendered":"<p>Relat\u00f3rios de Gest\u00e3o e Sustentabilidade Na Core Group, produzimos relat\u00f3rios de gest\u00e3o e sustentabilidade que refletem seu compromisso com pr\u00e1ticas respons\u00e1veis e transparentes. Nossos relat\u00f3rios cobrem indicadores ESG (ambientais, sociais e de governan\u00e7a) relevantes na avalia\u00e7\u00e3o moderna da sustentabilidade corporativa Os relat\u00f3rios de gest\u00e3o e os relat\u00f3rios de sustentabilidade s\u00e3o essenciais na amplia\u00e7\u00e3o e no [&hellip;]<\/p>","protected":false},"author":3,"featured_media":0,"parent":20094,"menu_order":0,"comment_status":"closed","ping_status":"closed","template":"","meta":{"footnotes":"","_joinchat":[]},"_links":{"self":[{"href":"https:\/\/coregroup.com.br\/pt-br\/wp-json\/wp\/v2\/pages\/5757"}],"collection":[{"href":"https:\/\/coregroup.com.br\/pt-br\/wp-json\/wp\/v2\/pages"}],"about":[{"href":"https:\/\/coregroup.com.br\/pt-br\/wp-json\/wp\/v2\/types\/page"}],"author":[{"embeddable":true,"href":"https:\/\/coregroup.com.br\/pt-br\/wp-json\/wp\/v2\/users\/3"}],"replies":[{"embeddable":true,"href":"https:\/\/coregroup.com.br\/pt-br\/wp-json\/wp\/v2\/comments?post=5757"}],"version-history":[{"count":0,"href":"https:\/\/coregroup.com.br\/pt-br\/wp-json\/wp\/v2\/pages\/5757\/revisions"}],"up":[{"embeddable":true,"href":"https:\/\/coregroup.com.br\/pt-br\/wp-json\/wp\/v2\/pages\/20094"}],"wp:attachment":[{"href":"https:\/\/coregroup.com.br\/pt-br\/wp-json\/wp\/v2\/media?parent=5757"}],"curies":[{"name":"wp","href":"https:\/\/api.w.org\/{rel}","templated":true}]}}