{"id":3760,"date":"2012-12-12T12:12:12","date_gmt":"2012-12-12T14:12:12","guid":{"rendered":"http:\/\/seowp-dev\/dslc_templates\/3760\/"},"modified":"2025-08-20T11:21:40","modified_gmt":"2025-08-20T14:21:40","slug":"consultoria-de-comunicacao-e-marketing","status":"publish","type":"page","link":"https:\/\/coregroup.com.br\/pt-br\/servicos-marketing\/consultoria-de-comunicacao-e-marketing\/","title":{"rendered":"Consultoria de Comunica\u00e7\u00e3o e Marketing"},"content":{"rendered":"<div id=\"dslc-theme-content\"><div id=\"dslc-theme-content-inner\"><div id=\"dslc-main\">\n<div  class=\"dslc-modules-section  dslc-full  dslc-hide-on-desktop\" style=\"padding-bottom:0px;padding-top:0px;\" data-section-id=\"f15b1185eac\">\n<div class=\"dslc-modules-section-wrapper dslc-clearfix\">\n<style type=\"text\/css\" id=\"dslca-modules-area-\"><\/style>\n<div  class=\"dslc-modules-area dslc-col dslc-12-col dslc-last-col dslc-valign-\" data-size=\"12\" data-valign=\"\" data-modules-area-id=\"\" >\n<div id=\"dslc-module-a7e5a0fd8af\" class=\"dslc-module-front dslc-module-DSLC_Image dslc-in-viewport-check dslc-in-viewport-anim-none  dslc-col dslc-12-col dslc-last-col dslc-hide-on-desktop  dslc-module-handle-like-regular\" data-module-id=\"a7e5a0fd8af\" data-module=\"DSLC_Image\" data-dslc-module-size=\"12\" data-dslc-anim=\"none\" data-dslc-anim-delay=\"\" data-dslc-anim-duration=\"650\"  data-dslc-anim-easing=\"ease\" data-dslc-preset=\"none\" >\n<div class=\"dslc-image-container\">\n<div class=\"dslc-image\">\n<p>\t\t\t\t\t\t\t\t\t<img decoding=\"async\" src=\"https:\/\/coregroup.com.br\/pt-br\/wp-content\/uploads\/2019\/10\/imagem-home.png\" alt=\"\" title=\"\" srcset=\"https:\/\/coregroup.com.br\/pt-br\/wp-content\/uploads\/2019\/10\/imagem-home.png 2005w,  https:\/\/coregroup.com.br\/pt-br\/wp-content\/uploads\/2019\/10\/imagem-home-300x75.png 300w,  https:\/\/coregroup.com.br\/pt-br\/wp-content\/uploads\/2019\/10\/imagem-home-768x192.png 768w,  https:\/\/coregroup.com.br\/pt-br\/wp-content\/uploads\/2019\/10\/imagem-home-1024x255.png 1024w\" sizes=\"(max-width: 2005px) 100vw, 2005px\" \/><\/p><\/div>\n<p><!-- .dslc-image -->\n\t\t<\/div>\n<\/p><\/div>\n<p><!-- .dslc-module -->\n\t\t<\/div>\n<\/div>\n<\/div>\n<div  class=\"dslc-modules-section  dslc-hide-on-tablet  dslc-hide-on-phone\" style=\"padding-bottom:180px;padding-top:180px;background-image:url(https:\/\/coregroup.com.br\/pt-br\/wp-content\/uploads\/2019\/10\/imagem-home.png);background-position:center center;\" data-section-id=\"56e5a41ebe9\">\n<div class=\"dslc-modules-section-wrapper dslc-clearfix\">\n<style type=\"text\/css\" id=\"dslca-modules-area-\"><\/style>\n<div  class=\"dslc-modules-area dslc-col dslc-12-col dslc-last-col dslc-valign-\" data-size=\"12\" data-valign=\"\" data-modules-area-id=\"\" ><\/div>\n<\/div>\n<\/div>\n<div  class=\"dslc-modules-section\" style=\"padding-bottom:0px;padding-top:0px;border-width:px;border-top-style: hidden; border-right-style: hidden; border-bottom-style: hidden; border-left-style: hidden; \" data-section-id=\"f2ab28ce56c\">\n<div class=\"dslc-modules-section-wrapper dslc-clearfix\">\n<style type=\"text\/css\" id=\"dslca-modules-area-\"><\/style>\n<div  class=\"dslc-modules-area dslc-col dslc-5-col dslc-first-col dslc-valign-\" data-size=\"5\" data-valign=\"\" data-modules-area-id=\"\" >\n<div id=\"dslc-module-177\" class=\"dslc-module-front dslc-module-DSLC_Separator dslc-in-viewport-check dslc-in-viewport-anim-none  dslc-col dslc-12-col dslc-last-col  dslc-module-handle-like-regular\" data-module-id=\"177\" data-module=\"DSLC_Separator\" data-dslc-module-size=\"12\" data-dslc-anim=\"none\" data-dslc-anim-delay=\"0\" data-dslc-anim-duration=\"650\"  data-dslc-anim-easing=\"ease\" data-dslc-preset=\"none\" >\n<div class=\"dslc-separator-wrapper\">\n<div class=\"dslc-separator dslc-separator-style-invisible\">\n\t\t\t\t\t\t\t\t\t<\/div>\n<div><\/div>\n<\/p><\/div>\n<p><!-- .dslc-separator-wrapper --><\/p><\/div>\n<p><!-- .dslc-module --><\/p>\n<div id=\"dslc-module-356e7260593\" class=\"dslc-module-front dslc-module-DSLC_Image dslc-in-viewport-check dslc-in-viewport-anim-none  dslc-col dslc-12-col dslc-last-col  dslc-module-handle-like-regular\" data-module-id=\"356e7260593\" data-module=\"DSLC_Image\" data-dslc-module-size=\"12\" data-dslc-anim=\"none\" data-dslc-anim-delay=\"\" data-dslc-anim-duration=\"650\"  data-dslc-anim-easing=\"ease\" data-dslc-preset=\"none\" >\n<div class=\"dslc-image-container\">\n<div class=\"dslc-image\">\n<p>\t\t\t\t\t\t\t\t\t<img decoding=\"async\" src=\"https:\/\/coregroup.com.br\/pt-br\/wp-content\/uploads\/2019\/10\/Consultoria-Comunicacao-e-MKT.jpg\" alt=\"Consultoria de comunica\u00e7\u00e3o e marketing corporativo Core Group\" title=\"\" srcset=\"https:\/\/coregroup.com.br\/pt-br\/wp-content\/uploads\/2019\/10\/Consultoria-Comunicacao-e-MKT.jpg 2048w,  https:\/\/coregroup.com.br\/pt-br\/wp-content\/uploads\/2019\/10\/Consultoria-Comunicacao-e-MKT-300x200.jpg 300w,  https:\/\/coregroup.com.br\/pt-br\/wp-content\/uploads\/2019\/10\/Consultoria-Comunicacao-e-MKT-768x512.jpg 768w,  https:\/\/coregroup.com.br\/pt-br\/wp-content\/uploads\/2019\/10\/Consultoria-Comunicacao-e-MKT-1024x683.jpg 1024w\" sizes=\"(max-width: 2048px) 100vw, 2048px\" \/><\/p><\/div>\n<p><!-- .dslc-image -->\n\t\t<\/div>\n<\/p><\/div>\n<p><!-- .dslc-module --><\/p>\n<div id=\"dslc-module-179\" class=\"dslc-module-front dslc-module-DSLC_Separator dslc-in-viewport-check dslc-in-viewport-anim-none  dslc-col dslc-12-col dslc-last-col  dslc-module-handle-like-regular\" data-module-id=\"179\" data-module=\"DSLC_Separator\" data-dslc-module-size=\"12\" data-dslc-anim=\"none\" data-dslc-anim-delay=\"0\" data-dslc-anim-duration=\"650\"  data-dslc-anim-easing=\"ease\" data-dslc-preset=\"none\" >\n<div class=\"dslc-separator-wrapper\">\n<div class=\"dslc-separator dslc-separator-style-invisible\">\n\t\t\t\t\t\t\t\t\t<\/div>\n<div><\/div>\n<\/p><\/div>\n<p><!-- .dslc-separator-wrapper --><\/p><\/div>\n<p><!-- .dslc-module -->\n\t\t<\/div>\n<style type=\"text\/css\" id=\"dslca-modules-area-\"><\/style>\n<div  class=\"dslc-modules-area dslc-col dslc-7-col dslc-last-col dslc-valign-\" data-size=\"7\" data-valign=\"\" data-modules-area-id=\"\" >\n<div id=\"dslc-module-182\" class=\"dslc-module-front dslc-module-DSLC_Separator dslc-in-viewport-check dslc-in-viewport-anim-none  dslc-col dslc-12-col dslc-last-col  dslc-module-handle-like-regular\" data-module-id=\"182\" data-module=\"DSLC_Separator\" data-dslc-module-size=\"12\" data-dslc-anim=\"none\" data-dslc-anim-delay=\"0\" data-dslc-anim-duration=\"650\"  data-dslc-anim-easing=\"ease\" data-dslc-preset=\"none\" >\n<div class=\"dslc-separator-wrapper\">\n<div class=\"dslc-separator dslc-separator-style-invisible\">\n\t\t\t\t\t\t\t\t\t<\/div>\n<div><\/div>\n<\/p><\/div>\n<p><!-- .dslc-separator-wrapper --><\/p><\/div>\n<p><!-- .dslc-module --><\/p>\n<div id=\"dslc-module-d4a0f44bcf8\" class=\"dslc-module-front dslc-module-DSLC_Text_Simple dslc-in-viewport-check dslc-in-viewport-anim-none  dslc-col dslc-12-col dslc-last-col  dslc-module-handle-like-regular\" data-module-id=\"d4a0f44bcf8\" data-module=\"DSLC_Text_Simple\" data-dslc-module-size=\"12\" data-dslc-anim=\"none\" data-dslc-anim-delay=\"\" data-dslc-anim-duration=\"650\"  data-dslc-anim-easing=\"ease\" data-dslc-preset=\"none\" >\n<div class=\"dslc-text-module-content\">\n<h1 style=\"text-align: left;\"><strong>Consultoria de Comunica\u00e7\u00e3o e Marketing<\/strong><\/h1>\n<div id=\"gtx-trans\" style=\"position: absolute; left: 757px; top: 68.475px;\">\n<div class=\"gtx-trans-icon\">\u00a0<\/div>\n<\/div><\/div>\n<\/p><\/div>\n<p><!-- .dslc-module --><\/p>\n<div id=\"dslc-module-15376\" class=\"dslc-module-front dslc-module-DSLC_Text_Simple dslc-in-viewport-check dslc-in-viewport-anim-none  dslc-col dslc-12-col dslc-last-col  dslc-module-handle-like-regular\" data-module-id=\"15376\" data-module=\"DSLC_Text_Simple\" data-dslc-module-size=\"12\" data-dslc-anim=\"none\" data-dslc-anim-delay=\"\" data-dslc-anim-duration=\"650\"  data-dslc-anim-easing=\"ease\" data-dslc-preset=\"none\" >\n<div class=\"dslc-text-module-content\">\n<p data-start=\"1377\" data-end=\"1640\"><strong data-start=\"1377\" data-end=\"1419\">Consultoria de Comunica\u00e7\u00e3o e Marketing<\/strong> \u00e9 essencial para empresas que desejam fortalecer sua marca, melhorar a visibilidade e adotar estrat\u00e9gias eficazes de engajamento. A Core Group oferece solu\u00e7\u00f5es personalizadas que unem planejamento estrat\u00e9gico e execu\u00e7\u00e3o.<\/p>\n<p>Para ter sucesso, antes de elaborar qualquer planejamento, \u00e9 importante a empresa definir a estrat\u00e9gia e a dire\u00e7\u00e3o a seguir para ter mais sucesso e lucratividade. Com um\u00a0trabalho eficiente de Consultoria de Comunica\u00e7\u00e3o e Marketing sugerimos as melhorias a serem implementadas para a busca dos melhores resultados com as ferramentas e solu\u00e7\u00f5es mais assertivas ao neg\u00f3cio de cada cliente.<\/p>\n<\/p><\/div>\n<\/p><\/div>\n<p><!-- .dslc-module --><\/p>\n<div id=\"dslc-module-ee24428e492\" class=\"dslc-module-front dslc-module-DSLC_Accordion dslc-in-viewport-check dslc-in-viewport-anim-none  dslc-col dslc-12-col dslc-last-col  dslc-module-handle-like-accordion\" data-module-id=\"ee24428e492\" data-module=\"DSLC_Accordion\" data-dslc-module-size=\"12\" data-dslc-anim=\"none\" data-dslc-anim-delay=\"0\" data-dslc-anim-duration=\"650\"  data-dslc-anim-easing=\"ease\" data-dslc-preset=\"none\" >\n<div class=\"dslc-accordion\" data-open=\"0\">\n<div class=\"dslc-accordion-item\" id=\"accordion-0\">\n<div class=\"dslc-accordion-header dslc-accordion-hook\">\n\t\t\t\t\t\t\t\t\t<span class=\"dslc-accordion-title\" >Por que contratar uma consultoria especializada?  <\/span><\/p>\n<div class=\"dslca-accordion-action-hooks\">\n\t\t\t\t\t\t\t\t\t\t\t<span class=\"dslca-toggle-accordion-hook\"><span class=\"dslca-icon dslc-icon-minus\"><\/span><\/span>\n\t\t\t\t\t\t\t\t\t\t<\/div>\n<\/p><\/div>\n<div class=\"dslc-accordion-content\">\n<div class=\"dslca-editable-content\">\n<ul>\n<li data-start=\"1726\" data-end=\"1774\">\n<p data-start=\"1728\" data-end=\"1774\">Diagn\u00f3stico da comunica\u00e7\u00e3o interna e externa<\/p>\n<\/li>\n<li data-start=\"1778\" data-end=\"1823\">\n<p data-start=\"1780\" data-end=\"1823\">Identifica\u00e7\u00e3o de oportunidades de mercado<\/p>\n<\/li>\n<li data-start=\"1827\" data-end=\"1865\">\n<p data-start=\"1829\" data-end=\"1865\">Alinhamento da estrat\u00e9gia de marca<\/p>\n<\/li>\n<\/ul><\/div>\n<\/p><\/div>\n<p><!-- .dslc-accordion-content --><\/p><\/div>\n<p><!-- .dslc-accordion-item --><\/p>\n<div class=\"dslc-accordion-item\" id=\"accordion-1\">\n<div class=\"dslc-accordion-header dslc-accordion-hook\">\n\t\t\t\t\t\t\t\t\t<span class=\"dslc-accordion-title\" >  Servi\u00e7os de consultoria em comunica\u00e7\u00e3o e marketing  <\/span><\/p>\n<div class=\"dslca-accordion-action-hooks\">\n\t\t\t\t\t\t\t\t\t\t\t<span class=\"dslca-toggle-accordion-hook\"><span class=\"dslca-icon dslc-icon-minus\"><\/span><\/span>\n\t\t\t\t\t\t\t\t\t\t<\/div>\n<\/p><\/div>\n<div class=\"dslc-accordion-content\">\n<div class=\"dslca-editable-content\">\n<ul>\n<li data-start=\"1930\" data-end=\"1973\">\n<p data-start=\"1932\" data-end=\"1973\">Planejamento estrat\u00e9gico de comunica\u00e7\u00e3o<\/p>\n<\/li>\n<li data-start=\"1977\" data-end=\"2021\">\n<p data-start=\"1979\" data-end=\"2021\">Cria\u00e7\u00e3o e gest\u00e3o de campanhas integradas<\/p>\n<\/li>\n<li data-start=\"2025\" data-end=\"2090\">\n<p data-start=\"2027\" data-end=\"2090\">Otimiza\u00e7\u00e3o da presen\u00e7a digital (SEO, redes sociais, branding)<\/p>\n<\/li>\n<\/ul><\/div>\n<\/p><\/div>\n<p><!-- .dslc-accordion-content --><\/p><\/div>\n<p><!-- .dslc-accordion-item --><\/p>\n<div class=\"dslc-accordion-item\" id=\"accordion-2\">\n<div class=\"dslc-accordion-header dslc-accordion-hook\">\n\t\t\t\t\t\t\t\t\t<span class=\"dslc-accordion-title\" >  Benef\u00edcios para sua empresa  <\/span><\/p>\n<div class=\"dslca-accordion-action-hooks\">\n\t\t\t\t\t\t\t\t\t\t\t<span class=\"dslca-toggle-accordion-hook\"><span class=\"dslca-icon dslc-icon-minus\"><\/span><\/span>\n\t\t\t\t\t\t\t\t\t\t<\/div>\n<\/p><\/div>\n<div class=\"dslc-accordion-content\">\n<div class=\"dslca-editable-content\">\n<ul>\n<li data-start=\"2132\" data-end=\"2169\">\n<p data-start=\"2134\" data-end=\"2169\">Melhor posicionamento competitivo<\/p>\n<\/li>\n<li data-start=\"2173\" data-end=\"2217\">\n<p data-start=\"2175\" data-end=\"2217\">Engajamento com clientes e colaboradores<\/p>\n<\/li>\n<li data-start=\"2221\" data-end=\"2259\">\n<p data-start=\"2223\" data-end=\"2259\">Crescimento sustent\u00e1vel no mercado<\/p>\n<\/li>\n<\/ul><\/div>\n<\/p><\/div>\n<p><!-- .dslc-accordion-content --><\/p><\/div>\n<p><!-- .dslc-accordion-item --><\/p>\n<div class=\"dslc-accordion-item\" id=\"accordion-3\">\n<div class=\"dslc-accordion-header dslc-accordion-hook\">\n\t\t\t\t\t\t\t\t\t<span class=\"dslc-accordion-title\" >  Como a Core Group pode ajudar<\/span><\/p>\n<div class=\"dslca-accordion-action-hooks\">\n\t\t\t\t\t\t\t\t\t\t\t<span class=\"dslca-toggle-accordion-hook\"><span class=\"dslca-icon dslc-icon-minus\"><\/span><\/span>\n\t\t\t\t\t\t\t\t\t\t<\/div>\n<\/p><\/div>\n<div class=\"dslc-accordion-content\">\n<div class=\"dslca-editable-content\">\n<p data-start=\"2264\" data-end=\"2412\">Experi\u00eancia em diferentes segmentos, equipe multidisciplinar e cases de sucesso em comunica\u00e7\u00e3o e marketing.<\/p>\n<\/p><\/div>\n<\/p><\/div>\n<p><!-- .dslc-accordion-content --><\/p><\/div>\n<p><!-- .dslc-accordion-item --><\/p><\/div>\n<p><!-- .dslc-accordion --><\/p><\/div>\n<p><!-- .dslc-module -->\n\t\t<\/div>\n<\/div>\n<\/div>\n<div id=\"email-subscription\" class=\"dslc-modules-section\" style=\"padding-bottom:158px;padding-top:158px;background-color:#334a73;background-image:url(https:\/\/coregroup.com.br\/pt-br\/wp-content\/uploads\/2020\/01\/newsletter.jpg);background-position:center center;background-attachment:fixed;\" data-section-id=\"a87b9a20025\">\n<div class=\"dslc-modules-section-wrapper dslc-clearfix\">\n<style type=\"text\/css\" id=\"dslca-modules-area-\"><\/style>\n<div  class=\"dslc-modules-area dslc-col dslc-12-col dslc-last-col dslc-valign-\" data-size=\"12\" data-valign=\"\" data-modules-area-id=\"\" >\n<div id=\"dslc-module-425b619f45d\" class=\"dslc-module-front dslc-module-DSLC_Info_Box dslc-in-viewport-check dslc-in-viewport-anim-none  dslc-col dslc-12-col dslc-last-col  dslc-module-handle-like-regular\" data-module-id=\"425b619f45d\" data-module=\"DSLC_Info_Box\" data-dslc-module-size=\"12\" data-dslc-anim=\"none\" data-dslc-anim-delay=\"\" data-dslc-anim-duration=\"650\"  data-dslc-anim-easing=\"ease\" data-dslc-preset=\"none\" >\n<div class=\"dslc-info-box dslc-info-box-icon-pos-above dslc-info-box-image-pos-above\">\n<div class=\"dslc-info-box-wrapper\">\n<div class=\"dslc-info-box-main-wrap dslc-clearfix\">\n<div class=\"dslc-info-box-image\">\n<div class=\"dslc-info-box-image-inner\">\n\t\t\t\t\t\t\t\t\t\t\t\t\t\t\t\t\t\t\t<span class=\"dslc-icon dslc-icon-ext-linegraph\"><\/span>\n\t\t\t\t\t\t\t\t\t\t\t\t\t\t\t\t\t\t\t\t\t\t\t\t\t\t<\/div>\n<p><!-- .dslc-info-box-image-inner -->\n\t\t\t\t\t\t\t<\/div>\n<p><!-- .dslc-info-box-image --><\/p>\n<div class=\"dslc-info-box-main\">\n<div class=\"dslc-info-box-title\">\n<h4 >Quer potencializar o marketing da sua empresa?<\/h4>\n<\/p><\/div>\n<p><!-- .dslc-info-box-title --><\/p><\/div>\n<p><!-- .dslc-info-box-main --><\/p><\/div>\n<p><!-- .dslc-info-box-main-wrap --><\/p><\/div>\n<p><!-- .dslc-info-box-wrapper --><\/p><\/div>\n<p><!-- .dslc-info-box --><\/p><\/div>\n<p><!-- .dslc-module -->\n\t\t<\/div>\n<style type=\"text\/css\" id=\"dslca-modules-area-\"><\/style>\n<div  class=\"dslc-modules-area dslc-col dslc-12-col dslc-last-col dslc-valign-\" data-size=\"12\" data-valign=\"\" data-modules-area-id=\"\" >\n<div id=\"dslc-module-7b36b0adfac\" class=\"dslc-module-front dslc-module-DSLC_Button dslc-in-viewport-check dslc-in-viewport-anim-none  dslc-col dslc-12-col dslc-last-col  dslc-module-handle-like-regular\" data-module-id=\"7b36b0adfac\" data-module=\"DSLC_Button\" data-dslc-module-size=\"12\" data-dslc-anim=\"none\" data-dslc-anim-delay=\"\" data-dslc-anim-duration=\"650\"  data-dslc-anim-easing=\"ease\" data-dslc-preset=\"none\" >\n<div class=\"dslc-button\">\n\t\t\t\t\t\t\t\t\t<a href=\"\/pt-br\/agende-sua-visita-ou-reuniao\/\" target=\"_self\"  onClick=\"\" class=\"\"><br \/>\n\t\t\t\t\t\t\t\t\t\t\t\t\t\t\t\t\t\t\t\t\t<span class=\"dslc-icon dslc-icon-ext-location2\"><\/span><br \/>\n\t\t\t\t\t\t\t\t\t\t\t\t\t\t\t\t\t\t\t\t\t\t\t\t\t\t<span>solicite uma proposta<\/span><br \/>\n\t\t\t\t\t\t\t\t\t\t\t\t\t\t\t\t\t<\/a>\n\t\t\t\t\t\t\t<\/div>\n<p><!-- .dslc-button --><\/p><\/div>\n<p><!-- .dslc-module -->\n\t\t<\/div>\n<\/div>\n<\/div>\n<\/div>\n<\/div><\/div>","protected":false},"excerpt":{"rendered":"<p>Consultoria de Comunica\u00e7\u00e3o e Marketing \u00a0 Consultoria de Comunica\u00e7\u00e3o e Marketing \u00e9 essencial para empresas que desejam fortalecer sua marca, melhorar a visibilidade e adotar estrat\u00e9gias eficazes de engajamento. A Core Group oferece solu\u00e7\u00f5es personalizadas que unem planejamento estrat\u00e9gico e execu\u00e7\u00e3o. Para ter sucesso, antes de elaborar qualquer planejamento, \u00e9 importante a empresa definir a [&hellip;]<\/p>","protected":false},"author":3,"featured_media":0,"parent":20100,"menu_order":0,"comment_status":"closed","ping_status":"closed","template":"","meta":{"footnotes":"","_joinchat":[]},"_links":{"self":[{"href":"https:\/\/coregroup.com.br\/pt-br\/wp-json\/wp\/v2\/pages\/3760"}],"collection":[{"href":"https:\/\/coregroup.com.br\/pt-br\/wp-json\/wp\/v2\/pages"}],"about":[{"href":"https:\/\/coregroup.com.br\/pt-br\/wp-json\/wp\/v2\/types\/page"}],"author":[{"embeddable":true,"href":"https:\/\/coregroup.com.br\/pt-br\/wp-json\/wp\/v2\/users\/3"}],"replies":[{"embeddable":true,"href":"https:\/\/coregroup.com.br\/pt-br\/wp-json\/wp\/v2\/comments?post=3760"}],"version-history":[{"count":0,"href":"https:\/\/coregroup.com.br\/pt-br\/wp-json\/wp\/v2\/pages\/3760\/revisions"}],"up":[{"embeddable":true,"href":"https:\/\/coregroup.com.br\/pt-br\/wp-json\/wp\/v2\/pages\/20100"}],"wp:attachment":[{"href":"https:\/\/coregroup.com.br\/pt-br\/wp-json\/wp\/v2\/media?parent=3760"}],"curies":[{"name":"wp","href":"https:\/\/api.w.org\/{rel}","templated":true}]}}