{"id":2922,"date":"2012-12-12T12:12:12","date_gmt":"2012-12-12T14:12:12","guid":{"rendered":"http:\/\/seowp-dev\/dslc_templates\/2922\/"},"modified":"2025-08-18T10:58:56","modified_gmt":"2025-08-18T13:58:56","slug":"blog","status":"publish","type":"page","link":"https:\/\/coregroup.com.br\/pt-br\/blog\/","title":{"rendered":"Blog"},"content":{"rendered":"<div id=\"dslc-theme-content\"><div id=\"dslc-theme-content-inner\"><div id=\"dslc-main\">\n<div  class=\"dslc-modules-section  dslc-full blog-noauthor blog-balanced-thumbnail blog-add-icons\" style=\"padding-bottom:0px;padding-top:0px;background-color:rgb(241, 241, 241);border-right-style: hidden; border-left-style: hidden; \" data-section-id=\"d59715a061b\">\n<div class=\"dslc-modules-section-wrapper dslc-clearfix\"><\/div>\n<\/div>\n<div  class=\"dslc-modules-section\" style=\"padding-bottom:63px;padding-top:63px;padding-left:5%;padding-right:5%;background-color:rgba(0,0,0,0);border-top-style: hidden; border-right-style: hidden; border-left-style: hidden; \" data-section-id=\"8cd9b86157f\">\n<div class=\"dslc-modules-section-wrapper dslc-clearfix\">\n<style type=\"text\/css\" id=\"dslca-modules-area-\"><\/style>\n<div  class=\"dslc-modules-area dslc-col dslc-9-col dslc-first-col dslc-valign-\" data-size=\"9\" data-valign=\"\" data-modules-area-id=\"\" >\n<div id=\"dslc-module-bedf9eb726d\" class=\"dslc-module-front dslc-module-DSLC_Blog dslc-in-viewport-check dslc-in-viewport-anim-none  dslc-col dslc-12-col dslc-last-col  dslc-module-handle-like-regular\" data-module-id=\"bedf9eb726d\" data-module=\"DSLC_Blog\" data-dslc-module-size=\"12\" data-dslc-anim=\"none\" data-dslc-anim-delay=\"\" data-dslc-anim-duration=\"650\"  data-dslc-anim-easing=\"ease\" data-dslc-preset=\"none\" >\n<div class=\"dslc-posts dslc-blog-posts dslc-clearfix dslc-blog-posts-type-grid dslc-posts-orientation-vertical dslc-init-grid\">\r\n\t\t\t\r\n\t\t\t\r\n\t\t<div class=\"dslc-posts-inner\">\r\n\t<div class=\"dslc-post dslc-blog-post dslc-col dslc-12-col  dslc-last-col dslc-post-format-standard\" data-cats=\"comunicacao gestao varejo vendas \">\r\n\r\n\t\r\n\t\t\t\t\t\t\t\t\r\n\t\t\t\t\t\t\t\t\t<div class=\"dslc-blog-post-thumb dslc-post-thumb dslc-on-hover-anim\">\r\n\r\n\t\t\t\t\t\t\t\t\t\t\r\n\t\t\t\t\t\t\t\t\t\t\t<div class=\"dslc-blog-post-thumb-inner dslca-post-thumb\">\r\n\t\t\t\t\t\t\t\t\t\t\t\t\r\n\t\t\t\t\t\t\t\t\t\t\t\t\t\t\t\t\t\t\t\t\t\t\t\t\t<a href=\"https:\/\/coregroup.com.br\/pt-br\/licao-da-galinha-para-a-comunicacao-do-ecossistema-varejista-brasileiro\/\" class=\"\"><img width=\"600\" height=\"400\" src=\"https:\/\/coregroup.com.br\/pt-br\/wp-content\/uploads\/2024\/04\/post-ecossistema.jpg\" class=\"attachment-full size-full wp-post-image\" alt=\"\" decoding=\"async\" title=\"post-ecossistema\" srcset=\"https:\/\/coregroup.com.br\/pt-br\/wp-content\/uploads\/2024\/04\/post-ecossistema.jpg 600w,   https:\/\/coregroup.com.br\/pt-br\/wp-content\/uploads\/2024\/04\/post-ecossistema-300x200.jpg 300w\" sizes=\"(max-width: 600px) 100vw, 600px\" \/><\/a>\r\n\t\t\t\t\t\t\t\t\t\t\t\t\t\t\t\t\t\t\t\t\t\t\t<\/div><!-- .dslc-blog-post-thumb-inner -->\r\n\r\n\t\t\t\t\t\t\t\t\t\t\r\n\t\t\t\t\t\t\t\t\t\t\r\n\t\t\t\t\t\t\t\t\t<\/div><!-- .dslc-blog-post-thumb -->\r\n\r\n\t\t\t\t\t\t\t\t\r\n\t\t\t\t\t\t\t\r\n\t\t\t\t\t\t\t\r\n\t\t\t\t\t\t\t\t<div class=\"dslc-post-main dslc-blog-post-main\">\r\n\r\n\t\t\t\t\t\t\t\t\t\r\n\t\t\t\t\t\t\t\t\t\r\n\t\t\t\t\t\t\t\t\t\t<div class=\"dslc-blog-post-title\">\r\n\t\t\t\t\t\t\t\t\t\t\t<h2><a href=\"https:\/\/coregroup.com.br\/pt-br\/licao-da-galinha-para-a-comunicacao-do-ecossistema-varejista-brasileiro\/\">Li\u00e7\u00e3o da galinha para a comunica\u00e7\u00e3o do ecossistema varejista brasileiro<\/a><\/h2>\r\n\t\t\t\t\t\t\t\t\t\t<\/div><!-- .dslc-blog-post-title -->\r\n\r\n\t\t\t\t\t\t\t\t\t\r\n\t\t\t\t\t\t\t\t\t\r\n\t\t\t\t\t\t\t\t\t\t\r\n\t\t\t\t\t\t\t\t\t\t<div class=\"dslc-blog-post-meta\">\r\n\r\n\t\t\t\t\t\t\t\t\t\t\t\r\n\t\t\t\t\t\t\t\t\t\t\t\t\t\t\t\t\t\t\t\t\t\t\t<div class=\"dslc-blog-post-meta-date\">\r\n\t\t\t\t\t\t\t\t\t\t\t\t\t17 de abril de 2024\t\t\t\t\t\t\t\t\t\t\t\t<\/div><!-- .dslc-blog-post-meta-date -->\r\n\t\t\t\t\t\t\t\t\t\t\t\r\n\t\t\t\t\t\t\t\t\t\t\t\r\n\t\t\t\t\t\t\t\t\t\t\t<div class=\"clearfix\"><\/div>\r\n\r\n\t\t\t\t\t\t\t\t\t\t\t<div class=\"meta-category\">\r\n\t\t\t\t\t\t\t\t\t\t\t\t\t\t\t\t\t\t\t\t\t\t\t\t\t<div class=\"dslc-blog-post-meta-category\">\r\n\t\t\t\t\t\t\t\t\t\t\t\t\t\tcomunica\u00e7\u00e3o, Gest\u00e3o, Varejo, Vendas\t\t\t\t\t\t\t\t\t\t\t\t\t<\/div><!-- .dslc-blog-post-meta-category -->\r\n\t\t\t\t\t\t\t\t\t\t\t\t\t\t\t\t\t\t\t\t\t\t\t\t\t\t\t\t\t\t\t\t\t\t\t<\/div>\r\n\r\n\t\t\t\t\t\t\t\t\t\t<\/div><!-- .dslc-blog-post-meta -->\r\n\t\t\t\t\t\t\t\t\t\t\r\n\t\t\t\t\t\t\t\t\t\r\n\t\t\t\t\t\t\t\t\t\r\n\t\t\t\t\t\t\t\t\t\t<div class=\"dslc-blog-post-excerpt\">\r\n\t\t\t\t\t\t\t\t\t\t\t\t\t\t\t\t\t\t\t\t\t\t\tO que faz uma multinacional ou at\u00e9 mesmo uma microempresa se sobressair entre seus concorrentes, principalmente no disputad\u00edssimo &nbsp;ecossistemavarejistabrasileiro? Pergunta complexa, n\u00e3o?! Cada dia mais, s\u00e3o aquelas que t\u00eam um &nbsp;prop\u00f3sito, opera\u00e7\u00f5es bem estruturadas e uma gest\u00e3o antenada e conectada&hellip;\t\t\t\t\t\t\t\t\t\t\t\t\t\t\t\t\t\t\t\t\t<\/div><!-- .dslc-blog-post-excerpt -->\r\n\r\n\t\t\t\t\t\t\t\t\t\r\n\t\t\t\t\t\t\t\t\t\r\n\t\t\t\t\t\t\t\t\t\t<div class=\"dslc-blog-post-read-more\">\r\n\t\t\t\t\t\t\t\t\t\t\t<a href=\"https:\/\/coregroup.com.br\/pt-br\/licao-da-galinha-para-a-comunicacao-do-ecossistema-varejista-brasileiro\/\">\r\n\t\t\t\t\t\t\t\t\t\t\t\t\t\t\t\t\t\t\t\t\t\t\t\t\t<span class=\"dslc-icon dslc-icon-ext-paper\"><\/span>\t\r\n\t\t\t\t\t\t\t\t\t\t\t\t\t\t\t\t\t\t\t\t\t\t\t\tContinuar lendo\t\t\t\t\t\t\t\t\t\t\t<\/a>\r\n\t\t\t\t\t\t\t\t\t\t<\/div><!-- .dslc-blog-post-read-more -->\r\n\r\n\t\t\t\t\t\t\t\t\t\r\n\t\t\t\t\t\t\t\t<\/div><!-- .blog-post-main -->\r\n\r\n\t\t\t\t\t\t\t\t\r\n\t\t\t\t\t\t\t\t\r\n\t\t\t\t\t\t\t\r\n\t\t\t\t\t\t<\/div><!-- .dslc-blog-post -->\r\n\r\n\t\t\t\t\t\t\r\n\t\t\t\t\t\t<div class=\"dslc-post-separator\"><\/div>\r\n\t<div class=\"dslc-post dslc-blog-post dslc-col dslc-12-col  dslc-last-col dslc-post-format-standard\" data-cats=\"comunicacao \">\r\n\r\n\t\r\n\t\t\t\t\t\t\t\t\r\n\t\t\t\t\t\t\t\t\t<div class=\"dslc-blog-post-thumb dslc-post-thumb dslc-on-hover-anim\">\r\n\r\n\t\t\t\t\t\t\t\t\t\t\r\n\t\t\t\t\t\t\t\t\t\t\t<div class=\"dslc-blog-post-thumb-inner dslca-post-thumb\">\r\n\t\t\t\t\t\t\t\t\t\t\t\t\r\n\t\t\t\t\t\t\t\t\t\t\t\t\t\t\t\t\t\t\t\t\t\t\t\t\t<a href=\"https:\/\/coregroup.com.br\/pt-br\/comunicacao-visual-em-logistica-e-transporte\/\" class=\"\"><img width=\"600\" height=\"395\" src=\"https:\/\/coregroup.com.br\/pt-br\/wp-content\/uploads\/2024\/03\/hand-holds-green-logistics-symbol-2023-11-27-05-26-45-utc-1-scaled-e1710987906930.jpg\" class=\"attachment-full size-full wp-post-image\" alt=\"\" decoding=\"async\" title=\"hand-holds-green-logistics-symbol-2023-11-27-05-26-45-utc (1)\" \/><\/a>\r\n\t\t\t\t\t\t\t\t\t\t\t\t\t\t\t\t\t\t\t\t\t\t\t<\/div><!-- .dslc-blog-post-thumb-inner -->\r\n\r\n\t\t\t\t\t\t\t\t\t\t\r\n\t\t\t\t\t\t\t\t\t\t\r\n\t\t\t\t\t\t\t\t\t<\/div><!-- .dslc-blog-post-thumb -->\r\n\r\n\t\t\t\t\t\t\t\t\r\n\t\t\t\t\t\t\t\r\n\t\t\t\t\t\t\t\r\n\t\t\t\t\t\t\t\t<div class=\"dslc-post-main dslc-blog-post-main\">\r\n\r\n\t\t\t\t\t\t\t\t\t\r\n\t\t\t\t\t\t\t\t\t\r\n\t\t\t\t\t\t\t\t\t\t<div class=\"dslc-blog-post-title\">\r\n\t\t\t\t\t\t\t\t\t\t\t<h2><a href=\"https:\/\/coregroup.com.br\/pt-br\/comunicacao-visual-em-logistica-e-transporte\/\">Comunica\u00e7\u00e3o visual em log\u00edstica e transporte<\/a><\/h2>\r\n\t\t\t\t\t\t\t\t\t\t<\/div><!-- .dslc-blog-post-title -->\r\n\r\n\t\t\t\t\t\t\t\t\t\r\n\t\t\t\t\t\t\t\t\t\r\n\t\t\t\t\t\t\t\t\t\t\r\n\t\t\t\t\t\t\t\t\t\t<div class=\"dslc-blog-post-meta\">\r\n\r\n\t\t\t\t\t\t\t\t\t\t\t\r\n\t\t\t\t\t\t\t\t\t\t\t\t\t\t\t\t\t\t\t\t\t\t\t<div class=\"dslc-blog-post-meta-date\">\r\n\t\t\t\t\t\t\t\t\t\t\t\t\t20 de mar\u00e7o de 2024\t\t\t\t\t\t\t\t\t\t\t\t<\/div><!-- .dslc-blog-post-meta-date -->\r\n\t\t\t\t\t\t\t\t\t\t\t\r\n\t\t\t\t\t\t\t\t\t\t\t\r\n\t\t\t\t\t\t\t\t\t\t\t<div class=\"clearfix\"><\/div>\r\n\r\n\t\t\t\t\t\t\t\t\t\t\t<div class=\"meta-category\">\r\n\t\t\t\t\t\t\t\t\t\t\t\t\t\t\t\t\t\t\t\t\t\t\t\t\t<div class=\"dslc-blog-post-meta-category\">\r\n\t\t\t\t\t\t\t\t\t\t\t\t\t\tcomunica\u00e7\u00e3o\t\t\t\t\t\t\t\t\t\t\t\t\t<\/div><!-- .dslc-blog-post-meta-category -->\r\n\t\t\t\t\t\t\t\t\t\t\t\t\t\t\t\t\t\t\t\t\t\t\t\t\t\t\t\t\t\t\t\t\t\t\t<\/div>\r\n\r\n\t\t\t\t\t\t\t\t\t\t<\/div><!-- .dslc-blog-post-meta -->\r\n\t\t\t\t\t\t\t\t\t\t\r\n\t\t\t\t\t\t\t\t\t\r\n\t\t\t\t\t\t\t\t\t\r\n\t\t\t\t\t\t\t\t\t\t<div class=\"dslc-blog-post-excerpt\">\r\n\t\t\t\t\t\t\t\t\t\t\t\t\t\t\t\t\t\t\t\t\t\t\tA comunica\u00e7\u00e3o visual desempenha um papel fundamental na log\u00edstica e transporte, permitindo a transmiss\u00e3o eficiente de informa\u00e7\u00f5es relevantes aos envolvidos nessas \u00e1reas. No contexto espec\u00edfico dos ve\u00edculos de transporte, o uso da comunica\u00e7\u00e3o visual se torna ainda mais crucial, uma&hellip;\t\t\t\t\t\t\t\t\t\t\t\t\t\t\t\t\t\t\t\t\t<\/div><!-- .dslc-blog-post-excerpt -->\r\n\r\n\t\t\t\t\t\t\t\t\t\r\n\t\t\t\t\t\t\t\t\t\r\n\t\t\t\t\t\t\t\t\t\t<div class=\"dslc-blog-post-read-more\">\r\n\t\t\t\t\t\t\t\t\t\t\t<a href=\"https:\/\/coregroup.com.br\/pt-br\/comunicacao-visual-em-logistica-e-transporte\/\">\r\n\t\t\t\t\t\t\t\t\t\t\t\t\t\t\t\t\t\t\t\t\t\t\t\t\t<span class=\"dslc-icon dslc-icon-ext-paper\"><\/span>\t\r\n\t\t\t\t\t\t\t\t\t\t\t\t\t\t\t\t\t\t\t\t\t\t\t\tContinuar lendo\t\t\t\t\t\t\t\t\t\t\t<\/a>\r\n\t\t\t\t\t\t\t\t\t\t<\/div><!-- .dslc-blog-post-read-more -->\r\n\r\n\t\t\t\t\t\t\t\t\t\r\n\t\t\t\t\t\t\t\t<\/div><!-- .blog-post-main -->\r\n\r\n\t\t\t\t\t\t\t\t\r\n\t\t\t\t\t\t\t\t\r\n\t\t\t\t\t\t\t\r\n\t\t\t\t\t\t<\/div><!-- .dslc-blog-post -->\r\n\r\n\t\t\t\t\t\t\r\n\t\t\t\t\t\t<div class=\"dslc-post-separator\"><\/div>\r\n\t<div class=\"dslc-post dslc-blog-post dslc-col dslc-12-col  dslc-last-col dslc-post-format-standard\" data-cats=\"comunicacao \">\r\n\r\n\t\r\n\t\t\t\t\t\t\t\t\r\n\t\t\t\t\t\t\t\t\t<div class=\"dslc-blog-post-thumb dslc-post-thumb dslc-on-hover-anim\">\r\n\r\n\t\t\t\t\t\t\t\t\t\t\r\n\t\t\t\t\t\t\t\t\t\t\t<div class=\"dslc-blog-post-thumb-inner dslca-post-thumb\">\r\n\t\t\t\t\t\t\t\t\t\t\t\t\r\n\t\t\t\t\t\t\t\t\t\t\t\t\t\t\t\t\t\t\t\t\t\t\t\t\t<a href=\"https:\/\/coregroup.com.br\/pt-br\/explore-as-tecnologias-emergentes-na-comunicacao-visual-industrial\/\" class=\"\"><img width=\"600\" height=\"400\" src=\"https:\/\/coregroup.com.br\/pt-br\/wp-content\/uploads\/2024\/03\/industry-4-0-young-engineer-works-at-a-robotic-ar-2023-11-27-04-52-03-utc-1-scaled-e1710987233699.jpg\" class=\"attachment-full size-full wp-post-image\" alt=\"\" decoding=\"async\" title=\"industry-4-0-young-engineer-works-at-a-robotic-ar-2023-11-27-04-52-03-utc (1)\" \/><\/a>\r\n\t\t\t\t\t\t\t\t\t\t\t\t\t\t\t\t\t\t\t\t\t\t\t<\/div><!-- .dslc-blog-post-thumb-inner -->\r\n\r\n\t\t\t\t\t\t\t\t\t\t\r\n\t\t\t\t\t\t\t\t\t\t\r\n\t\t\t\t\t\t\t\t\t<\/div><!-- .dslc-blog-post-thumb -->\r\n\r\n\t\t\t\t\t\t\t\t\r\n\t\t\t\t\t\t\t\r\n\t\t\t\t\t\t\t\r\n\t\t\t\t\t\t\t\t<div class=\"dslc-post-main dslc-blog-post-main\">\r\n\r\n\t\t\t\t\t\t\t\t\t\r\n\t\t\t\t\t\t\t\t\t\r\n\t\t\t\t\t\t\t\t\t\t<div class=\"dslc-blog-post-title\">\r\n\t\t\t\t\t\t\t\t\t\t\t<h2><a href=\"https:\/\/coregroup.com.br\/pt-br\/explore-as-tecnologias-emergentes-na-comunicacao-visual-industrial\/\">Explore as tecnologias emergentes na comunica\u00e7\u00e3o visual industrial<\/a><\/h2>\r\n\t\t\t\t\t\t\t\t\t\t<\/div><!-- .dslc-blog-post-title -->\r\n\r\n\t\t\t\t\t\t\t\t\t\r\n\t\t\t\t\t\t\t\t\t\r\n\t\t\t\t\t\t\t\t\t\t\r\n\t\t\t\t\t\t\t\t\t\t<div class=\"dslc-blog-post-meta\">\r\n\r\n\t\t\t\t\t\t\t\t\t\t\t\r\n\t\t\t\t\t\t\t\t\t\t\t\t\t\t\t\t\t\t\t\t\t\t\t<div class=\"dslc-blog-post-meta-date\">\r\n\t\t\t\t\t\t\t\t\t\t\t\t\t20 de mar\u00e7o de 2024\t\t\t\t\t\t\t\t\t\t\t\t<\/div><!-- .dslc-blog-post-meta-date -->\r\n\t\t\t\t\t\t\t\t\t\t\t\r\n\t\t\t\t\t\t\t\t\t\t\t\r\n\t\t\t\t\t\t\t\t\t\t\t<div class=\"clearfix\"><\/div>\r\n\r\n\t\t\t\t\t\t\t\t\t\t\t<div class=\"meta-category\">\r\n\t\t\t\t\t\t\t\t\t\t\t\t\t\t\t\t\t\t\t\t\t\t\t\t\t<div class=\"dslc-blog-post-meta-category\">\r\n\t\t\t\t\t\t\t\t\t\t\t\t\t\tcomunica\u00e7\u00e3o\t\t\t\t\t\t\t\t\t\t\t\t\t<\/div><!-- .dslc-blog-post-meta-category -->\r\n\t\t\t\t\t\t\t\t\t\t\t\t\t\t\t\t\t\t\t\t\t\t\t\t\t\t\t\t\t\t\t\t\t\t\t<\/div>\r\n\r\n\t\t\t\t\t\t\t\t\t\t<\/div><!-- .dslc-blog-post-meta -->\r\n\t\t\t\t\t\t\t\t\t\t\r\n\t\t\t\t\t\t\t\t\t\r\n\t\t\t\t\t\t\t\t\t\r\n\t\t\t\t\t\t\t\t\t\t<div class=\"dslc-blog-post-excerpt\">\r\n\t\t\t\t\t\t\t\t\t\t\t\t\t\t\t\t\t\t\t\t\t\t\tA comunica\u00e7\u00e3o visual ganha cada vez mais destaque na ind\u00fastria, permitindo a transmiss\u00e3o de informa\u00e7\u00f5es de maneira clara e eficaz. Com o avan\u00e7o tecnol\u00f3gico, novas possibilidades est\u00e3o emergindo, proporcionando um cen\u00e1rio promissor para a aplica\u00e7\u00e3o de tecnologias emergentes na comunica\u00e7\u00e3o&hellip;\t\t\t\t\t\t\t\t\t\t\t\t\t\t\t\t\t\t\t\t\t<\/div><!-- .dslc-blog-post-excerpt -->\r\n\r\n\t\t\t\t\t\t\t\t\t\r\n\t\t\t\t\t\t\t\t\t\r\n\t\t\t\t\t\t\t\t\t\t<div class=\"dslc-blog-post-read-more\">\r\n\t\t\t\t\t\t\t\t\t\t\t<a href=\"https:\/\/coregroup.com.br\/pt-br\/explore-as-tecnologias-emergentes-na-comunicacao-visual-industrial\/\">\r\n\t\t\t\t\t\t\t\t\t\t\t\t\t\t\t\t\t\t\t\t\t\t\t\t\t<span class=\"dslc-icon dslc-icon-ext-paper\"><\/span>\t\r\n\t\t\t\t\t\t\t\t\t\t\t\t\t\t\t\t\t\t\t\t\t\t\t\tContinuar lendo\t\t\t\t\t\t\t\t\t\t\t<\/a>\r\n\t\t\t\t\t\t\t\t\t\t<\/div><!-- .dslc-blog-post-read-more -->\r\n\r\n\t\t\t\t\t\t\t\t\t\r\n\t\t\t\t\t\t\t\t<\/div><!-- .blog-post-main -->\r\n\r\n\t\t\t\t\t\t\t\t\r\n\t\t\t\t\t\t\t\t\r\n\t\t\t\t\t\t\t\r\n\t\t\t\t\t\t<\/div><!-- .dslc-blog-post -->\r\n\r\n\t\t\t\t\t\t\r\n\t\t\t\t\t\t<div class=\"dslc-post-separator\"><\/div>\r\n\t<div class=\"dslc-post dslc-blog-post dslc-col dslc-12-col  dslc-last-col dslc-post-format-standard\" data-cats=\"comunicacao \">\r\n\r\n\t\r\n\t\t\t\t\t\t\t\t\r\n\t\t\t\t\t\t\t\t\t<div class=\"dslc-blog-post-thumb dslc-post-thumb dslc-on-hover-anim\">\r\n\r\n\t\t\t\t\t\t\t\t\t\t\r\n\t\t\t\t\t\t\t\t\t\t\t<div class=\"dslc-blog-post-thumb-inner dslca-post-thumb\">\r\n\t\t\t\t\t\t\t\t\t\t\t\t\r\n\t\t\t\t\t\t\t\t\t\t\t\t\t\t\t\t\t\t\t\t\t\t\t\t\t<a href=\"https:\/\/coregroup.com.br\/pt-br\/estrategias-para-integrar-a-comunicacao-visual-com-o-ambiente-fisico-da-industria\/\" class=\"\"><img width=\"600\" height=\"401\" src=\"https:\/\/coregroup.com.br\/pt-br\/wp-content\/uploads\/2024\/03\/metal-industry-worker-at-factory-2023-11-27-05-04-43-utc-1-scaled-e1710985794240.jpg\" class=\"attachment-full size-full wp-post-image\" alt=\"\" decoding=\"async\" title=\"metal-industry-worker-at-factory-2023-11-27-05-04-43-utc (1)\" \/><\/a>\r\n\t\t\t\t\t\t\t\t\t\t\t\t\t\t\t\t\t\t\t\t\t\t\t<\/div><!-- .dslc-blog-post-thumb-inner -->\r\n\r\n\t\t\t\t\t\t\t\t\t\t\r\n\t\t\t\t\t\t\t\t\t\t\r\n\t\t\t\t\t\t\t\t\t<\/div><!-- .dslc-blog-post-thumb -->\r\n\r\n\t\t\t\t\t\t\t\t\r\n\t\t\t\t\t\t\t\r\n\t\t\t\t\t\t\t\r\n\t\t\t\t\t\t\t\t<div class=\"dslc-post-main dslc-blog-post-main\">\r\n\r\n\t\t\t\t\t\t\t\t\t\r\n\t\t\t\t\t\t\t\t\t\r\n\t\t\t\t\t\t\t\t\t\t<div class=\"dslc-blog-post-title\">\r\n\t\t\t\t\t\t\t\t\t\t\t<h2><a href=\"https:\/\/coregroup.com.br\/pt-br\/estrategias-para-integrar-a-comunicacao-visual-com-o-ambiente-fisico-da-industria\/\">Estrat\u00e9gias para integrar a comunica\u00e7\u00e3o visual com o ambiente f\u00edsico da ind\u00fastria<\/a><\/h2>\r\n\t\t\t\t\t\t\t\t\t\t<\/div><!-- .dslc-blog-post-title -->\r\n\r\n\t\t\t\t\t\t\t\t\t\r\n\t\t\t\t\t\t\t\t\t\r\n\t\t\t\t\t\t\t\t\t\t\r\n\t\t\t\t\t\t\t\t\t\t<div class=\"dslc-blog-post-meta\">\r\n\r\n\t\t\t\t\t\t\t\t\t\t\t\r\n\t\t\t\t\t\t\t\t\t\t\t\t\t\t\t\t\t\t\t\t\t\t\t<div class=\"dslc-blog-post-meta-date\">\r\n\t\t\t\t\t\t\t\t\t\t\t\t\t20 de mar\u00e7o de 2024\t\t\t\t\t\t\t\t\t\t\t\t<\/div><!-- .dslc-blog-post-meta-date -->\r\n\t\t\t\t\t\t\t\t\t\t\t\r\n\t\t\t\t\t\t\t\t\t\t\t\r\n\t\t\t\t\t\t\t\t\t\t\t<div class=\"clearfix\"><\/div>\r\n\r\n\t\t\t\t\t\t\t\t\t\t\t<div class=\"meta-category\">\r\n\t\t\t\t\t\t\t\t\t\t\t\t\t\t\t\t\t\t\t\t\t\t\t\t\t<div class=\"dslc-blog-post-meta-category\">\r\n\t\t\t\t\t\t\t\t\t\t\t\t\t\tcomunica\u00e7\u00e3o\t\t\t\t\t\t\t\t\t\t\t\t\t<\/div><!-- .dslc-blog-post-meta-category -->\r\n\t\t\t\t\t\t\t\t\t\t\t\t\t\t\t\t\t\t\t\t\t\t\t\t\t\t\t\t\t\t\t\t\t\t\t<\/div>\r\n\r\n\t\t\t\t\t\t\t\t\t\t<\/div><!-- .dslc-blog-post-meta -->\r\n\t\t\t\t\t\t\t\t\t\t\r\n\t\t\t\t\t\t\t\t\t\r\n\t\t\t\t\t\t\t\t\t\r\n\t\t\t\t\t\t\t\t\t\t<div class=\"dslc-blog-post-excerpt\">\r\n\t\t\t\t\t\t\t\t\t\t\t\t\t\t\t\t\t\t\t\t\t\t\tA comunica\u00e7\u00e3o visual exerce um papel central na intera\u00e7\u00e3o entre empresas e p\u00fablico, permitindo transmitir mensagens de maneira \u00e1gil e efetiva. No contexto industrial, a integra\u00e7\u00e3o entre comunica\u00e7\u00e3o visual e o ambiente f\u00edsico se torna fundamental para estabelecer uma identidade&hellip;\t\t\t\t\t\t\t\t\t\t\t\t\t\t\t\t\t\t\t\t\t<\/div><!-- .dslc-blog-post-excerpt -->\r\n\r\n\t\t\t\t\t\t\t\t\t\r\n\t\t\t\t\t\t\t\t\t\r\n\t\t\t\t\t\t\t\t\t\t<div class=\"dslc-blog-post-read-more\">\r\n\t\t\t\t\t\t\t\t\t\t\t<a href=\"https:\/\/coregroup.com.br\/pt-br\/estrategias-para-integrar-a-comunicacao-visual-com-o-ambiente-fisico-da-industria\/\">\r\n\t\t\t\t\t\t\t\t\t\t\t\t\t\t\t\t\t\t\t\t\t\t\t\t\t<span class=\"dslc-icon dslc-icon-ext-paper\"><\/span>\t\r\n\t\t\t\t\t\t\t\t\t\t\t\t\t\t\t\t\t\t\t\t\t\t\t\tContinuar lendo\t\t\t\t\t\t\t\t\t\t\t<\/a>\r\n\t\t\t\t\t\t\t\t\t\t<\/div><!-- .dslc-blog-post-read-more -->\r\n\r\n\t\t\t\t\t\t\t\t\t\r\n\t\t\t\t\t\t\t\t<\/div><!-- .blog-post-main -->\r\n\r\n\t\t\t\t\t\t\t\t\r\n\t\t\t\t\t\t\t\t\r\n\t\t\t\t\t\t\t\r\n\t\t\t\t\t\t<\/div><!-- .dslc-blog-post -->\r\n\r\n\t\t\t\t\t\t\r\n\t\t\t\t\t\t<\/div><!-- .dslc-posts-inner -->\r\n\t\t\t\r\n\t\t\t\r\n\t<\/div><!-- .dslc-blog-posts -->\t\t<div class=\"dslc-pagination dslc-pagination-type-numbered\">\r\n\t\t\t<ul class=\"dslc-clearfix\">\r\n\t\t\t\t<li class='dslc-active'><a href='https:\/\/coregroup.com.br\/pt-br\/wp-json\/wp\/v2\/pages\/2922'>1<\/a><\/li><li class='dslc-inactive'><a class='inactive' href='https:\/\/coregroup.com.br\/pt-br\/wp-json\/wp\/v2\/pages\/2922\/page\/2\/'>2<\/a><\/li><li class='dslc-inactive'><a class='inactive' href='https:\/\/coregroup.com.br\/pt-br\/wp-json\/wp\/v2\/pages\/2922\/page\/3\/'>3<\/a><\/li><li class='dslc-inactive'><a href='https:\/\/coregroup.com.br\/pt-br\/wp-json\/wp\/v2\/pages\/2922\/page\/2\/'>&rsaquo;<\/a><\/li><li class='dslc-inactive'><a href='https:\/\/coregroup.com.br\/pt-br\/wp-json\/wp\/v2\/pages\/2922\/page\/72\/'>&raquo;<\/a><\/li>\t\t\t<\/ul>\r\n\r\n\t\t\t\r\n\t\t<\/div><!-- .dslc-pagination --><\/div>\n<p><!-- .dslc-module -->\n\t\t<\/div>\n<style type=\"text\/css\" id=\"dslca-modules-area-\"><\/style>\n<div  class=\"dslc-modules-area dslc-col dslc-3-col dslc-last-col dslc-valign-\" data-size=\"3\" data-valign=\"\" data-modules-area-id=\"\" >\n<div id=\"dslc-module-1cafadd2661\" class=\"dslc-module-front dslc-module-DSLC_Tabs dslc-in-viewport-check dslc-in-viewport-anim-none  dslc-col dslc-12-col dslc-last-col  dslc-module-handle-like-tabs\" data-module-id=\"1cafadd2661\" data-module=\"DSLC_Tabs\" data-dslc-module-size=\"12\" data-dslc-anim=\"none\" data-dslc-anim-delay=\"\" data-dslc-anim-duration=\"650\"  data-dslc-anim-easing=\"ease\" data-dslc-preset=\"none\" >\n<div class=\"dslc-tabs dslc-tabs-nav-pos-above\">\n<div class=\"dslc-tabs-nav dslc-clearfix\">\n<p>\t\t\t\t\t\t\t\t\t\t\t\t\t<span class=\"dslc-tabs-nav-hook\" id=\"tab-0\"><br \/>\n\t\t\t\t\t\t\t\t<span class=\"dslc-tabs-nav-hook-title\" >CATEGORIAS<\/span><br \/>\n\t\t\t\t\t\t\t\t\t\t\t\t\t\t\t<\/span><\/p><\/div>\n<p><!-- .dslc-tabs-nav --><\/p>\n<div class=\"dslc-tabs-content\">\n<div class=\"dslc-tabs-tab-content\">\n<h4 class=\"dslc-tabs-nav-hook\">CATEGORIAS<\/h4>\n<div class=\"dslca-editable-content\">\n<ul>\n<li class=\"cat-item cat-item-47\"><a href=\"https:\/\/coregroup.com.br\/pt-br\/category\/agencia-de-marketing-digital\/\">Ag\u00eancia de marketing digital<\/a><\/li>\n<li class=\"cat-item cat-item-20\"><a href=\"https:\/\/coregroup.com.br\/pt-br\/category\/assessoria-de-imprensa\/\">Assessoria de Imprensa<\/a><\/li>\n<li class=\"cat-item cat-item-13\"><a href=\"https:\/\/coregroup.com.br\/pt-br\/category\/jobs\/\">Jobs<\/a><\/li>\n<li class=\"cat-item cat-item-7\"><a href=\"https:\/\/coregroup.com.br\/pt-br\/category\/marketing\/\">Marketing<\/a><\/li>\n<li class=\"cat-item cat-item-37\"><a href=\"https:\/\/coregroup.com.br\/pt-br\/category\/marketing-digital\/\">Marketing Digital<\/a><\/li>\n<\/ul><\/div>\n<\/p><\/div>\n<p><!-- .dslc-tabs-tab-content --><\/p><\/div>\n<p><!-- .dslc-tabs-content --><\/p><\/div>\n<p><!-- .dslc-tabs --><\/p><\/div>\n<p><!-- .dslc-module --><\/p>\n<div id=\"dslc-module-e43a2caa1dd\" class=\"dslc-module-front dslc-module-DSLC_Separator dslc-in-viewport-check dslc-in-viewport-anim-none  dslc-col dslc-12-col dslc-last-col  dslc-module-handle-like-regular\" data-module-id=\"e43a2caa1dd\" data-module=\"DSLC_Separator\" data-dslc-module-size=\"12\" data-dslc-anim=\"none\" data-dslc-anim-delay=\"0\" data-dslc-anim-duration=\"650\"  data-dslc-anim-easing=\"ease\" data-dslc-preset=\"none\" >\n<div class=\"dslc-separator-wrapper\">\n<div class=\"dslc-separator dslc-separator-style-invisible\">\n\t\t\t\t\t\t\t\t\t<\/div>\n<div><\/div>\n<\/p><\/div>\n<p><!-- .dslc-separator-wrapper --><\/p><\/div>\n<p><!-- .dslc-module --><\/p>\n<div id=\"dslc-module-d97f2c099c8\" class=\"dslc-module-front dslc-module-DSLC_Social dslc-in-viewport-check dslc-in-viewport-anim-none  dslc-col dslc-12-col dslc-last-col  dslc-module-handle-like-regular\" data-module-id=\"d97f2c099c8\" data-module=\"DSLC_Social\" data-dslc-module-size=\"12\" data-dslc-anim=\"none\" data-dslc-anim-delay=\"\" data-dslc-anim-duration=\"650\"  data-dslc-anim-easing=\"ease\" data-dslc-preset=\"none\" >\n<div class=\"dslc-social-wrap\">\n<ul class=\"dslc-social\">\n<li>\n\t\t\t\t\t\t\t\t<a class=\"dslc-social-icon\" target=\"_blank\" href=\"https:\/\/www.facebook.com\/agenciaCoreGroup\/\" rel=\"noopener\"><span class=\"dslc-icon dslc-icon-facebook\"><\/span><\/a>\n\t\t\t\t\t\t\t\t\t\t\t\t\t\t\t<\/li>\n<li>\n\t\t\t\t\t\t\t\t<a class=\"dslc-social-icon\" target=\"_blank\" href=\"https:\/\/www.youtube.com\/channel\/UCqWYUCn9Jl-CzfMkqeIE_BQ\" rel=\"noopener\"><span class=\"dslc-icon dslc-icon-youtube-play\"><\/span><\/a>\n\t\t\t\t\t\t\t\t\t\t\t\t\t\t\t<\/li>\n<li>\n\t\t\t\t\t\t\t\t<a class=\"dslc-social-icon\" target=\"_blank\" href=\"https:\/\/www.linkedin.com\/company\/ag%C3%AAncia-core-group\/\" rel=\"noopener\"><span class=\"dslc-icon dslc-icon-linkedin\"><\/span><\/a>\n\t\t\t\t\t\t\t\t\t\t\t\t\t\t\t<\/li>\n<li>\n\t\t\t\t\t\t\t\t<a class=\"dslc-social-icon\" target=\"_blank\" href=\"https:\/\/www.instagram.com\/agenciacoregroup\/\" rel=\"noopener\"><span class=\"dslc-icon dslc-icon-instagram\"><\/span><\/a>\n\t\t\t\t\t\t\t\t\t\t\t\t\t\t\t<\/li>\n<li>\n\t\t\t\t\t\t\t\t<a class=\"dslc-social-icon\" target=\"_blank\" href=\"core@coregroup.com.br\" ><span class=\"dslc-icon dslc-icon-envelope\"><\/span><\/a>\n\t\t\t\t\t\t\t\t\t\t\t\t\t\t\t<\/li>\n<\/ul><\/div>\n<p><!-- .dslc-social-wrap --><\/p><\/div>\n<p><!-- .dslc-module -->\n\t\t<\/div>\n<\/div>\n<\/div>\n<div id=\"email-subscription\" class=\"dslc-modules-section\" style=\"padding-bottom:158px;padding-top:158px;background-color:#334a73;background-image:url(https:\/\/coregroup.com.br\/pt-br\/wp-content\/uploads\/2020\/01\/newsletter.jpg);background-position:center center;background-attachment:fixed;\" data-section-id=\"c8319fa0413\">\n<div class=\"dslc-modules-section-wrapper dslc-clearfix\">\n<style type=\"text\/css\" id=\"dslca-modules-area-\"><\/style>\n<div  class=\"dslc-modules-area dslc-col dslc-12-col dslc-last-col dslc-valign-\" data-size=\"12\" data-valign=\"\" data-modules-area-id=\"\" >\n<div id=\"dslc-module-247\" class=\"dslc-module-front dslc-module-DSLC_Info_Box dslc-in-viewport-check dslc-in-viewport-anim-none  dslc-col dslc-12-col dslc-last-col  dslc-module-handle-like-regular\" data-module-id=\"247\" data-module=\"DSLC_Info_Box\" data-dslc-module-size=\"12\" data-dslc-anim=\"none\" data-dslc-anim-delay=\"\" data-dslc-anim-duration=\"650\"  data-dslc-anim-easing=\"ease\" data-dslc-preset=\"none\" >\n<div class=\"dslc-info-box dslc-info-box-icon-pos-above dslc-info-box-image-pos-above\">\n<div class=\"dslc-info-box-wrapper\">\n<div class=\"dslc-info-box-main-wrap dslc-clearfix\">\n<div class=\"dslc-info-box-image\">\n<div class=\"dslc-info-box-image-inner\">\n\t\t\t\t\t\t\t\t\t\t\t\t\t\t\t\t\t\t\t<span class=\"dslc-icon dslc-icon-ext-basic_mail_open_text\"><\/span>\n\t\t\t\t\t\t\t\t\t\t\t\t\t\t\t\t\t\t\t\t\t\t\t\t\t\t<\/div>\n<p><!-- .dslc-info-box-image-inner -->\n\t\t\t\t\t\t\t<\/div>\n<p><!-- .dslc-info-box-image --><\/p>\n<div class=\"dslc-info-box-main\">\n<div class=\"dslc-info-box-title\">\n<h4 >Quer receber nossas novidades?<\/h4>\n<\/p><\/div>\n<p><!-- .dslc-info-box-title --><\/p><\/div>\n<p><!-- .dslc-info-box-main --><\/p><\/div>\n<p><!-- .dslc-info-box-main-wrap --><\/p><\/div>\n<p><!-- .dslc-info-box-wrapper --><\/p><\/div>\n<p><!-- .dslc-info-box --><\/p><\/div>\n<p><!-- .dslc-module -->\n\t\t<\/div>\n<style type=\"text\/css\" id=\"dslca-modules-area-\"><\/style>\n<div  class=\"dslc-modules-area dslc-col dslc-12-col dslc-last-col dslc-valign-\" data-size=\"12\" data-valign=\"\" data-modules-area-id=\"\" >\n<div id=\"dslc-module-9c46df39a48\" class=\"dslc-module-front dslc-module-DSLC_Button dslc-in-viewport-check dslc-in-viewport-anim-none  dslc-col dslc-12-col dslc-last-col  dslc-module-handle-like-regular\" data-module-id=\"9c46df39a48\" data-module=\"DSLC_Button\" data-dslc-module-size=\"12\" data-dslc-anim=\"none\" data-dslc-anim-delay=\"\" data-dslc-anim-duration=\"650\"  data-dslc-anim-easing=\"ease\" data-dslc-preset=\"none\" >\n<div class=\"dslc-button\">\n\t\t\t\t\t\t\t\t\t<a href=\"\/pt-br\/fale-conosco\/\" target=\"_self\"  onClick=\"\" class=\"\"><br \/>\n\t\t\t\t\t\t\t\t\t\t\t\t\t\t\t\t\t\t\t\t\t<span class=\"dslc-icon dslc-icon-ext-location2\"><\/span><br \/>\n\t\t\t\t\t\t\t\t\t\t\t\t\t\t\t\t\t\t\t\t\t\t\t\t\t\t<span>Quero receber<\/span><br \/>\n\t\t\t\t\t\t\t\t\t\t\t\t\t\t\t\t\t<\/a>\n\t\t\t\t\t\t\t<\/div>\n<p><!-- .dslc-button --><\/p><\/div>\n<p><!-- .dslc-module -->\n\t\t<\/div>\n<\/div>\n<\/div>\n<\/div>\n<\/div><\/div>","protected":false},"excerpt":{"rendered":"<p>CATEGORIAS CATEGORIAS Ag\u00eancia de marketing digital Assessoria de Imprensa Jobs Marketing Marketing Digital Quer receber nossas novidades? Quero receber<\/p>","protected":false},"author":3,"featured_media":0,"parent":0,"menu_order":0,"comment_status":"closed","ping_status":"closed","template":"","meta":{"footnotes":"","_joinchat":[]},"_links":{"self":[{"href":"https:\/\/coregroup.com.br\/pt-br\/wp-json\/wp\/v2\/pages\/2922"}],"collection":[{"href":"https:\/\/coregroup.com.br\/pt-br\/wp-json\/wp\/v2\/pages"}],"about":[{"href":"https:\/\/coregroup.com.br\/pt-br\/wp-json\/wp\/v2\/types\/page"}],"author":[{"embeddable":true,"href":"https:\/\/coregroup.com.br\/pt-br\/wp-json\/wp\/v2\/users\/3"}],"replies":[{"embeddable":true,"href":"https:\/\/coregroup.com.br\/pt-br\/wp-json\/wp\/v2\/comments?post=2922"}],"version-history":[{"count":0,"href":"https:\/\/coregroup.com.br\/pt-br\/wp-json\/wp\/v2\/pages\/2922\/revisions"}],"wp:attachment":[{"href":"https:\/\/coregroup.com.br\/pt-br\/wp-json\/wp\/v2\/media?parent=2922"}],"curies":[{"name":"wp","href":"https:\/\/api.w.org\/{rel}","templated":true}]}}