{"id":2138,"date":"2019-04-12T12:12:12","date_gmt":"2019-04-12T15:12:12","guid":{"rendered":"http:\/\/seowp-dev\/dslc_templates\/2138\/"},"modified":"2025-08-19T17:42:51","modified_gmt":"2025-08-19T20:42:51","slug":"midias-sociais","status":"publish","type":"page","link":"https:\/\/coregroup.com.br\/pt-br\/servicos-marketing\/midias-sociais\/","title":{"rendered":"M\u00eddias Sociais"},"content":{"rendered":"<div id=\"dslc-theme-content\"><div id=\"dslc-theme-content-inner\"><div id=\"dslc-main\">\n<div  class=\"dslc-modules-section  dslc-full  dslc-hide-on-desktop\" style=\"padding-bottom:0px;padding-top:0px;\" data-section-id=\"f15b1185eac\">\n<div class=\"dslc-modules-section-wrapper dslc-clearfix\">\n<style type=\"text\/css\" id=\"dslca-modules-area-\"><\/style>\n<div  class=\"dslc-modules-area dslc-col dslc-12-col dslc-last-col dslc-valign-\" data-size=\"12\" data-valign=\"\" data-modules-area-id=\"\" >\n<div id=\"dslc-module-ed20ac0da55\" class=\"dslc-module-front dslc-module-DSLC_Image dslc-in-viewport-check dslc-in-viewport-anim-none  dslc-col dslc-12-col dslc-last-col  dslc-module-handle-like-regular\" data-module-id=\"ed20ac0da55\" data-module=\"DSLC_Image\" data-dslc-module-size=\"12\" data-dslc-anim=\"none\" data-dslc-anim-delay=\"\" data-dslc-anim-duration=\"650\"  data-dslc-anim-easing=\"ease\" data-dslc-preset=\"none\" >\n<div class=\"dslc-image-container\">\n<div class=\"dslc-image\">\n<p>\t\t\t\t\t\t\t\t\t<img decoding=\"async\" src=\"https:\/\/coregroup.com.br\/pt-br\/wp-content\/uploads\/2019\/10\/imagem-home.png\" alt=\"\" title=\"\" srcset=\"https:\/\/coregroup.com.br\/pt-br\/wp-content\/uploads\/2019\/10\/imagem-home.png 2005w,  https:\/\/coregroup.com.br\/pt-br\/wp-content\/uploads\/2019\/10\/imagem-home-300x75.png 300w,  https:\/\/coregroup.com.br\/pt-br\/wp-content\/uploads\/2019\/10\/imagem-home-768x192.png 768w,  https:\/\/coregroup.com.br\/pt-br\/wp-content\/uploads\/2019\/10\/imagem-home-1024x255.png 1024w\" sizes=\"(max-width: 2005px) 100vw, 2005px\" \/><\/p><\/div>\n<p><!-- .dslc-image -->\n\t\t<\/div>\n<\/p><\/div>\n<p><!-- .dslc-module -->\n\t\t<\/div>\n<\/div>\n<\/div>\n<div  class=\"dslc-modules-section  dslc-hide-on-tablet  dslc-hide-on-phone\" style=\"padding-bottom:180px;padding-top:180px;background-image:url(https:\/\/coregroup.com.br\/pt-br\/wp-content\/uploads\/2019\/10\/imagem-home.png);background-position:center center;\" data-section-id=\"56e5a41ebe9\">\n<div class=\"dslc-modules-section-wrapper dslc-clearfix\">\n<style type=\"text\/css\" id=\"dslca-modules-area-\"><\/style>\n<div  class=\"dslc-modules-area dslc-col dslc-12-col dslc-last-col dslc-valign-\" data-size=\"12\" data-valign=\"\" data-modules-area-id=\"\" ><\/div>\n<\/div>\n<\/div>\n<div  class=\"dslc-modules-section\" style=\"\" data-section-id=\"1f5bc4ba427\">\n<div class=\"dslc-modules-section-wrapper dslc-clearfix\">\n<style type=\"text\/css\" id=\"dslca-modules-area-\"><\/style>\n<div  class=\"dslc-modules-area dslc-col dslc-5-col dslc-first-col dslc-valign-\" data-size=\"5\" data-valign=\"\" data-modules-area-id=\"\" >\n<div id=\"dslc-module-250a15cd582\" class=\"dslc-module-front dslc-module-DSLC_Image dslc-in-viewport-check dslc-in-viewport-anim-none  dslc-col dslc-12-col dslc-last-col  dslc-module-handle-like-regular\" data-module-id=\"250a15cd582\" data-module=\"DSLC_Image\" data-dslc-module-size=\"12\" data-dslc-anim=\"none\" data-dslc-anim-delay=\"\" data-dslc-anim-duration=\"650\"  data-dslc-anim-easing=\"ease\" data-dslc-preset=\"none\" >\n<div class=\"dslc-image-container\">\n<div class=\"dslc-image\">\n<p>\t\t\t\t\t\t\t\t\t<img decoding=\"async\" src=\"https:\/\/coregroup.com.br\/pt-br\/wp-content\/uploads\/2019\/10\/Midias-Sociais.jpg\" alt=\"Gest\u00e3o profissional de m\u00eddias sociais Core Group \u2013 conte\u00fado e engajamento\" title=\"\" srcset=\"https:\/\/coregroup.com.br\/pt-br\/wp-content\/uploads\/2019\/10\/Midias-Sociais.jpg 2048w,  https:\/\/coregroup.com.br\/pt-br\/wp-content\/uploads\/2019\/10\/Midias-Sociais-300x200.jpg 300w,  https:\/\/coregroup.com.br\/pt-br\/wp-content\/uploads\/2019\/10\/Midias-Sociais-768x512.jpg 768w,  https:\/\/coregroup.com.br\/pt-br\/wp-content\/uploads\/2019\/10\/Midias-Sociais-1024x683.jpg 1024w\" sizes=\"(max-width: 2048px) 100vw, 2048px\" \/><\/p><\/div>\n<p><!-- .dslc-image -->\n\t\t<\/div>\n<\/p><\/div>\n<p><!-- .dslc-module -->\n\t\t<\/div>\n<style type=\"text\/css\" id=\"dslca-modules-area-\"><\/style>\n<div  class=\"dslc-modules-area dslc-col dslc-7-col dslc-last-col dslc-valign-\" data-size=\"7\" data-valign=\"\" data-modules-area-id=\"\" >\n<div id=\"dslc-module-02aac3c12f4\" class=\"dslc-module-front dslc-module-DSLC_Text_Simple dslc-in-viewport-check dslc-in-viewport-anim-none  dslc-col dslc-12-col dslc-last-col  dslc-module-handle-like-regular\" data-module-id=\"02aac3c12f4\" data-module=\"DSLC_Text_Simple\" data-dslc-module-size=\"12\" data-dslc-anim=\"none\" data-dslc-anim-delay=\"\" data-dslc-anim-duration=\"650\"  data-dslc-anim-easing=\"ease\" data-dslc-preset=\"none\" >\n<div class=\"dslc-text-module-content\">\n<h1 style=\"text-align: left;\"><strong>Gest\u00e3o de M\u00eddias Sociais Estrat\u00e9gicas<\/strong><\/h1>\n<div id=\"gtx-trans\" style=\"position: absolute; left: 223px; top: 64.8375px;\">\n<div class=\"gtx-trans-icon\">\u00a0<\/div>\n<\/div><\/div>\n<\/p><\/div>\n<p><!-- .dslc-module --><\/p>\n<div id=\"dslc-module-9159ade0fa3\" class=\"dslc-module-front dslc-module-DSLC_Text_Simple dslc-in-viewport-check dslc-in-viewport-anim-none  dslc-col dslc-12-col dslc-last-col  dslc-module-handle-like-regular\" data-module-id=\"9159ade0fa3\" data-module=\"DSLC_Text_Simple\" data-dslc-module-size=\"12\" data-dslc-anim=\"none\" data-dslc-anim-delay=\"\" data-dslc-anim-duration=\"650\"  data-dslc-anim-easing=\"ease\" data-dslc-preset=\"none\" >\n<div class=\"dslc-text-module-content\">\n<p>A Core Group entrega gest\u00e3o de <strong data-start=\"1641\" data-end=\"1659\">m\u00eddias sociais<\/strong> com foco em engajamento, crescimento de audi\u00eancia e alinhamento com objetivos corporativos. Criamos conte\u00fado criativo, campanhas dirigidas e monitoramento eficiente para apoiar sua presen\u00e7a digital.<\/p>\n<p>Redes sociais, blogs, v\u00eddeos, \u00e1udios, material para e-learning e e-books: tudo isso pode e deve ser usado com a linguagem e abordagem certa para atingir o perfil de consumo dos seus clientes em potencial. As m\u00eddias sociais exigem rapidez. Para ter seus posts vistos, textos lidos e aumentar o seu engajamento \u00e9 preciso ser assertivo para que seus esfor\u00e7os e investimentos n\u00e3o sejam em v\u00e3o.<\/p>\n<\/p><\/div>\n<\/p><\/div>\n<p><!-- .dslc-module --><\/p>\n<div id=\"dslc-module-46b7a8792c1\" class=\"dslc-module-front dslc-module-DSLC_Accordion dslc-in-viewport-check dslc-in-viewport-anim-none  dslc-col dslc-12-col dslc-last-col  dslc-module-handle-like-accordion\" data-module-id=\"46b7a8792c1\" data-module=\"DSLC_Accordion\" data-dslc-module-size=\"12\" data-dslc-anim=\"none\" data-dslc-anim-delay=\"0\" data-dslc-anim-duration=\"650\"  data-dslc-anim-easing=\"ease\" data-dslc-preset=\"none\" >\n<div class=\"dslc-accordion\" data-open=\"0\">\n<div class=\"dslc-accordion-item\" id=\"accordion-0\">\n<div class=\"dslc-accordion-header dslc-accordion-hook\">\n\t\t\t\t\t\t\t\t\t<span class=\"dslc-accordion-title\" >Por que investir em M\u00eddias Sociais?  <\/span><\/p>\n<div class=\"dslca-accordion-action-hooks\">\n\t\t\t\t\t\t\t\t\t\t\t<span class=\"dslca-toggle-accordion-hook\"><span class=\"dslca-icon dslc-icon-minus\"><\/span><\/span>\n\t\t\t\t\t\t\t\t\t\t<\/div>\n<\/p><\/div>\n<div class=\"dslc-accordion-content\">\n<div class=\"dslca-editable-content\">\n<p data-start=\"1889\" data-end=\"2064\">Mostre como presen\u00e7a ativa nas redes sociais aumenta visibilidade, fortalece marca e potencializa relacionamento com p\u00fablico-alvo.<\/p>\n<\/p><\/div>\n<\/p><\/div>\n<p><!-- .dslc-accordion-content --><\/p><\/div>\n<p><!-- .dslc-accordion-item --><\/p>\n<div class=\"dslc-accordion-item\" id=\"accordion-1\">\n<div class=\"dslc-accordion-header dslc-accordion-hook\">\n\t\t\t\t\t\t\t\t\t<span class=\"dslc-accordion-title\" >  Servi\u00e7os de Gest\u00e3o de Redes Sociais  <\/span><\/p>\n<div class=\"dslca-accordion-action-hooks\">\n\t\t\t\t\t\t\t\t\t\t\t<span class=\"dslca-toggle-accordion-hook\"><span class=\"dslca-icon dslc-icon-minus\"><\/span><\/span>\n\t\t\t\t\t\t\t\t\t\t<\/div>\n<\/p><\/div>\n<div class=\"dslc-accordion-content\">\n<div class=\"dslca-editable-content\">\n<p data-start=\"2069\" data-end=\"2246\">Inclua: calend\u00e1rio editorial, cria\u00e7\u00e3o de conte\u00fado visual\/textual, an\u00fancios pagos, resposta personalizada e relat\u00f3rios de desempenho.<\/p>\n<\/p><\/div>\n<\/p><\/div>\n<p><!-- .dslc-accordion-content --><\/p><\/div>\n<p><!-- .dslc-accordion-item --><\/p>\n<div class=\"dslc-accordion-item\" id=\"accordion-2\">\n<div class=\"dslc-accordion-header dslc-accordion-hook\">\n\t\t\t\t\t\t\t\t\t<span class=\"dslc-accordion-title\" >  Resultados que nossas estrat\u00e9gias geram  <\/span><\/p>\n<div class=\"dslca-accordion-action-hooks\">\n\t\t\t\t\t\t\t\t\t\t\t<span class=\"dslca-toggle-accordion-hook\"><span class=\"dslca-icon dslc-icon-minus\"><\/span><\/span>\n\t\t\t\t\t\t\t\t\t\t<\/div>\n<\/p><\/div>\n<div class=\"dslc-accordion-content\">\n<div class=\"dslca-editable-content\">\n<p data-start=\"2251\" data-end=\"2420\">Aumento no engajamento, crescimento de seguidores qualificados, gera\u00e7\u00e3o de leads, fortalecimento da autoridade da marca.<\/p>\n<\/p><\/div>\n<\/p><\/div>\n<p><!-- .dslc-accordion-content --><\/p><\/div>\n<p><!-- .dslc-accordion-item --><\/p>\n<div class=\"dslc-accordion-item\" id=\"accordion-3\">\n<div class=\"dslc-accordion-header dslc-accordion-hook\">\n\t\t\t\t\t\t\t\t\t<span class=\"dslc-accordion-title\" >  Fale com a nossa equipe de m\u00eddias sociais<\/span><\/p>\n<div class=\"dslca-accordion-action-hooks\">\n\t\t\t\t\t\t\t\t\t\t\t<span class=\"dslca-toggle-accordion-hook\"><span class=\"dslca-icon dslc-icon-minus\"><\/span><\/span>\n\t\t\t\t\t\t\t\t\t\t<\/div>\n<\/p><\/div>\n<div class=\"dslc-accordion-content\">\n<div class=\"dslca-editable-content\">\n<p>Estamos dispostos a fazer uma reuni\u00e3o com voc\u00ea e te explicar melhor como funciona, <a href=\"https:\/\/coregroup.com.br\/pt-br\/agende-sua-visita-ou-reuniao\/\">fale conosco!<\/a><\/p>\n<\/p><\/div>\n<\/p><\/div>\n<p><!-- .dslc-accordion-content --><\/p><\/div>\n<p><!-- .dslc-accordion-item --><\/p><\/div>\n<p><!-- .dslc-accordion --><\/p><\/div>\n<p><!-- .dslc-module -->\n\t\t<\/div>\n<\/div>\n<\/div>\n<div id=\"email-subscription\" class=\"dslc-modules-section\" style=\"padding-bottom:158px;padding-top:158px;background-color:#334a73;background-image:url(https:\/\/coregroup.com.br\/pt-br\/wp-content\/uploads\/2020\/01\/newsletter.jpg);background-position:center center;background-attachment:fixed;\" data-section-id=\"a467bca59c9\">\n<div class=\"dslc-modules-section-wrapper dslc-clearfix\">\n<style type=\"text\/css\" id=\"dslca-modules-area-\"><\/style>\n<div  class=\"dslc-modules-area dslc-col dslc-12-col dslc-last-col dslc-valign-\" data-size=\"12\" data-valign=\"\" data-modules-area-id=\"\" >\n<div id=\"dslc-module-8b52fc93462\" class=\"dslc-module-front dslc-module-DSLC_Info_Box dslc-in-viewport-check dslc-in-viewport-anim-none  dslc-col dslc-12-col dslc-last-col  dslc-module-handle-like-regular\" data-module-id=\"8b52fc93462\" data-module=\"DSLC_Info_Box\" data-dslc-module-size=\"12\" data-dslc-anim=\"none\" data-dslc-anim-delay=\"\" data-dslc-anim-duration=\"650\"  data-dslc-anim-easing=\"ease\" data-dslc-preset=\"none\" >\n<div class=\"dslc-info-box dslc-info-box-icon-pos-above dslc-info-box-image-pos-above\">\n<div class=\"dslc-info-box-wrapper\">\n<div class=\"dslc-info-box-main-wrap dslc-clearfix\">\n<div class=\"dslc-info-box-image\">\n<div class=\"dslc-info-box-image-inner\">\n\t\t\t\t\t\t\t\t\t\t\t\t\t\t\t\t\t\t\t<span class=\"dslc-icon dslc-icon-ext-linegraph\"><\/span>\n\t\t\t\t\t\t\t\t\t\t\t\t\t\t\t\t\t\t\t\t\t\t\t\t\t\t<\/div>\n<p><!-- .dslc-info-box-image-inner -->\n\t\t\t\t\t\t\t<\/div>\n<p><!-- .dslc-info-box-image --><\/p>\n<div class=\"dslc-info-box-main\">\n<div class=\"dslc-info-box-title\">\n<h4 >Quer potencializar o marketing da sua empresa?<\/h4>\n<\/p><\/div>\n<p><!-- .dslc-info-box-title --><\/p><\/div>\n<p><!-- .dslc-info-box-main --><\/p><\/div>\n<p><!-- .dslc-info-box-main-wrap --><\/p><\/div>\n<p><!-- .dslc-info-box-wrapper --><\/p><\/div>\n<p><!-- .dslc-info-box --><\/p><\/div>\n<p><!-- .dslc-module -->\n\t\t<\/div>\n<style type=\"text\/css\" id=\"dslca-modules-area-\"><\/style>\n<div  class=\"dslc-modules-area dslc-col dslc-12-col dslc-last-col dslc-valign-\" data-size=\"12\" data-valign=\"\" data-modules-area-id=\"\" >\n<div id=\"dslc-module-aad5c6ebd41\" class=\"dslc-module-front dslc-module-DSLC_Button dslc-in-viewport-check dslc-in-viewport-anim-none  dslc-col dslc-12-col dslc-last-col  dslc-module-handle-like-regular\" data-module-id=\"aad5c6ebd41\" data-module=\"DSLC_Button\" data-dslc-module-size=\"12\" data-dslc-anim=\"none\" data-dslc-anim-delay=\"\" data-dslc-anim-duration=\"650\"  data-dslc-anim-easing=\"ease\" data-dslc-preset=\"none\" >\n<div class=\"dslc-button\">\n\t\t\t\t\t\t\t\t\t<a href=\"\/pt-br\/agende-sua-visita-ou-reuniao\/\" target=\"_self\"  onClick=\"\" class=\"\"><br \/>\n\t\t\t\t\t\t\t\t\t\t\t\t\t\t\t\t\t\t\t\t\t<span class=\"dslc-icon dslc-icon-ext-location2\"><\/span><br \/>\n\t\t\t\t\t\t\t\t\t\t\t\t\t\t\t\t\t\t\t\t\t\t\t\t\t\t<span>solicite uma proposta<\/span><br \/>\n\t\t\t\t\t\t\t\t\t\t\t\t\t\t\t\t\t<\/a>\n\t\t\t\t\t\t\t<\/div>\n<p><!-- .dslc-button --><\/p><\/div>\n<p><!-- .dslc-module -->\n\t\t<\/div>\n<\/div>\n<\/div>\n<\/div>\n<\/div><\/div>","protected":false},"excerpt":{"rendered":"<p>Gest\u00e3o de M\u00eddias Sociais Estrat\u00e9gicas \u00a0 A Core Group entrega gest\u00e3o de m\u00eddias sociais com foco em engajamento, crescimento de audi\u00eancia e alinhamento com objetivos corporativos. Criamos conte\u00fado criativo, campanhas dirigidas e monitoramento eficiente para apoiar sua presen\u00e7a digital. Redes sociais, blogs, v\u00eddeos, \u00e1udios, material para e-learning e e-books: tudo isso pode e deve ser [&hellip;]<\/p>","protected":false},"author":3,"featured_media":0,"parent":20100,"menu_order":0,"comment_status":"closed","ping_status":"closed","template":"","meta":{"footnotes":"","_joinchat":[]},"_links":{"self":[{"href":"https:\/\/coregroup.com.br\/pt-br\/wp-json\/wp\/v2\/pages\/2138"}],"collection":[{"href":"https:\/\/coregroup.com.br\/pt-br\/wp-json\/wp\/v2\/pages"}],"about":[{"href":"https:\/\/coregroup.com.br\/pt-br\/wp-json\/wp\/v2\/types\/page"}],"author":[{"embeddable":true,"href":"https:\/\/coregroup.com.br\/pt-br\/wp-json\/wp\/v2\/users\/3"}],"replies":[{"embeddable":true,"href":"https:\/\/coregroup.com.br\/pt-br\/wp-json\/wp\/v2\/comments?post=2138"}],"version-history":[{"count":0,"href":"https:\/\/coregroup.com.br\/pt-br\/wp-json\/wp\/v2\/pages\/2138\/revisions"}],"up":[{"embeddable":true,"href":"https:\/\/coregroup.com.br\/pt-br\/wp-json\/wp\/v2\/pages\/20100"}],"wp:attachment":[{"href":"https:\/\/coregroup.com.br\/pt-br\/wp-json\/wp\/v2\/media?parent=2138"}],"curies":[{"name":"wp","href":"https:\/\/api.w.org\/{rel}","templated":true}]}}