{"id":1895,"date":"2012-12-12T12:12:12","date_gmt":"2012-12-12T14:12:12","guid":{"rendered":"http:\/\/seowp-dev\/dslc_templates\/1895\/"},"modified":"2025-08-18T11:16:30","modified_gmt":"2025-08-18T14:16:30","slug":"depoimentos","status":"publish","type":"page","link":"https:\/\/coregroup.com.br\/pt-br\/depoimentos\/","title":{"rendered":"Depoimentos"},"content":{"rendered":"<div id=\"dslc-theme-content\"><div id=\"dslc-theme-content-inner\"><div id=\"dslc-main\">\n<div  class=\"dslc-modules-section\" style=\"padding-bottom:0px;padding-top:0px;background-color:rgba(0,0,0,0);border-right-style: hidden; border-left-style: hidden; \" data-section-id=\"d7b2818cd1d\">\n<div class=\"dslc-modules-section-wrapper dslc-clearfix\">\n<style type=\"text\/css\" id=\"dslca-modules-area-\"><\/style>\n<div  class=\"dslc-modules-area dslc-col dslc-12-col dslc-last-col dslc-valign-\" data-size=\"12\" data-valign=\"\" data-modules-area-id=\"\" >\n<div id=\"dslc-module-4296\" class=\"dslc-module-front dslc-module-DSLC_Separator dslc-in-viewport-check dslc-in-viewport-anim-none  dslc-col dslc-12-col dslc-last-col  dslc-module-handle-like-regular\" data-module-id=\"4296\" data-module=\"DSLC_Separator\" data-dslc-module-size=\"12\" data-dslc-anim=\"none\" data-dslc-anim-delay=\"0\" data-dslc-anim-duration=\"650\"  data-dslc-anim-easing=\"ease\" data-dslc-preset=\"none\" >\n<div class=\"dslc-separator-wrapper\">\n<div class=\"dslc-separator dslc-separator-style-invisible\">\n\t\t\t\t\t\t\t\t\t<\/div>\n<div><\/div>\n<\/p><\/div>\n<p><!-- .dslc-separator-wrapper --><\/p><\/div>\n<p><!-- .dslc-module --><\/p>\n<div id=\"dslc-module-4297\" class=\"dslc-module-front dslc-module-DSLC_Text_Simple dslc-in-viewport-check dslc-in-viewport-anim-none  dslc-col dslc-12-col dslc-last-col  dslc-module-handle-like-regular\" data-module-id=\"4297\" data-module=\"DSLC_Text_Simple\" data-dslc-module-size=\"12\" data-dslc-anim=\"none\" data-dslc-anim-delay=\"\" data-dslc-anim-duration=\"650\"  data-dslc-anim-easing=\"ease\" data-dslc-preset=\"none\" >\n<div class=\"dslc-text-module-content\">\n<h1>DEPOIMENTOS<\/h1>\n<p style=\"font-weight: 400;\">Com profissionais qualificados em todas as \u00e1reas de atendimento, a Core, uma ag\u00eancia 360\u00b0, agrega resultados para todos os seus clientes. Confira o que alguns deles dizem sobre os trabalhos realizados.<\/p>\n<\/p><\/div>\n<\/p><\/div>\n<p><!-- .dslc-module --><\/p>\n<div id=\"dslc-module-4298\" class=\"dslc-module-front dslc-module-DSLC_Separator dslc-in-viewport-check dslc-in-viewport-anim-none  dslc-col dslc-12-col dslc-last-col  dslc-module-handle-like-regular\" data-module-id=\"4298\" data-module=\"DSLC_Separator\" data-dslc-module-size=\"12\" data-dslc-anim=\"none\" data-dslc-anim-delay=\"0\" data-dslc-anim-duration=\"650\"  data-dslc-anim-easing=\"ease\" data-dslc-preset=\"none\" >\n<div class=\"dslc-separator-wrapper\">\n<div class=\"dslc-separator dslc-separator-style-invisible\">\n\t\t\t\t\t\t\t\t\t<\/div>\n<div><\/div>\n<\/p><\/div>\n<p><!-- .dslc-separator-wrapper --><\/p><\/div>\n<p><!-- .dslc-module -->\n\t\t<\/div>\n<\/div>\n<\/div>\n<div  class=\"dslc-modules-section\" style=\"padding-bottom:0px;padding-top:0px;padding-left:-6%;padding-right:-6%;background-color:rgb(241, 241, 241);border-right-style: hidden; border-left-style: hidden; \" data-section-id=\"5e1473df6ea\">\n<div class=\"dslc-modules-section-wrapper dslc-clearfix\">\n<style type=\"text\/css\" id=\"dslca-modules-area-\"><\/style>\n<div  class=\"dslc-modules-area dslc-col dslc-12-col dslc-last-col dslc-valign-\" data-size=\"12\" data-valign=\"\" data-modules-area-id=\"\" >\n<div id=\"dslc-module-4355\" class=\"dslc-module-front dslc-module-DSLC_Separator dslc-in-viewport-check dslc-in-viewport-anim-none  dslc-col dslc-12-col dslc-last-col  dslc-module-handle-like-regular\" data-module-id=\"4355\" data-module=\"DSLC_Separator\" data-dslc-module-size=\"12\" data-dslc-anim=\"none\" data-dslc-anim-delay=\"0\" data-dslc-anim-duration=\"650\"  data-dslc-anim-easing=\"ease\" data-dslc-preset=\"none\" >\n<div class=\"dslc-separator-wrapper\">\n<div class=\"dslc-separator dslc-separator-style-invisible\">\n\t\t\t\t\t\t\t\t\t<\/div>\n<div><\/div>\n<\/p><\/div>\n<p><!-- .dslc-separator-wrapper --><\/p><\/div>\n<p><!-- .dslc-module -->\n\t\t<\/div>\n<style type=\"text\/css\" id=\"dslca-modules-area-\"><\/style>\n<div  class=\"dslc-modules-area dslc-col dslc-12-col dslc-last-col dslc-valign-\" data-size=\"12\" data-valign=\"\" data-modules-area-id=\"\" >\n<div id=\"dslc-module-4356\" class=\"dslc-module-front dslc-module-DSLC_Testimonials dslc-in-viewport-check dslc-in-viewport-anim-none  dslc-col dslc-12-col dslc-last-col  dslc-module-handle-like-regular\" data-module-id=\"4356\" data-module=\"DSLC_Testimonials\" data-dslc-module-size=\"12\" data-dslc-anim=\"none\" data-dslc-anim-delay=\"\" data-dslc-anim-duration=\"650\"  data-dslc-anim-easing=\"ease\" data-dslc-preset=\"none\" >\n<div class=\"dslc-posts dslc-testimonials dslc-clearfix dslc-init-masonry\">\n\t\t\t\n\t\t\t\t\t\t\n\t<div class=\"dslc-posts-inner\">\n\t\n\t\t\t<div class=\"dslc-post dslc-testimonial dslc-masonry-item dslc-col dslc-4-col  dslc-first-col\" data-cats=\"depoimentos \">\n\n<div class=\"dslc-testimonial-inner\">\n\n\t\n<div class=\"dslc-testimonial-author dslc-testimonial-author-pos-outside-top dslc-testimonial-avatar-above dslc-clearfix\">\n\n\t\n\t\t<div class=\"dslc-testimonial-author-avatar\">\n\t\t\t<img width=\"156\" height=\"156\" src=\"https:\/\/coregroup.com.br\/pt-br\/wp-content\/uploads\/2019\/10\/site_depoimentos_carlos_eduardo.png\" class=\"attachment-full size-full wp-post-image\" alt=\"site depoimentos carlos eduardo\" decoding=\"async\" title=\"site_depoimentos_carlos_eduardo\" srcset=\"https:\/\/coregroup.com.br\/pt-br\/wp-content\/uploads\/2019\/10\/site_depoimentos_carlos_eduardo.png 156w,   https:\/\/coregroup.com.br\/pt-br\/wp-content\/uploads\/2019\/10\/site_depoimentos_carlos_eduardo-150x150.png 150w\" sizes=\"(max-width: 156px) 100vw, 156px\" \/>\t\t<\/div><!-- .dslc-testimonial-author-avatar -->\n\n\t\n\t\t\t<div class=\"dslc-testimonial-clearfix\"><\/div>\n\t\n\t<div class=\"dslc-testimonial-author-main\">\n\n\n\t<div class=\"dslc-testimonial-author-name\">\n\t\tCARLOS EDUARDO SANTOS\t<\/div><!-- .dslc-testimonial-author-name -->\n\n\n\n\t<div class=\"dslc-testimonial-author-position\">\n\t\tPresidente da Abrappe\t<\/div><!-- .dslc-testimoniala-author-position -->\n\n\n\t<\/div><!-- .dslc-testimonial-author-main -->\n\n<\/div><!-- .dslc-testimonial-author -->\n\n\t\t\t\n\t<div class=\"dslc-testimonial-main\">\n\n\t\t\n\t\t\n\t\t\n\t\t\n\t\t\t<div class=\"dslc-testimonial-quote\">\n\t\t\t\t\u201cQuero parabenizar \u00e0 equipe Core pelo empenho e a visibilidade conquistada ao nosso 2\u00ba F\u00f3rum de Preven\u00e7\u00e3o de Perdas. \u00c9 importante para a Abrappe atingir esse n\u00edvel de comunica\u00e7\u00e3o do tema, para ganharmos ainda mais visibilidade com o nosso prop\u00f3sito junto aos varejistas\u201d.\t\t\t<\/div><!-- .dslc-testimonial-quote -->\n\n\t\t\n\t\t\n\t<\/div><!-- .dslc-testimonial-main -->\n\n\t\n<\/div><!-- .dslc-testimonial-inner -->\n\n\t\t\t<\/div><!-- .dslc-testimonial -->\n\n\t\t\t\n\t\n\t\t\t<div class=\"dslc-post dslc-testimonial dslc-masonry-item dslc-col dslc-4-col\" data-cats=\"depoimentos \">\n\n<div class=\"dslc-testimonial-inner\">\n\n\t\n<div class=\"dslc-testimonial-author dslc-testimonial-author-pos-outside-top dslc-testimonial-avatar-above dslc-clearfix\">\n\n\t\n\t\t<div class=\"dslc-testimonial-author-avatar\">\n\t\t\t<img width=\"156\" height=\"156\" src=\"https:\/\/coregroup.com.br\/pt-br\/wp-content\/uploads\/2019\/10\/site_depoimentos_anderson.png\" class=\"attachment-full size-full wp-post-image\" alt=\"site depoimentos anderson\" decoding=\"async\" title=\"site_depoimentos_anderson\" srcset=\"https:\/\/coregroup.com.br\/pt-br\/wp-content\/uploads\/2019\/10\/site_depoimentos_anderson.png 156w,   https:\/\/coregroup.com.br\/pt-br\/wp-content\/uploads\/2019\/10\/site_depoimentos_anderson-150x150.png 150w\" sizes=\"(max-width: 156px) 100vw, 156px\" \/>\t\t<\/div><!-- .dslc-testimonial-author-avatar -->\n\n\t\n\t\t\t<div class=\"dslc-testimonial-clearfix\"><\/div>\n\t\n\t<div class=\"dslc-testimonial-author-main\">\n\n\n\t<div class=\"dslc-testimonial-author-name\">\n\t\tANDERSON AFONSO\t<\/div><!-- .dslc-testimonial-author-name -->\n\n\n\n\t<div class=\"dslc-testimonial-author-position\">\n\t\tDiretor de Comunica\u00e7\u00e3o do Semasa\t<\/div><!-- .dslc-testimoniala-author-position -->\n\n\n\t<\/div><!-- .dslc-testimonial-author-main -->\n\n<\/div><!-- .dslc-testimonial-author -->\n\n\t\t\t\n\t<div class=\"dslc-testimonial-main\">\n\n\t\t\n\t\t\n\t\t\n\t\t\n\t\t\t<div class=\"dslc-testimonial-quote\">\n\t\t\t\t\u201cO trabalho da Core tem sido importante para o Semasa. Qualificou nosso atendimento nas m\u00eddias sociais, ve\u00edculos de imprensa e \u00e0s demandas internas. Uma parceria baseada em profissionalismo, compet\u00eancia e criatividade para enfrentar os desafios di\u00e1rios da gest\u00e3o p\u00fablica\u201d.\t\t\t<\/div><!-- .dslc-testimonial-quote -->\n\n\t\t\n\t\t\n\t<\/div><!-- .dslc-testimonial-main -->\n\n\t\n<\/div><!-- .dslc-testimonial-inner -->\n\n\t\t\t<\/div><!-- .dslc-testimonial -->\n\n\t\t\t\n\t\n\t\t\t<div class=\"dslc-post dslc-testimonial dslc-masonry-item dslc-col dslc-4-col  dslc-last-col\" data-cats=\"depoimentos \">\n\n<div class=\"dslc-testimonial-inner\">\n\n\t\n<div class=\"dslc-testimonial-author dslc-testimonial-author-pos-outside-top dslc-testimonial-avatar-above dslc-clearfix\">\n\n\t\n\t\t<div class=\"dslc-testimonial-author-avatar\">\n\t\t\t<img width=\"156\" height=\"156\" src=\"https:\/\/coregroup.com.br\/pt-br\/wp-content\/uploads\/2019\/10\/sergio.png\" class=\"attachment-full size-full wp-post-image\" alt=\"sergio\" decoding=\"async\" title=\"sergio\" srcset=\"https:\/\/coregroup.com.br\/pt-br\/wp-content\/uploads\/2019\/10\/sergio.png 156w,   https:\/\/coregroup.com.br\/pt-br\/wp-content\/uploads\/2019\/10\/sergio-150x150.png 150w\" sizes=\"(max-width: 156px) 100vw, 156px\" \/>\t\t<\/div><!-- .dslc-testimonial-author-avatar -->\n\n\t\n\t\t\t<div class=\"dslc-testimonial-clearfix\"><\/div>\n\t\n\t<div class=\"dslc-testimonial-author-main\">\n\n\n\t<div class=\"dslc-testimonial-author-name\">\n\t\tS\u00c9RGIO CONTENTE\t<\/div><!-- .dslc-testimonial-author-name -->\n\n\n\n\t<div class=\"dslc-testimonial-author-position\">\n\t\tPresidente da Contmatic Phoenix\t<\/div><!-- .dslc-testimoniala-author-position -->\n\n\n\t<\/div><!-- .dslc-testimonial-author-main -->\n\n<\/div><!-- .dslc-testimonial-author -->\n\n\t\t\t\n\t<div class=\"dslc-testimonial-main\">\n\n\t\t\n\t\t\n\t\t\n\t\t\n\t\t\t<div class=\"dslc-testimonial-quote\">\n\t\t\t\t\u201cAp\u00f3s algumas experi\u00eancias malsucedidas n\u00e3o acreditava que o servi\u00e7o de assessoria de imprensa pudesse ter sucesso. Nesse cen\u00e1rio, a Core mudou meus conceitos, comecei a ver com outros olhos a import\u00e2ncia de ter uma ag\u00eancia que entenda o seu neg\u00f3cio e o mercado\u201d.\t\t\t<\/div><!-- .dslc-testimonial-quote -->\n\n\t\t\n\t\t\n\t<\/div><!-- .dslc-testimonial-main -->\n\n\t\n<\/div><!-- .dslc-testimonial-inner -->\n\n\t\t\t<\/div><!-- .dslc-testimonial -->\n\n\t\t\t\n\t\n\t\t\t<div class=\"dslc-post dslc-testimonial dslc-masonry-item dslc-col dslc-4-col  dslc-first-col\" data-cats=\"depoimentos \">\n\n<div class=\"dslc-testimonial-inner\">\n\n\t\n<div class=\"dslc-testimonial-author dslc-testimonial-author-pos-outside-top dslc-testimonial-avatar-above dslc-clearfix\">\n\n\t\n\t\t<div class=\"dslc-testimonial-author-avatar\">\n\t\t\t<img width=\"156\" height=\"156\" src=\"https:\/\/coregroup.com.br\/pt-br\/wp-content\/uploads\/2019\/10\/site_depoimentos_robson.png\" class=\"attachment-full size-full wp-post-image\" alt=\"site depoimentos robson\" decoding=\"async\" title=\"site_depoimentos_robson\" srcset=\"https:\/\/coregroup.com.br\/pt-br\/wp-content\/uploads\/2019\/10\/site_depoimentos_robson.png 156w,   https:\/\/coregroup.com.br\/pt-br\/wp-content\/uploads\/2019\/10\/site_depoimentos_robson-150x150.png 150w\" sizes=\"(max-width: 156px) 100vw, 156px\" \/>\t\t<\/div><!-- .dslc-testimonial-author-avatar -->\n\n\t\n\t\t\t<div class=\"dslc-testimonial-clearfix\"><\/div>\n\t\n\t<div class=\"dslc-testimonial-author-main\">\n\n\n\t<div class=\"dslc-testimonial-author-name\">\n\t\tROBSON MUNHOZ\t<\/div><!-- .dslc-testimonial-author-name -->\n\n\n\n\t<div class=\"dslc-testimonial-author-position\">\n\t\tVice-presidente\/Opera\u00e7\u00f5es da Neogrid\t<\/div><!-- .dslc-testimoniala-author-position -->\n\n\n\t<\/div><!-- .dslc-testimonial-author-main -->\n\n<\/div><!-- .dslc-testimonial-author -->\n\n\t\t\t\n\t<div class=\"dslc-testimonial-main\">\n\n\t\t\n\t\t\n\t\t\n\t\t\n\t\t\t<div class=\"dslc-testimonial-quote\">\n\t\t\t\t\u201cEm junho de 2015 iniciamos os trabalhos com a Core. O grande diferencial da ag\u00eancia como assessoria de imprensa \u00e9 ter a credibilidade de jornalistas e grandes ve\u00edculos de comunica\u00e7\u00e3o de todo o pa\u00eds, garantindo resultados importantes para a constru\u00e7\u00e3o da nossa imagem na m\u00eddia\u201d.\t\t\t<\/div><!-- .dslc-testimonial-quote -->\n\n\t\t\n\t\t\n\t<\/div><!-- .dslc-testimonial-main -->\n\n\t\n<\/div><!-- .dslc-testimonial-inner -->\n\n\t\t\t<\/div><!-- .dslc-testimonial -->\n\n\t\t\t\n\t\n\t\t\t<div class=\"dslc-post dslc-testimonial dslc-masonry-item dslc-col dslc-4-col\" data-cats=\"depoimentos \">\n\n<div class=\"dslc-testimonial-inner\">\n\n\t\n<div class=\"dslc-testimonial-author dslc-testimonial-author-pos-outside-top dslc-testimonial-avatar-above dslc-clearfix\">\n\n\t\n\t\t<div class=\"dslc-testimonial-author-avatar\">\n\t\t\t<img width=\"156\" height=\"156\" src=\"https:\/\/coregroup.com.br\/pt-br\/wp-content\/uploads\/2019\/10\/ubiraci.png\" class=\"attachment-full size-full wp-post-image\" alt=\"ubiraci\" decoding=\"async\" title=\"ubiraci\" srcset=\"https:\/\/coregroup.com.br\/pt-br\/wp-content\/uploads\/2019\/10\/ubiraci.png 156w,   https:\/\/coregroup.com.br\/pt-br\/wp-content\/uploads\/2019\/10\/ubiraci-150x150.png 150w\" sizes=\"(max-width: 156px) 100vw, 156px\" \/>\t\t<\/div><!-- .dslc-testimonial-author-avatar -->\n\n\t\n\t\t\t<div class=\"dslc-testimonial-clearfix\"><\/div>\n\t\n\t<div class=\"dslc-testimonial-author-main\">\n\n\n\t<div class=\"dslc-testimonial-author-name\">\n\t\tUBIRACI VICENTE\t<\/div><!-- .dslc-testimonial-author-name -->\n\n\n\n\t<div class=\"dslc-testimonial-author-position\">\n\t\tGerente de Marketing da Ativa Log\u00edstica\t<\/div><!-- .dslc-testimoniala-author-position -->\n\n\n\t<\/div><!-- .dslc-testimonial-author-main -->\n\n<\/div><!-- .dslc-testimonial-author -->\n\n\t\t\t\n\t<div class=\"dslc-testimonial-main\">\n\n\t\t\n\t\t\n\t\t\n\t\t\n\t\t\t<div class=\"dslc-testimonial-quote\">\n\t\t\t\t\u201cPara a Ativa Log\u00edstica o Core Group \u00e9 muito importante e pode ser classificado como uma s\u00f3lida refer\u00eancia em comunica\u00e7\u00e3o. A seriedade e o comprometimento no trabalho s\u00e3o levados \u00e0 risca pelos seus profissionais, que sempre buscam as melhores oportunidades e resultados para o grupo\u201d.\t\t\t<\/div><!-- .dslc-testimonial-quote -->\n\n\t\t\n\t\t\n\t<\/div><!-- .dslc-testimonial-main -->\n\n\t\n<\/div><!-- .dslc-testimonial-inner -->\n\n\t\t\t<\/div><!-- .dslc-testimonial -->\n\n\t\t\t\n\t\n\t\t\t<div class=\"dslc-post dslc-testimonial dslc-masonry-item dslc-col dslc-4-col  dslc-last-col\" data-cats=\"depoimentos \">\n\n<div class=\"dslc-testimonial-inner\">\n\n\t\n<div class=\"dslc-testimonial-author dslc-testimonial-author-pos-outside-top dslc-testimonial-avatar-above dslc-clearfix\">\n\n\t\n\t\t<div class=\"dslc-testimonial-author-avatar\">\n\t\t\t<img width=\"156\" height=\"156\" src=\"https:\/\/coregroup.com.br\/pt-br\/wp-content\/uploads\/2019\/10\/site_depoimentos_lenivaldo.png\" class=\"attachment-full size-full wp-post-image\" alt=\"site depoimentos lenivaldo\" decoding=\"async\" title=\"site_depoimentos_lenivaldo\" srcset=\"https:\/\/coregroup.com.br\/pt-br\/wp-content\/uploads\/2019\/10\/site_depoimentos_lenivaldo.png 156w,   https:\/\/coregroup.com.br\/pt-br\/wp-content\/uploads\/2019\/10\/site_depoimentos_lenivaldo-150x150.png 150w\" sizes=\"(max-width: 156px) 100vw, 156px\" \/>\t\t<\/div><!-- .dslc-testimonial-author-avatar -->\n\n\t\n\t\t\t<div class=\"dslc-testimonial-clearfix\"><\/div>\n\t\n\t<div class=\"dslc-testimonial-author-main\">\n\n\n\t<div class=\"dslc-testimonial-author-name\">\n\t\tLENIVALDO BARROS\t<\/div><!-- .dslc-testimonial-author-name -->\n\n\n\n\t<div class=\"dslc-testimonial-author-position\">\n\t\t1\u00ba Tesoureiro da Abrappe\t<\/div><!-- .dslc-testimoniala-author-position -->\n\n\n\t<\/div><!-- .dslc-testimonial-author-main -->\n\n<\/div><!-- .dslc-testimonial-author -->\n\n\t\t\t\n\t<div class=\"dslc-testimonial-main\">\n\n\t\t\n\t\t\n\t\t\n\t\t\n\t\t\t<div class=\"dslc-testimonial-quote\">\n\t\t\t\t\u201cGalera do Core Group, \u00e9 tomado de muita satisfa\u00e7\u00e3o e alegria que quero mais uma vez agradecer imensamente o n\u00edvel de servi\u00e7o entregue por voc\u00eas durante o 2\u00ba F\u00f3rum Abrappe de Preven\u00e7\u00e3o de Perdas. Parab\u00e9ns ao time de profissionais da ag\u00eancia mais uma vez pelo comprometimento e dedica\u00e7\u00e3o ao trabalho\u201d.\t\t\t<\/div><!-- .dslc-testimonial-quote -->\n\n\t\t\n\t\t\n\t<\/div><!-- .dslc-testimonial-main -->\n\n\t\n<\/div><!-- .dslc-testimonial-inner -->\n\n\t\t\t<\/div><!-- .dslc-testimonial -->\n\n\t\t\t\n\t<\/div><!-- .dslc-posts-inner -->\n\n\t\n\t\t<\/div><!-- .dslc-testimonials -->\n\n\t<\/div>\n<p><!-- .dslc-module -->\n\t\t<\/div>\n<style type=\"text\/css\" id=\"dslca-modules-area-\"><\/style>\n<div  class=\"dslc-modules-area dslc-col dslc-12-col dslc-last-col dslc-valign-\" data-size=\"12\" data-valign=\"\" data-modules-area-id=\"\" >\n<div id=\"dslc-module-4357\" class=\"dslc-module-front dslc-module-DSLC_Separator dslc-in-viewport-check dslc-in-viewport-anim-none  dslc-col dslc-12-col dslc-last-col  dslc-module-handle-like-regular\" data-module-id=\"4357\" data-module=\"DSLC_Separator\" data-dslc-module-size=\"12\" data-dslc-anim=\"none\" data-dslc-anim-delay=\"0\" data-dslc-anim-duration=\"650\"  data-dslc-anim-easing=\"ease\" data-dslc-preset=\"none\" >\n<div class=\"dslc-separator-wrapper\">\n<div class=\"dslc-separator dslc-separator-style-invisible\">\n\t\t\t\t\t\t\t\t\t<\/div>\n<div><\/div>\n<\/p><\/div>\n<p><!-- .dslc-separator-wrapper --><\/p><\/div>\n<p><!-- .dslc-module -->\n\t\t<\/div>\n<\/div>\n<\/div>\n<\/div>\n<p><input type=\"hidden\" id=\"dslca-post-data-thumb\" value=\"https:\/\/coregroup.com.br\/pt-br\/wp-content\/uploads\/2019\/10\/813-trabalhe-conosco.jpg\" \/><\/p>\n<\/div><\/div>","protected":false},"excerpt":{"rendered":"<p>DEPOIMENTOS Com profissionais qualificados em todas as \u00e1reas de atendimento, a Core, uma ag\u00eancia 360\u00b0, agrega resultados para todos os seus clientes. Confira o que alguns deles dizem sobre os trabalhos realizados.<\/p>","protected":false},"author":3,"featured_media":18268,"parent":0,"menu_order":0,"comment_status":"closed","ping_status":"closed","template":"","meta":{"footnotes":"","_joinchat":[]},"_links":{"self":[{"href":"https:\/\/coregroup.com.br\/pt-br\/wp-json\/wp\/v2\/pages\/1895"}],"collection":[{"href":"https:\/\/coregroup.com.br\/pt-br\/wp-json\/wp\/v2\/pages"}],"about":[{"href":"https:\/\/coregroup.com.br\/pt-br\/wp-json\/wp\/v2\/types\/page"}],"author":[{"embeddable":true,"href":"https:\/\/coregroup.com.br\/pt-br\/wp-json\/wp\/v2\/users\/3"}],"replies":[{"embeddable":true,"href":"https:\/\/coregroup.com.br\/pt-br\/wp-json\/wp\/v2\/comments?post=1895"}],"version-history":[{"count":0,"href":"https:\/\/coregroup.com.br\/pt-br\/wp-json\/wp\/v2\/pages\/1895\/revisions"}],"wp:featuredmedia":[{"embeddable":true,"href":"https:\/\/coregroup.com.br\/pt-br\/wp-json\/wp\/v2\/media\/18268"}],"wp:attachment":[{"href":"https:\/\/coregroup.com.br\/pt-br\/wp-json\/wp\/v2\/media?parent=1895"}],"curies":[{"name":"wp","href":"https:\/\/api.w.org\/{rel}","templated":true}]}}