{"id":18140,"date":"2019-10-10T12:46:45","date_gmt":"2019-10-10T15:46:45","guid":{"rendered":"https:\/\/coregroup.com.br\/pt-br\/?page_id=18140"},"modified":"2025-08-20T10:01:16","modified_gmt":"2025-08-20T13:01:16","slug":"sites","status":"publish","type":"page","link":"https:\/\/coregroup.com.br\/pt-br\/servicos-marketing\/sites\/","title":{"rendered":"Sites"},"content":{"rendered":"<div id=\"dslc-theme-content\"><div id=\"dslc-theme-content-inner\"><div id=\"dslc-main\">\n<div  class=\"dslc-modules-section\" style=\"padding-bottom:180px;padding-top:180px;background-image:url(https:\/\/coregroup.com.br\/pt-br\/wp-content\/uploads\/2019\/10\/imagem-home.png);\" data-section-id=\"56e5a41ebe9\">\n<div class=\"dslc-modules-section-wrapper dslc-clearfix\">\n<style type=\"text\/css\" id=\"dslca-modules-area-\"><\/style>\n<div  class=\"dslc-modules-area dslc-col dslc-12-col dslc-last-col dslc-valign-\" data-size=\"12\" data-valign=\"\" data-modules-area-id=\"\" ><\/div>\n<\/div>\n<\/div>\n<div  class=\"dslc-modules-section\" style=\"\" data-section-id=\"e388e28c9f1\">\n<div class=\"dslc-modules-section-wrapper dslc-clearfix\">\n<style type=\"text\/css\" id=\"dslca-modules-area-\"><\/style>\n<div  class=\"dslc-modules-area dslc-col dslc-5-col dslc-first-col dslc-valign-\" data-size=\"5\" data-valign=\"\" data-modules-area-id=\"\" >\n<div id=\"dslc-module-7f9460f839a\" class=\"dslc-module-front dslc-module-DSLC_Image dslc-in-viewport-check dslc-in-viewport-anim-none  dslc-col dslc-12-col dslc-last-col  dslc-module-handle-like-regular\" data-module-id=\"7f9460f839a\" data-module=\"DSLC_Image\" data-dslc-module-size=\"12\" data-dslc-anim=\"none\" data-dslc-anim-delay=\"\" data-dslc-anim-duration=\"650\"  data-dslc-anim-easing=\"ease\" data-dslc-preset=\"none\" >\n<div class=\"dslc-image-container\">\n<div class=\"dslc-image\">\n<p>\t\t\t\t\t\t\t\t\t<img decoding=\"async\" src=\"https:\/\/coregroup.com.br\/pt-br\/wp-content\/uploads\/2019\/10\/Site.jpg\" alt=\"Cria\u00e7\u00e3o de site corporativo responsivo Core Group\" title=\"\" srcset=\"https:\/\/coregroup.com.br\/pt-br\/wp-content\/uploads\/2019\/10\/Site.jpg 2048w,  https:\/\/coregroup.com.br\/pt-br\/wp-content\/uploads\/2019\/10\/Site-300x150.jpg 300w,  https:\/\/coregroup.com.br\/pt-br\/wp-content\/uploads\/2019\/10\/Site-768x384.jpg 768w,  https:\/\/coregroup.com.br\/pt-br\/wp-content\/uploads\/2019\/10\/Site-1024x513.jpg 1024w\" sizes=\"(max-width: 2048px) 100vw, 2048px\" \/><\/p><\/div>\n<p><!-- .dslc-image -->\n\t\t<\/div>\n<\/p><\/div>\n<p><!-- .dslc-module -->\n\t\t<\/div>\n<style type=\"text\/css\" id=\"dslca-modules-area-\"><\/style>\n<div  class=\"dslc-modules-area dslc-col dslc-7-col dslc-last-col dslc-valign-\" data-size=\"7\" data-valign=\"\" data-modules-area-id=\"\" >\n<div id=\"dslc-module-41d393b5db3\" class=\"dslc-module-front dslc-module-DSLC_Text_Simple dslc-in-viewport-check dslc-in-viewport-anim-none  dslc-col dslc-12-col dslc-last-col  dslc-module-handle-like-regular\" data-module-id=\"41d393b5db3\" data-module=\"DSLC_Text_Simple\" data-dslc-module-size=\"12\" data-dslc-anim=\"none\" data-dslc-anim-delay=\"\" data-dslc-anim-duration=\"650\"  data-dslc-anim-easing=\"ease\" data-dslc-preset=\"none\" >\n<div class=\"dslc-text-module-content\">\n<h1 style=\"text-align: left;\"><strong>Cria\u00e7\u00e3o de Sites Corporativos e Institucionais<\/strong><\/h1>\n<div id=\"gtx-trans\" style=\"position: absolute; left: 454px; top: -0.9625px;\">\n<div class=\"gtx-trans-icon\">\u00a0<\/div>\n<\/div><\/div>\n<\/p><\/div>\n<p><!-- .dslc-module --><\/p>\n<div id=\"dslc-module-d6a654e0f5f\" class=\"dslc-module-front dslc-module-DSLC_Text_Simple dslc-in-viewport-check dslc-in-viewport-anim-none  dslc-col dslc-12-col dslc-last-col  dslc-module-handle-like-regular\" data-module-id=\"d6a654e0f5f\" data-module=\"DSLC_Text_Simple\" data-dslc-module-size=\"12\" data-dslc-anim=\"none\" data-dslc-anim-delay=\"\" data-dslc-anim-duration=\"650\"  data-dslc-anim-easing=\"ease\" data-dslc-preset=\"none\" >\n<div class=\"dslc-text-module-content\">\n<p data-start=\"1327\" data-end=\"1605\">A Core Group desenvolve <strong data-start=\"1406\" data-end=\"1428\">sites corporativos<\/strong> que combinam design moderno, excelente experi\u00eancia do usu\u00e1rio e alta performance. Nossos projetos s\u00e3o responsivos, estrat\u00e9gicos e possibilitam que sua marca se destaque online.<\/p>\n<p>O site de uma empresa \u00e9 como um cart\u00e3o de visitas ou a vitrine de uma loja. Se a sua empresa n\u00e3o tem uma p\u00e1gina na internet, \u00e9 como se ela n\u00e3o existisse. Voc\u00ea e sua empresa precisam de um para:<\/p>\n<ol>\n<li>Ser encontrado em meio aos concorrentes<\/li>\n<li>Ganhar visibilidade e autoridade no mercado<\/li>\n<li>Expandir o neg\u00f3cio com mais vendas<\/li>\n<\/ol><\/div>\n<\/p><\/div>\n<p><!-- .dslc-module --><\/p>\n<div id=\"dslc-module-49a8fa98a35\" class=\"dslc-module-front dslc-module-DSLC_Accordion dslc-in-viewport-check dslc-in-viewport-anim-none  dslc-col dslc-12-col dslc-last-col  dslc-module-handle-like-accordion\" data-module-id=\"49a8fa98a35\" data-module=\"DSLC_Accordion\" data-dslc-module-size=\"12\" data-dslc-anim=\"none\" data-dslc-anim-delay=\"0\" data-dslc-anim-duration=\"650\"  data-dslc-anim-easing=\"ease\" data-dslc-preset=\"none\" >\n<div class=\"dslc-accordion\" data-open=\"0\">\n<div class=\"dslc-accordion-item\" id=\"accordion-0\">\n<div class=\"dslc-accordion-header dslc-accordion-hook\">\n\t\t\t\t\t\t\t\t\t<span class=\"dslc-accordion-title\" >Por que investir em um site profissional? <\/span><\/p>\n<div class=\"dslca-accordion-action-hooks\">\n\t\t\t\t\t\t\t\t\t\t\t<span class=\"dslca-toggle-accordion-hook\"><span class=\"dslca-icon dslc-icon-minus\"><\/span><\/span>\n\t\t\t\t\t\t\t\t\t\t<\/div>\n<\/p><\/div>\n<div class=\"dslc-accordion-content\">\n<div class=\"dslca-editable-content\">\n<p data-start=\"1636\" data-end=\"1800\">Um site bem estruturado \u00e9 essencial para gerar credibilidade, captar leads e ser uma plataforma de neg\u00f3cios 24\/7.<\/p>\n<\/p><\/div>\n<\/p><\/div>\n<p><!-- .dslc-accordion-content --><\/p><\/div>\n<p><!-- .dslc-accordion-item --><\/p>\n<div class=\"dslc-accordion-item\" id=\"accordion-1\">\n<div class=\"dslc-accordion-header dslc-accordion-hook\">\n\t\t\t\t\t\t\t\t\t<span class=\"dslc-accordion-title\" > Nossos servi\u00e7os de desenvolvimento de sites <\/span><\/p>\n<div class=\"dslca-accordion-action-hooks\">\n\t\t\t\t\t\t\t\t\t\t\t<span class=\"dslca-toggle-accordion-hook\"><span class=\"dslca-icon dslc-icon-minus\"><\/span><\/span>\n\t\t\t\t\t\t\t\t\t\t<\/div>\n<\/p><\/div>\n<div class=\"dslc-accordion-content\">\n<div class=\"dslca-editable-content\">\n<ul>\n<li data-start=\"1858\" data-end=\"1887\">\n<p data-start=\"1860\" data-end=\"1887\">Arquitetura da informa\u00e7\u00e3o<\/p>\n<\/li>\n<li data-start=\"1891\" data-end=\"1912\">\n<p data-start=\"1893\" data-end=\"1912\">Design responsivo<\/p>\n<\/li>\n<li data-start=\"1916\" data-end=\"1939\">\n<p data-start=\"1918\" data-end=\"1939\">Otimiza\u00e7\u00e3o para SEO<\/p>\n<\/li>\n<li data-start=\"1943\" data-end=\"1969\">\n<p data-start=\"1945\" data-end=\"1969\">Painel de gest\u00e3o (CMS)<\/p>\n<\/li>\n<li data-start=\"1973\" data-end=\"1997\">\n<p data-start=\"1975\" data-end=\"1997\">Hospedagem e seguran\u00e7a<\/p>\n<\/li>\n<\/ul><\/div>\n<\/p><\/div>\n<p><!-- .dslc-accordion-content --><\/p><\/div>\n<p><!-- .dslc-accordion-item --><\/p>\n<div class=\"dslc-accordion-item\" id=\"accordion-2\">\n<div class=\"dslc-accordion-header dslc-accordion-hook\">\n\t\t\t\t\t\t\t\t\t<span class=\"dslc-accordion-title\" > Benef\u00edcios de um site bem elaborado<\/span><\/p>\n<div class=\"dslca-accordion-action-hooks\">\n\t\t\t\t\t\t\t\t\t\t\t<span class=\"dslca-toggle-accordion-hook\"><span class=\"dslca-icon dslc-icon-minus\"><\/span><\/span>\n\t\t\t\t\t\t\t\t\t\t<\/div>\n<\/p><\/div>\n<div class=\"dslc-accordion-content\">\n<div class=\"dslca-editable-content\">\n<ul>\n<li data-start=\"2047\" data-end=\"2086\">\n<p data-start=\"2049\" data-end=\"2086\">Experi\u00eancia positiva para o usu\u00e1rio<\/p>\n<\/li>\n<li data-start=\"2090\" data-end=\"2132\">\n<p data-start=\"2092\" data-end=\"2132\">Melhor posicionamento nas buscas (SEO)<\/p>\n<\/li>\n<li data-start=\"2136\" data-end=\"2175\">\n<p data-start=\"2138\" data-end=\"2175\">Flexibilidade futura (escabilidade)<\/p>\n<\/li>\n<li data-start=\"2179\" data-end=\"2213\">\n<p data-start=\"2181\" data-end=\"2213\">Automa\u00e7\u00e3o de marketing integrada<\/p>\n<\/li>\n<\/ul><\/div>\n<\/p><\/div>\n<p><!-- .dslc-accordion-content --><\/p><\/div>\n<p><!-- .dslc-accordion-item --><\/p><\/div>\n<p><!-- .dslc-accordion --><\/p><\/div>\n<p><!-- .dslc-module -->\n\t\t<\/div>\n<\/div>\n<\/div>\n<div id=\"email-subscription\" class=\"dslc-modules-section\" style=\"padding-bottom:158px;padding-top:158px;background-color:#334a73;background-image:url(https:\/\/coregroup.com.br\/pt-br\/wp-content\/uploads\/2020\/01\/newsletter.jpg);background-position:center center;background-attachment:fixed;\" data-section-id=\"43546cecc26\">\n<div class=\"dslc-modules-section-wrapper dslc-clearfix\">\n<style type=\"text\/css\" id=\"dslca-modules-area-\"><\/style>\n<div  class=\"dslc-modules-area dslc-col dslc-12-col dslc-last-col dslc-valign-\" data-size=\"12\" data-valign=\"\" data-modules-area-id=\"\" >\n<div id=\"dslc-module-151cd8575bf\" class=\"dslc-module-front dslc-module-DSLC_Info_Box dslc-in-viewport-check dslc-in-viewport-anim-none  dslc-col dslc-12-col dslc-last-col  dslc-module-handle-like-regular\" data-module-id=\"151cd8575bf\" data-module=\"DSLC_Info_Box\" data-dslc-module-size=\"12\" data-dslc-anim=\"none\" data-dslc-anim-delay=\"\" data-dslc-anim-duration=\"650\"  data-dslc-anim-easing=\"ease\" data-dslc-preset=\"none\" >\n<div class=\"dslc-info-box dslc-info-box-icon-pos-above dslc-info-box-image-pos-above\">\n<div class=\"dslc-info-box-wrapper\">\n<div class=\"dslc-info-box-main-wrap dslc-clearfix\">\n<div class=\"dslc-info-box-image\">\n<div class=\"dslc-info-box-image-inner\">\n\t\t\t\t\t\t\t\t\t\t\t\t\t\t\t\t\t\t\t<span class=\"dslc-icon dslc-icon-ext-linegraph\"><\/span>\n\t\t\t\t\t\t\t\t\t\t\t\t\t\t\t\t\t\t\t\t\t\t\t\t\t\t<\/div>\n<p><!-- .dslc-info-box-image-inner -->\n\t\t\t\t\t\t\t<\/div>\n<p><!-- .dslc-info-box-image --><\/p>\n<div class=\"dslc-info-box-main\">\n<div class=\"dslc-info-box-title\">\n<h4 >Quer potencializar o marketing da sua empresa?<\/h4>\n<\/p><\/div>\n<p><!-- .dslc-info-box-title --><\/p><\/div>\n<p><!-- .dslc-info-box-main --><\/p><\/div>\n<p><!-- .dslc-info-box-main-wrap --><\/p><\/div>\n<p><!-- .dslc-info-box-wrapper --><\/p><\/div>\n<p><!-- .dslc-info-box --><\/p><\/div>\n<p><!-- .dslc-module -->\n\t\t<\/div>\n<style type=\"text\/css\" id=\"dslca-modules-area-\"><\/style>\n<div  class=\"dslc-modules-area dslc-col dslc-12-col dslc-last-col dslc-valign-\" data-size=\"12\" data-valign=\"\" data-modules-area-id=\"\" >\n<div id=\"dslc-module-f8aeefaeb79\" class=\"dslc-module-front dslc-module-DSLC_Button dslc-in-viewport-check dslc-in-viewport-anim-none  dslc-col dslc-12-col dslc-last-col  dslc-module-handle-like-regular\" data-module-id=\"f8aeefaeb79\" data-module=\"DSLC_Button\" data-dslc-module-size=\"12\" data-dslc-anim=\"none\" data-dslc-anim-delay=\"\" data-dslc-anim-duration=\"650\"  data-dslc-anim-easing=\"ease\" data-dslc-preset=\"none\" >\n<div class=\"dslc-button\">\n\t\t\t\t\t\t\t\t\t<a href=\"\/pt-br\/agende-sua-visita-ou-reuniao\/\" target=\"_self\"  onClick=\"\" class=\"\"><br \/>\n\t\t\t\t\t\t\t\t\t\t\t\t\t\t\t\t\t\t\t\t\t<span class=\"dslc-icon dslc-icon-ext-location2\"><\/span><br \/>\n\t\t\t\t\t\t\t\t\t\t\t\t\t\t\t\t\t\t\t\t\t\t\t\t\t\t<span>solicite uma proposta<\/span><br \/>\n\t\t\t\t\t\t\t\t\t\t\t\t\t\t\t\t\t<\/a>\n\t\t\t\t\t\t\t<\/div>\n<p><!-- .dslc-button --><\/p><\/div>\n<p><!-- .dslc-module -->\n\t\t<\/div>\n<\/div>\n<\/div>\n<\/div>\n<\/div><\/div>","protected":false},"excerpt":{"rendered":"<p>Cria\u00e7\u00e3o de Sites Corporativos e Institucionais \u00a0 A Core Group desenvolve sites corporativos que combinam design moderno, excelente experi\u00eancia do usu\u00e1rio e alta performance. Nossos projetos s\u00e3o responsivos, estrat\u00e9gicos e possibilitam que sua marca se destaque online. O site de uma empresa \u00e9 como um cart\u00e3o de visitas ou a vitrine de uma loja. Se [&hellip;]<\/p>","protected":false},"author":3,"featured_media":0,"parent":20100,"menu_order":0,"comment_status":"closed","ping_status":"closed","template":"","meta":{"footnotes":"","_joinchat":[]},"_links":{"self":[{"href":"https:\/\/coregroup.com.br\/pt-br\/wp-json\/wp\/v2\/pages\/18140"}],"collection":[{"href":"https:\/\/coregroup.com.br\/pt-br\/wp-json\/wp\/v2\/pages"}],"about":[{"href":"https:\/\/coregroup.com.br\/pt-br\/wp-json\/wp\/v2\/types\/page"}],"author":[{"embeddable":true,"href":"https:\/\/coregroup.com.br\/pt-br\/wp-json\/wp\/v2\/users\/3"}],"replies":[{"embeddable":true,"href":"https:\/\/coregroup.com.br\/pt-br\/wp-json\/wp\/v2\/comments?post=18140"}],"version-history":[{"count":0,"href":"https:\/\/coregroup.com.br\/pt-br\/wp-json\/wp\/v2\/pages\/18140\/revisions"}],"up":[{"embeddable":true,"href":"https:\/\/coregroup.com.br\/pt-br\/wp-json\/wp\/v2\/pages\/20100"}],"wp:attachment":[{"href":"https:\/\/coregroup.com.br\/pt-br\/wp-json\/wp\/v2\/media?parent=18140"}],"curies":[{"name":"wp","href":"https:\/\/api.w.org\/{rel}","templated":true}]}}