{"id":18118,"date":"2019-10-10T10:14:33","date_gmt":"2019-10-10T13:14:33","guid":{"rendered":"https:\/\/coregroup.com.br\/pt-br\/?page_id=18118"},"modified":"2025-08-18T11:16:51","modified_gmt":"2025-08-18T14:16:51","slug":"fale-conosco","status":"publish","type":"page","link":"https:\/\/coregroup.com.br\/pt-br\/fale-conosco\/","title":{"rendered":"Fale Conosco"},"content":{"rendered":"<div id=\"dslc-theme-content\"><div id=\"dslc-theme-content-inner\"><div id=\"dslc-main\">\n<div  class=\"dslc-modules-section\" style=\"padding-bottom:0px;padding-top:0px;padding-left:%;padding-right:%;background-color:rgb(241, 241, 241);border-color:rgb(228, 228, 228);border-width:1px;border-right-style: hidden; border-bottom-style: hidden; border-left-style: hidden; \" data-section-id=\"bc4d85e573d\">\n<div class=\"dslc-modules-section-wrapper dslc-clearfix\">\n<style type=\"text\/css\" id=\"dslca-modules-area-\"><\/style>\n<div  class=\"dslc-modules-area dslc-col dslc-7-col dslc-first-col dslc-valign-\" data-size=\"7\" data-valign=\"\" data-modules-area-id=\"\" >\n<div id=\"dslc-module-bdee2d768ef\" class=\"dslc-module-front dslc-module-DSLC_Separator dslc-in-viewport-check dslc-in-viewport-anim-none  dslc-col dslc-12-col dslc-last-col  dslc-module-handle-like-regular\" data-module-id=\"bdee2d768ef\" data-module=\"DSLC_Separator\" data-dslc-module-size=\"12\" data-dslc-anim=\"none\" data-dslc-anim-delay=\"0\" data-dslc-anim-duration=\"650\"  data-dslc-anim-easing=\"ease\" data-dslc-preset=\"none\" >\n<div class=\"dslc-separator-wrapper\">\n<div class=\"dslc-separator dslc-separator-style-invisible\">\n\t\t\t\t\t\t\t\t\t<\/div>\n<div><\/div>\n<\/p><\/div>\n<p><!-- .dslc-separator-wrapper --><\/p><\/div>\n<p><!-- .dslc-module --><\/p>\n<div id=\"dslc-module-k4nhm0957u8\" class=\"dslc-module-front dslc-module-LCPROEXT_Contact_Form_7 dslc-in-viewport-check dslc-in-viewport-anim-none  dslc-col dslc-12-col dslc-last-col  dslc-module-handle-like-regular\" data-module-id=\"k4nhm0957u8\" data-module=\"LCPROEXT_Contact_Form_7\" data-dslc-module-size=\"12\" data-dslc-anim=\"none\" data-dslc-anim-delay=\"0\" data-dslc-anim-duration=\"650\"  data-dslc-anim-easing=\"default\" data-dslc-preset=\"\" >\n\n<div class=\"wpcf7 no-js\" id=\"wpcf7-f18117-o1\" lang=\"pt-BR\" dir=\"ltr\">\n<div class=\"screen-reader-response\"><p role=\"status\" aria-live=\"polite\" aria-atomic=\"true\"><\/p> <ul><\/ul><\/div>\n<form action=\"\/pt-br\/wp-json\/wp\/v2\/pages\/18118#wpcf7-f18117-o1\" method=\"post\" class=\"wpcf7-form init\" aria-label=\"Formul\u00e1rios de contato\" novalidate=\"novalidate\" data-status=\"init\">\n<div style=\"display: none;\">\n<input type=\"hidden\" name=\"_wpcf7\" value=\"18117\" \/>\n<input type=\"hidden\" name=\"_wpcf7_version\" value=\"5.9.8\" \/>\n<input type=\"hidden\" name=\"_wpcf7_locale\" value=\"pt_BR\" \/>\n<input type=\"hidden\" name=\"_wpcf7_unit_tag\" value=\"wpcf7-f18117-o1\" \/>\n<input type=\"hidden\" name=\"_wpcf7_container_post\" value=\"0\" \/>\n<input type=\"hidden\" name=\"_wpcf7_posted_data_hash\" value=\"\" \/>\n<input type=\"hidden\" name=\"_wpcf7_recaptcha_response\" value=\"\" \/>\n<\/div>\n<p><label> Nome (Obrigat\u00f3rio)<br \/>\n<span class=\"wpcf7-form-control-wrap\" data-name=\"your-name\"><input size=\"40\" maxlength=\"400\" class=\"wpcf7-form-control wpcf7-text wpcf7-validates-as-required\" aria-required=\"true\" aria-invalid=\"false\" value=\"\" type=\"text\" name=\"your-name\" \/><\/span> <\/label>\n<\/p>\n<p><label> Empresa<br \/>\n<span class=\"wpcf7-form-control-wrap\" data-name=\"empresa-1\"><input size=\"40\" maxlength=\"400\" class=\"wpcf7-form-control wpcf7-text wpcf7-validates-as-required\" aria-required=\"true\" aria-invalid=\"false\" value=\"\" type=\"text\" name=\"empresa-1\" \/><\/span> <\/label>\n<\/p>\n<p><label> E-mail (Obrigat\u00f3rio)<br \/>\n<span class=\"wpcf7-form-control-wrap\" data-name=\"your-email\"><input size=\"40\" maxlength=\"400\" class=\"wpcf7-form-control wpcf7-email wpcf7-validates-as-required wpcf7-text wpcf7-validates-as-email\" aria-required=\"true\" aria-invalid=\"false\" value=\"\" type=\"email\" name=\"your-email\" \/><\/span> <\/label>\n<\/p>\n<p><label> Telefone<br \/>\n<span class=\"wpcf7-form-control-wrap\" data-name=\"telefone-cliente\"><input size=\"40\" maxlength=\"400\" class=\"wpcf7-form-control wpcf7-tel wpcf7-text wpcf7-validates-as-tel\" aria-invalid=\"false\" value=\"\" type=\"tel\" name=\"telefone-cliente\" \/><\/span> <\/label>\n<\/p>\n<p><label> Assunto<br \/>\n<span class=\"wpcf7-form-control-wrap\" data-name=\"assunto-suspenso\"><select class=\"wpcf7-form-control wpcf7-select\" aria-invalid=\"false\" name=\"assunto-suspenso\"><option value=\"Cr\u00edtica\">Cr\u00edtica<\/option><option value=\"Proposta\">Proposta<\/option><option value=\"Receber newsletter\">Receber newsletter<\/option><option value=\"Reuni\u00e3o\">Reuni\u00e3o<\/option><option value=\"Sugest\u00e3o\">Sugest\u00e3o<\/option><\/select><\/span> <\/label>\n<\/p>\n<p><label> Mensagem<br \/>\n<span class=\"wpcf7-form-control-wrap\" data-name=\"your-message\"><textarea cols=\"40\" rows=\"10\" maxlength=\"2000\" class=\"wpcf7-form-control wpcf7-textarea\" aria-invalid=\"false\" name=\"your-message\"><\/textarea><\/span> <\/label>\n<\/p>\n<p><input class=\"wpcf7-form-control wpcf7-submit has-spinner\" type=\"submit\" value=\"Enviar\" \/>\n<\/p><div class=\"wpcf7-response-output\" aria-hidden=\"true\"><\/div>\n<\/form>\n<\/div>\n<\/div>\n<p><!-- .dslc-module -->\n\t\t<\/div>\n<style type=\"text\/css\" id=\"dslca-modules-area-\"><\/style>\n<div  class=\"dslc-modules-area dslc-col dslc-1-col  dslc-valign-\" data-size=\"1\" data-valign=\"\" data-modules-area-id=\"\" >\n<div id=\"dslc-module-95ceab6e817\" class=\"dslc-module-front dslc-module-DSLC_Separator dslc-in-viewport-check dslc-in-viewport-anim-none  dslc-col dslc-12-col dslc-last-col  dslc-module-handle-like-regular\" data-module-id=\"95ceab6e817\" data-module=\"DSLC_Separator\" data-dslc-module-size=\"12\" data-dslc-anim=\"none\" data-dslc-anim-delay=\"0\" data-dslc-anim-duration=\"650\"  data-dslc-anim-easing=\"ease\" data-dslc-preset=\"none\" >\n<div class=\"dslc-separator-wrapper\">\n<div class=\"dslc-separator dslc-separator-style-invisible\">\n\t\t\t\t\t\t\t\t\t<\/div>\n<div><\/div>\n<\/p><\/div>\n<p><!-- .dslc-separator-wrapper --><\/p><\/div>\n<p><!-- .dslc-module -->\n\t\t<\/div>\n<style type=\"text\/css\" id=\"dslca-modules-area-\"><\/style>\n<div  class=\"dslc-modules-area dslc-col dslc-4-col dslc-last-col dslc-valign-\" data-size=\"4\" data-valign=\"\" data-modules-area-id=\"\" >\n<div id=\"dslc-module-78b7b49fedf\" class=\"dslc-module-front dslc-module-DSLC_Separator dslc-in-viewport-check dslc-in-viewport-anim-none  dslc-col dslc-12-col dslc-last-col  dslc-module-handle-like-regular\" data-module-id=\"78b7b49fedf\" data-module=\"DSLC_Separator\" data-dslc-module-size=\"12\" data-dslc-anim=\"none\" data-dslc-anim-delay=\"\" data-dslc-anim-duration=\"650\"  data-dslc-anim-easing=\"ease\" data-dslc-preset=\"none\" >\n<div class=\"dslc-separator-wrapper\">\n<div class=\"dslc-separator dslc-separator-style-invisible\">\n\t\t\t\t\t\t\t\t\t<\/div>\n<div><\/div>\n<\/p><\/div>\n<p><!-- .dslc-separator-wrapper --><\/p><\/div>\n<p><!-- .dslc-module --><\/p>\n<div id=\"dslc-module-91d6622a7b4\" class=\"dslc-module-front dslc-module-DSLC_Text_Simple dslc-in-viewport-check dslc-in-viewport-anim-none  dslc-col dslc-12-col dslc-last-col  dslc-module-handle-like-regular\" data-module-id=\"91d6622a7b4\" data-module=\"DSLC_Text_Simple\" data-dslc-module-size=\"12\" data-dslc-anim=\"none\" data-dslc-anim-delay=\"\" data-dslc-anim-duration=\"650\"  data-dslc-anim-easing=\"ease\" data-dslc-preset=\"none\" >\n<div class=\"dslc-text-module-content\">\n<p>A Core Group agradece imensamente pelo seu contato. Fique \u00e0 vontade para encaminhar sua d\u00favida, cr\u00edtica, sugest\u00e3o ou ainda solicitar a nossa newsletter.<\/p>\n<\/p><\/div>\n<\/p><\/div>\n<p><!-- .dslc-module --><\/p>\n<div id=\"dslc-module-cbb5344c007\" class=\"dslc-module-front dslc-module-DSLC_Testimonials dslc-in-viewport-check dslc-in-viewport-anim-none  dslc-col dslc-12-col dslc-last-col  dslc-module-handle-like-regular\" data-module-id=\"cbb5344c007\" data-module=\"DSLC_Testimonials\" data-dslc-module-size=\"12\" data-dslc-anim=\"none\" data-dslc-anim-delay=\"0\" data-dslc-anim-duration=\"650\"  data-dslc-anim-easing=\"ease\" data-dslc-preset=\"none\" >\n\t<div class=\"dslc-module-heading\">\n\n\t\t<!-- Heading -->\n\n\t\t\n\t\t\t\t\t\t<div class=\"dslc-post-heading\">\n\n\t\t\t\t\t\t\t<h2 class=\"dslca-editable-content\" data-id=\"main_heading_title\" data-type=\"simple\"  >Testimonials<\/h2>\n\n\t\t\t\t\t\t\t<!-- View all -->\n\n\t\t\t\t\t\t\t\n\t\t\t\t\t\t\t\t<span class=\"dslc-module-heading-view-all\"><a href=\"#\" class=\"dslca-editable-content\" data-id=\"main_heading_link_title\" data-type=\"simple\"  >See all testimonials<\/a><\/span>\n\n\t\t\t\t\t\t\t\n\t\t\t\t\t\t<\/div>\n\n\t\t\t\t\t\t\n\t\t<!-- Filters -->\n\n\t\t\n\t\t<!-- Carousel -->\n\n\t\t\t\t\t<\/div><!-- .dslc-module-heading -->\n\t\t\t\t<div class=\"dslc-posts dslc-testimonials dslc-clearfix\">\n\t\t\t\n\t\t\t\t\t\t\n\t<div class=\"dslc-posts-inner\"><div class=\"dslc-loader\"><\/div><div class=\"dslc-carousel\" data-stop-on-hover=\"false\" data-autoplay=\"0\" data-columns=\"1\" data-pagination=\"true\" data-slide-speed=\"200\" data-pagination-speed=\"800\">\n\t\n\t\t\t<div class=\"dslc-post dslc-testimonial dslc-carousel-item dslc-col dslc-12-col  dslc-last-col\" data-cats=\"depoimentos \">\n\n<div class=\"dslc-testimonial-inner\">\n\n\t\n\t<div class=\"dslc-testimonial-main\">\n\n\t\t\n\t\t\n\t\t\n\t\t\n\t\t\t<div class=\"dslc-testimonial-quote\">\n\t\t\t\t\u201cQuero parabenizar \u00e0 equipe Core pelo empenho e a visibilidade conquistada ao nosso 2\u00ba F\u00f3rum de Preven\u00e7\u00e3o de Perdas. \u00c9 importante para a Abrappe atingir esse n\u00edvel de comunica\u00e7\u00e3o do tema, para ganharmos ainda mais visibilidade com o nosso prop\u00f3sito junto aos varejistas\u201d.\t\t\t<\/div><!-- .dslc-testimonial-quote -->\n\n\t\t\n\t\t\n\t<\/div><!-- .dslc-testimonial-main -->\n\n\t\n<div class=\"dslc-testimonial-author dslc-testimonial-author-pos-outside-bottom dslc-testimonial-avatar- dslc-clearfix\">\n\n\t\n\t\t<div class=\"dslc-testimonial-author-avatar\">\n\t\t\t<img width=\"156\" height=\"156\" src=\"https:\/\/coregroup.com.br\/pt-br\/wp-content\/uploads\/2019\/10\/site_depoimentos_carlos_eduardo.png\" class=\"attachment-full size-full wp-post-image\" alt=\"site depoimentos carlos eduardo\" decoding=\"async\" title=\"site_depoimentos_carlos_eduardo\" srcset=\"https:\/\/coregroup.com.br\/pt-br\/wp-content\/uploads\/2019\/10\/site_depoimentos_carlos_eduardo.png 156w,   https:\/\/coregroup.com.br\/pt-br\/wp-content\/uploads\/2019\/10\/site_depoimentos_carlos_eduardo-150x150.png 150w\" sizes=\"(max-width: 156px) 100vw, 156px\" \/>\t\t<\/div><!-- .dslc-testimonial-author-avatar -->\n\n\t\n\t\n\t<div class=\"dslc-testimonial-author-main\">\n\n\n\t<div class=\"dslc-testimonial-author-name\">\n\t\tCARLOS EDUARDO SANTOS\t<\/div><!-- .dslc-testimonial-author-name -->\n\n\n\n\t<div class=\"dslc-testimonial-author-position\">\n\t\tPresidente da Abrappe\t<\/div><!-- .dslc-testimoniala-author-position -->\n\n\n\t<\/div><!-- .dslc-testimonial-author-main -->\n\n<\/div><!-- .dslc-testimonial-author -->\n\n\t\t\t\n<\/div><!-- .dslc-testimonial-inner -->\n\n\t\t\t<\/div><!-- .dslc-testimonial -->\n\n\t\t\t\n\t\n\t\t\t<div class=\"dslc-post dslc-testimonial dslc-carousel-item dslc-col dslc-12-col  dslc-last-col\" data-cats=\"depoimentos \">\n\n<div class=\"dslc-testimonial-inner\">\n\n\t\n\t<div class=\"dslc-testimonial-main\">\n\n\t\t\n\t\t\n\t\t\n\t\t\n\t\t\t<div class=\"dslc-testimonial-quote\">\n\t\t\t\t\u201cO trabalho da Core tem sido importante para o Semasa. Qualificou nosso atendimento nas m\u00eddias sociais, ve\u00edculos de imprensa e \u00e0s demandas internas. Uma parceria baseada em profissionalismo, compet\u00eancia e criatividade para enfrentar os desafios di\u00e1rios da gest\u00e3o p\u00fablica\u201d.\t\t\t<\/div><!-- .dslc-testimonial-quote -->\n\n\t\t\n\t\t\n\t<\/div><!-- .dslc-testimonial-main -->\n\n\t\n<div class=\"dslc-testimonial-author dslc-testimonial-author-pos-outside-bottom dslc-testimonial-avatar- dslc-clearfix\">\n\n\t\n\t\t<div class=\"dslc-testimonial-author-avatar\">\n\t\t\t<img width=\"156\" height=\"156\" src=\"https:\/\/coregroup.com.br\/pt-br\/wp-content\/uploads\/2019\/10\/site_depoimentos_anderson.png\" class=\"attachment-full size-full wp-post-image\" alt=\"site depoimentos anderson\" decoding=\"async\" title=\"site_depoimentos_anderson\" srcset=\"https:\/\/coregroup.com.br\/pt-br\/wp-content\/uploads\/2019\/10\/site_depoimentos_anderson.png 156w,   https:\/\/coregroup.com.br\/pt-br\/wp-content\/uploads\/2019\/10\/site_depoimentos_anderson-150x150.png 150w\" sizes=\"(max-width: 156px) 100vw, 156px\" \/>\t\t<\/div><!-- .dslc-testimonial-author-avatar -->\n\n\t\n\t\n\t<div class=\"dslc-testimonial-author-main\">\n\n\n\t<div class=\"dslc-testimonial-author-name\">\n\t\tANDERSON AFONSO\t<\/div><!-- .dslc-testimonial-author-name -->\n\n\n\n\t<div class=\"dslc-testimonial-author-position\">\n\t\tDiretor de Comunica\u00e7\u00e3o do Semasa\t<\/div><!-- .dslc-testimoniala-author-position -->\n\n\n\t<\/div><!-- .dslc-testimonial-author-main -->\n\n<\/div><!-- .dslc-testimonial-author -->\n\n\t\t\t\n<\/div><!-- .dslc-testimonial-inner -->\n\n\t\t\t<\/div><!-- .dslc-testimonial -->\n\n\t\t\t\n\t\n\t\t\t<div class=\"dslc-post dslc-testimonial dslc-carousel-item dslc-col dslc-12-col  dslc-last-col\" data-cats=\"depoimentos \">\n\n<div class=\"dslc-testimonial-inner\">\n\n\t\n\t<div class=\"dslc-testimonial-main\">\n\n\t\t\n\t\t\n\t\t\n\t\t\n\t\t\t<div class=\"dslc-testimonial-quote\">\n\t\t\t\t\u201cAp\u00f3s algumas experi\u00eancias malsucedidas n\u00e3o acreditava que o servi\u00e7o de assessoria de imprensa pudesse ter sucesso. Nesse cen\u00e1rio, a Core mudou meus conceitos, comecei a ver com outros olhos a import\u00e2ncia de ter uma ag\u00eancia que entenda o seu neg\u00f3cio e o mercado\u201d.\t\t\t<\/div><!-- .dslc-testimonial-quote -->\n\n\t\t\n\t\t\n\t<\/div><!-- .dslc-testimonial-main -->\n\n\t\n<div class=\"dslc-testimonial-author dslc-testimonial-author-pos-outside-bottom dslc-testimonial-avatar- dslc-clearfix\">\n\n\t\n\t\t<div class=\"dslc-testimonial-author-avatar\">\n\t\t\t<img width=\"156\" height=\"156\" src=\"https:\/\/coregroup.com.br\/pt-br\/wp-content\/uploads\/2019\/10\/sergio.png\" class=\"attachment-full size-full wp-post-image\" alt=\"sergio\" decoding=\"async\" title=\"sergio\" srcset=\"https:\/\/coregroup.com.br\/pt-br\/wp-content\/uploads\/2019\/10\/sergio.png 156w,   https:\/\/coregroup.com.br\/pt-br\/wp-content\/uploads\/2019\/10\/sergio-150x150.png 150w\" sizes=\"(max-width: 156px) 100vw, 156px\" \/>\t\t<\/div><!-- .dslc-testimonial-author-avatar -->\n\n\t\n\t\n\t<div class=\"dslc-testimonial-author-main\">\n\n\n\t<div class=\"dslc-testimonial-author-name\">\n\t\tS\u00c9RGIO CONTENTE\t<\/div><!-- .dslc-testimonial-author-name -->\n\n\n\n\t<div class=\"dslc-testimonial-author-position\">\n\t\tPresidente da Contmatic Phoenix\t<\/div><!-- .dslc-testimoniala-author-position -->\n\n\n\t<\/div><!-- .dslc-testimonial-author-main -->\n\n<\/div><!-- .dslc-testimonial-author -->\n\n\t\t\t\n<\/div><!-- .dslc-testimonial-inner -->\n\n\t\t\t<\/div><!-- .dslc-testimonial -->\n\n\t\t\t<\/div>\n\t<\/div><!-- .dslc-posts-inner -->\n\n\t\n\t\t<\/div><!-- .dslc-testimonials -->\n\n\t<\/div>\n<p><!-- .dslc-module -->\n\t\t<\/div>\n<style type=\"text\/css\" id=\"dslca-modules-area-\"><\/style>\n<div  class=\"dslc-modules-area dslc-col dslc-12-col dslc-last-col dslc-valign-\" data-size=\"12\" data-valign=\"\" data-modules-area-id=\"\" >\n<div id=\"dslc-module-c2c48da8337\" class=\"dslc-module-front dslc-module-DSLC_Separator dslc-in-viewport-check dslc-in-viewport-anim-none  dslc-col dslc-12-col dslc-last-col  dslc-module-handle-like-regular\" data-module-id=\"c2c48da8337\" data-module=\"DSLC_Separator\" data-dslc-module-size=\"12\" data-dslc-anim=\"none\" data-dslc-anim-delay=\"0\" data-dslc-anim-duration=\"650\"  data-dslc-anim-easing=\"ease\" data-dslc-preset=\"none\" >\n<div class=\"dslc-separator-wrapper\">\n<div class=\"dslc-separator dslc-separator-style-invisible\">\n\t\t\t\t\t\t\t\t\t<\/div>\n<div><\/div>\n<\/p><\/div>\n<p><!-- .dslc-separator-wrapper --><\/p><\/div>\n<p><!-- .dslc-module -->\n\t\t<\/div>\n<\/div>\n<\/div>\n<\/div>\n<\/div><\/div>","protected":false},"excerpt":{"rendered":"<p>A Core Group agradece imensamente pelo seu contato. Fique \u00e0 vontade para encaminhar sua d\u00favida, cr\u00edtica, sugest\u00e3o ou ainda solicitar a nossa newsletter.<\/p>","protected":false},"author":3,"featured_media":0,"parent":0,"menu_order":0,"comment_status":"closed","ping_status":"closed","template":"","meta":{"footnotes":"","_joinchat":[]},"_links":{"self":[{"href":"https:\/\/coregroup.com.br\/pt-br\/wp-json\/wp\/v2\/pages\/18118"}],"collection":[{"href":"https:\/\/coregroup.com.br\/pt-br\/wp-json\/wp\/v2\/pages"}],"about":[{"href":"https:\/\/coregroup.com.br\/pt-br\/wp-json\/wp\/v2\/types\/page"}],"author":[{"embeddable":true,"href":"https:\/\/coregroup.com.br\/pt-br\/wp-json\/wp\/v2\/users\/3"}],"replies":[{"embeddable":true,"href":"https:\/\/coregroup.com.br\/pt-br\/wp-json\/wp\/v2\/comments?post=18118"}],"version-history":[{"count":0,"href":"https:\/\/coregroup.com.br\/pt-br\/wp-json\/wp\/v2\/pages\/18118\/revisions"}],"wp:attachment":[{"href":"https:\/\/coregroup.com.br\/pt-br\/wp-json\/wp\/v2\/media?parent=18118"}],"curies":[{"name":"wp","href":"https:\/\/api.w.org\/{rel}","templated":true}]}}